{"id":23953,"date":"2026-01-06T09:42:31","date_gmt":"2026-01-06T09:42:31","guid":{"rendered":"http:\/\/prompt-place.com\/product\/arka-uc-kodunun-temiz-olceklenebilir-mimariye-donusturulmesi-deepseek\/"},"modified":"2026-01-06T09:42:31","modified_gmt":"2026-01-06T09:42:31","slug":"arka-uc-kodunun-temiz-olceklenebilir-mimariye-donusturulmesi-deepseek","status":"publish","type":"product","link":"https:\/\/prompt-place.com\/tr\/urun\/arka-uc-kodunun-temiz-olceklenebilir-mimariye-donusturulmesi-deepseek\/","title":{"rendered":"Arka U\u00e7 Kodunun Temiz \u00d6l\u00e7eklenebilir Mimariye D\u00f6n\u00fc\u015ft\u00fcr\u00fclmesi (DeepSeek)"},"content":{"rendered":"<p>Da\u011f\u0131n\u0131k veya eski arka u\u00e7 kodunu temiz, \u00f6l\u00e7eklenebilir ve bak\u0131m\u0131 yap\u0131labilir bir mimariye d\u00f6n\u00fc\u015ft\u00fcrmeye odaklanan bir DeepSeek istemi. Monolitleri yeniden d\u00fczenlemek, h\u0131zl\u0131 b\u00fcy\u00fcyen kod tabanlar\u0131n\u0131 stabilize etmek ve sistemleri uzun vadeli \u00f6l\u00e7eklendirmeye haz\u0131rlamak i\u00e7in idealdir. <\/p>\n","protected":false},"excerpt":{"rendered":"<p>Da\u011f\u0131n\u0131k veya eski arka u\u00e7 kodunu temiz, \u00f6l\u00e7eklenebilir ve bak\u0131m\u0131 yap\u0131labilir bir mimariye d\u00f6n\u00fc\u015ft\u00fcrmeye odaklanan bir DeepSeek istemi. Monolitleri yeniden d\u00fczenlemek, h\u0131zl\u0131 b\u00fcy\u00fcyen kod tabanlar\u0131n\u0131 stabilize etmek ve sistemleri uzun vadeli \u00f6l\u00e7eklendirmeye haz\u0131rlamak i\u00e7in idealdir.<\/p>\n","protected":false},"featured_media":21602,"comment_status":"open","ping_status":"closed","template":"","meta":[],"product_brand":[],"product_cat":[695,347],"product_tag":[2196,1621,2199,2198,2200,2197,1617,1659],"class_list":{"0":"post-23953","1":"product","2":"type-product","3":"status-publish","4":"has-post-thumbnail","6":"product_cat-deepseek-istemleri","7":"product_cat-modeller","8":"product_tag-backend-refactoring","9":"product_tag-deepseek","10":"product_tag-legacy-code","11":"product_tag-olceklenebilir-sistemler","12":"product_tag-sistem-tasarimi","13":"product_tag-temiz-mimari","14":"product_tag-uretime-hazir","15":"product_tag-yazilim-mimarisi","17":"first","18":"instock","19":"downloadable","20":"virtual","21":"product-type-simple"},"_links":{"self":[{"href":"https:\/\/prompt-place.com\/tr\/wp-json\/wp\/v2\/product\/23953","targetHints":{"allow":["GET"]}}],"collection":[{"href":"https:\/\/prompt-place.com\/tr\/wp-json\/wp\/v2\/product"}],"about":[{"href":"https:\/\/prompt-place.com\/tr\/wp-json\/wp\/v2\/types\/product"}],"replies":[{"embeddable":true,"href":"https:\/\/prompt-place.com\/tr\/wp-json\/wp\/v2\/comments?post=23953"}],"wp:featuredmedia":[{"embeddable":true,"href":"https:\/\/prompt-place.com\/tr\/wp-json\/wp\/v2\/media\/21602"}],"wp:attachment":[{"href":"https:\/\/prompt-place.com\/tr\/wp-json\/wp\/v2\/media?parent=23953"}],"wp:term":[{"taxonomy":"product_brand","embeddable":true,"href":"https:\/\/prompt-place.com\/tr\/wp-json\/wp\/v2\/product_brand?post=23953"},{"taxonomy":"product_cat","embeddable":true,"href":"https:\/\/prompt-place.com\/tr\/wp-json\/wp\/v2\/product_cat?post=23953"},{"taxonomy":"product_tag","embeddable":true,"href":"https:\/\/prompt-place.com\/tr\/wp-json\/wp\/v2\/product_tag?post=23953"}],"curies":[{"name":"wp","href":"https:\/\/api.w.org\/{rel}","templated":true}]}}