{"id":23951,"date":"2026-01-06T09:42:21","date_gmt":"2026-01-06T09:42:21","guid":{"rendered":"http:\/\/prompt-place.com\/product\/yapay-zeka-gercek-zamanli-satis-panosu-anomali-tespit-asistani\/"},"modified":"2026-01-06T09:42:21","modified_gmt":"2026-01-06T09:42:21","slug":"yapay-zeka-gercek-zamanli-satis-panosu-anomali-tespit-asistani","status":"publish","type":"product","link":"https:\/\/prompt-place.com\/tr\/urun\/yapay-zeka-gercek-zamanli-satis-panosu-anomali-tespit-asistani\/","title":{"rendered":"Yapay Zeka Ger\u00e7ek Zamanl\u0131 Sat\u0131\u015f Panosu Anomali Tespit Asistan\u0131"},"content":{"rendered":"<p>Bu istem, yapay zeka modellerinin ger\u00e7ek zamanl\u0131 sat\u0131\u015f panolar\u0131ndaki anormallikleri tespit etmesini ve a\u00e7\u0131klamas\u0131n\u0131 sa\u011flar. Sat\u0131\u015f operasyonlar\u0131 ve analitik ekiplerinin ola\u011fand\u0131\u015f\u0131 davran\u0131\u015flar\u0131 h\u0131zla tan\u0131mlamas\u0131na, ciddiyetini de\u011ferlendirmesine ve riskleri azaltmak veya f\u0131rsatlardan yararlanmak i\u00e7in zaman\u0131nda harekete ge\u00e7mesine yard\u0131mc\u0131 olur. <\/p>\n","protected":false},"excerpt":{"rendered":"<p>Bu istem, yapay zeka modellerinin ger\u00e7ek zamanl\u0131 sat\u0131\u015f panolar\u0131ndaki anormallikleri tespit etmesini ve a\u00e7\u0131klamas\u0131n\u0131 sa\u011flar. Sat\u0131\u015f operasyonlar\u0131 ve analitik ekiplerinin ola\u011fand\u0131\u015f\u0131 davran\u0131\u015flar\u0131 h\u0131zla tan\u0131mlamas\u0131na, ciddiyetini de\u011ferlendirmesine ve riskleri azaltmak veya f\u0131rsatlardan yararlanmak i\u00e7in zaman\u0131nda harekete ge\u00e7mesine yard\u0131mc\u0131 olur.<\/p>\n","protected":false},"featured_media":21520,"comment_status":"open","ping_status":"closed","template":"","meta":[],"product_brand":[],"product_cat":[756,347],"product_tag":[2185,2187,2113,2186,2188,2189,1617],"class_list":{"0":"post-23951","1":"product","2":"type-product","3":"status-publish","4":"has-post-thumbnail","6":"product_cat-chatgpt-istemleri","7":"product_cat-modeller","8":"product_tag-anomali-tespiti","9":"product_tag-gercek-zamanli-analiz","10":"product_tag-is-istihbarati","11":"product_tag-performans-izleme","12":"product_tag-satis-gosterge-tablosu","13":"product_tag-satis-ops","14":"product_tag-uretime-hazir","16":"first","17":"instock","18":"downloadable","19":"virtual","20":"product-type-simple"},"_links":{"self":[{"href":"https:\/\/prompt-place.com\/tr\/wp-json\/wp\/v2\/product\/23951","targetHints":{"allow":["GET"]}}],"collection":[{"href":"https:\/\/prompt-place.com\/tr\/wp-json\/wp\/v2\/product"}],"about":[{"href":"https:\/\/prompt-place.com\/tr\/wp-json\/wp\/v2\/types\/product"}],"replies":[{"embeddable":true,"href":"https:\/\/prompt-place.com\/tr\/wp-json\/wp\/v2\/comments?post=23951"}],"wp:featuredmedia":[{"embeddable":true,"href":"https:\/\/prompt-place.com\/tr\/wp-json\/wp\/v2\/media\/21520"}],"wp:attachment":[{"href":"https:\/\/prompt-place.com\/tr\/wp-json\/wp\/v2\/media?parent=23951"}],"wp:term":[{"taxonomy":"product_brand","embeddable":true,"href":"https:\/\/prompt-place.com\/tr\/wp-json\/wp\/v2\/product_brand?post=23951"},{"taxonomy":"product_cat","embeddable":true,"href":"https:\/\/prompt-place.com\/tr\/wp-json\/wp\/v2\/product_cat?post=23951"},{"taxonomy":"product_tag","embeddable":true,"href":"https:\/\/prompt-place.com\/tr\/wp-json\/wp\/v2\/product_tag?post=23951"}],"curies":[{"name":"wp","href":"https:\/\/api.w.org\/{rel}","templated":true}]}}