{"id":23946,"date":"2026-01-06T09:42:22","date_gmt":"2026-01-06T09:42:22","guid":{"rendered":"http:\/\/prompt-place.com\/product\/gun-batiminda-futuristik-yapay-zeka-destekli-sehir-silueti\/"},"modified":"2026-01-06T09:42:22","modified_gmt":"2026-01-06T09:42:22","slug":"gun-batiminda-futuristik-yapay-zeka-destekli-sehir-silueti","status":"publish","type":"product","link":"https:\/\/prompt-place.com\/tr\/urun\/gun-batiminda-futuristik-yapay-zeka-destekli-sehir-silueti\/","title":{"rendered":"G\u00fcn Bat\u0131m\u0131nda F\u00fct\u00fcristik Yapay Zeka Destekli \u015eehir Sil\u00fceti"},"content":{"rendered":"<p>Bu komut istemi, g\u00fcn bat\u0131m\u0131nda sinematik, f\u00fct\u00fcristik bir \u015fehir sil\u00fceti olu\u015fturuyor ve kentsel mimaride geli\u015fmi\u015f yapay zeka entegrasyonunu vurguluyor. Konsept sanat, bilim kurgu g\u00f6rselleri ve yapay zeka destekli gelecek \u015fehirlerin iyimser vizyonlar\u0131n\u0131 sergilemek i\u00e7in idealdir. <\/p>\n","protected":false},"excerpt":{"rendered":"<p>Bu komut istemi, g\u00fcn bat\u0131m\u0131nda sinematik, f\u00fct\u00fcristik bir \u015fehir sil\u00fceti olu\u015fturuyor ve kentsel mimaride geli\u015fmi\u015f yapay zeka entegrasyonunu vurguluyor. Konsept sanat, bilim kurgu g\u00f6rselleri ve yapay zeka destekli gelecek \u015fehirlerin iyimser vizyonlar\u0131n\u0131 sergilemek i\u00e7in idealdir.<\/p>\n","protected":false},"featured_media":21561,"comment_status":"open","ping_status":"closed","template":"","meta":[],"product_brand":[],"product_cat":[746,347],"product_tag":[2163,2167,1954,2164,2166,2168,1955,2165,1617],"class_list":{"0":"post-23946","1":"product","2":"type-product","3":"status-publish","4":"has-post-thumbnail","6":"product_cat-dall-e-ipucu","7":"product_cat-modeller","8":"product_tag-ai-art","9":"product_tag-bilimkurgu","10":"product_tag-dalle","11":"product_tag-futuristik-sehir","12":"product_tag-gun-batimi","13":"product_tag-konsept-sanat","14":"product_tag-sinematik","15":"product_tag-ufuk-cizgisi","16":"product_tag-uretime-hazir","18":"first","19":"instock","20":"downloadable","21":"virtual","22":"product-type-simple"},"_links":{"self":[{"href":"https:\/\/prompt-place.com\/tr\/wp-json\/wp\/v2\/product\/23946","targetHints":{"allow":["GET"]}}],"collection":[{"href":"https:\/\/prompt-place.com\/tr\/wp-json\/wp\/v2\/product"}],"about":[{"href":"https:\/\/prompt-place.com\/tr\/wp-json\/wp\/v2\/types\/product"}],"replies":[{"embeddable":true,"href":"https:\/\/prompt-place.com\/tr\/wp-json\/wp\/v2\/comments?post=23946"}],"wp:featuredmedia":[{"embeddable":true,"href":"https:\/\/prompt-place.com\/tr\/wp-json\/wp\/v2\/media\/21561"}],"wp:attachment":[{"href":"https:\/\/prompt-place.com\/tr\/wp-json\/wp\/v2\/media?parent=23946"}],"wp:term":[{"taxonomy":"product_brand","embeddable":true,"href":"https:\/\/prompt-place.com\/tr\/wp-json\/wp\/v2\/product_brand?post=23946"},{"taxonomy":"product_cat","embeddable":true,"href":"https:\/\/prompt-place.com\/tr\/wp-json\/wp\/v2\/product_cat?post=23946"},{"taxonomy":"product_tag","embeddable":true,"href":"https:\/\/prompt-place.com\/tr\/wp-json\/wp\/v2\/product_tag?post=23946"}],"curies":[{"name":"wp","href":"https:\/\/api.w.org\/{rel}","templated":true}]}}