{"id":23943,"date":"2026-01-06T09:42:22","date_gmt":"2026-01-06T09:42:22","guid":{"rendered":"http:\/\/prompt-place.com\/product\/modern-3d-analitik-gosterge-tablosu-arayuz-tasarimi\/"},"modified":"2026-01-06T09:42:22","modified_gmt":"2026-01-06T09:42:22","slug":"modern-3d-analitik-gosterge-tablosu-arayuz-tasarimi","status":"publish","type":"product","link":"https:\/\/prompt-place.com\/tr\/urun\/modern-3d-analitik-gosterge-tablosu-arayuz-tasarimi\/","title":{"rendered":"Modern 3D Analitik G\u00f6sterge Tablosu Aray\u00fcz Tasar\u0131m\u0131"},"content":{"rendered":"<p>Bu komut istemi, ger\u00e7ek\u00e7i bir 3D tarz\u0131nda modern bir analitik g\u00f6sterge tablosu aray\u00fcz\u00fc olu\u015fturur. SaaS analitik \u00fcr\u00fcnlerini, BI panolar\u0131n\u0131 ve veri odakl\u0131 platformlar\u0131 temiz, y\u00fcksek teknolojili ve profesyonel bir g\u00f6r\u00fcn\u00fcmle g\u00f6rselle\u015ftirmek i\u00e7in idealdir. <\/p>\n","protected":false},"excerpt":{"rendered":"<p>Bu komut istemi, ger\u00e7ek\u00e7i bir 3D tarz\u0131nda modern bir analitik g\u00f6sterge tablosu aray\u00fcz\u00fc olu\u015fturur. SaaS analitik \u00fcr\u00fcnlerini, BI panolar\u0131n\u0131 ve veri odakl\u0131 platformlar\u0131 temiz, y\u00fcksek teknolojili ve profesyonel bir g\u00f6r\u00fcn\u00fcmle g\u00f6rselle\u015ftirmek i\u00e7in idealdir.<\/p>\n","protected":false},"featured_media":21561,"comment_status":"open","ping_status":"closed","template":"","meta":[],"product_brand":[],"product_cat":[746,347],"product_tag":[2148,2149,1954,2154,2150,1617,2152,2114],"class_list":{"0":"post-23943","1":"product","2":"type-product","3":"status-publish","4":"has-post-thumbnail","6":"product_cat-dall-e-ipucu","7":"product_cat-modeller","8":"product_tag-3d-ui","9":"product_tag-analytics-dashboard","10":"product_tag-dalle","11":"product_tag-modern-ui","12":"product_tag-saas-tasarim","13":"product_tag-uretime-hazir","14":"product_tag-urun-tasarimi","15":"product_tag-veri-gorsellestirme","17":"first","18":"instock","19":"downloadable","20":"virtual","21":"product-type-simple"},"_links":{"self":[{"href":"https:\/\/prompt-place.com\/tr\/wp-json\/wp\/v2\/product\/23943","targetHints":{"allow":["GET"]}}],"collection":[{"href":"https:\/\/prompt-place.com\/tr\/wp-json\/wp\/v2\/product"}],"about":[{"href":"https:\/\/prompt-place.com\/tr\/wp-json\/wp\/v2\/types\/product"}],"replies":[{"embeddable":true,"href":"https:\/\/prompt-place.com\/tr\/wp-json\/wp\/v2\/comments?post=23943"}],"wp:featuredmedia":[{"embeddable":true,"href":"https:\/\/prompt-place.com\/tr\/wp-json\/wp\/v2\/media\/21561"}],"wp:attachment":[{"href":"https:\/\/prompt-place.com\/tr\/wp-json\/wp\/v2\/media?parent=23943"}],"wp:term":[{"taxonomy":"product_brand","embeddable":true,"href":"https:\/\/prompt-place.com\/tr\/wp-json\/wp\/v2\/product_brand?post=23943"},{"taxonomy":"product_cat","embeddable":true,"href":"https:\/\/prompt-place.com\/tr\/wp-json\/wp\/v2\/product_cat?post=23943"},{"taxonomy":"product_tag","embeddable":true,"href":"https:\/\/prompt-place.com\/tr\/wp-json\/wp\/v2\/product_tag?post=23943"}],"curies":[{"name":"wp","href":"https:\/\/api.w.org\/{rel}","templated":true}]}}