{"id":23940,"date":"2026-01-06T09:42:37","date_gmt":"2026-01-06T09:42:37","guid":{"rendered":"http:\/\/prompt-place.com\/product\/is-kararlarini-degerlendirmek-icin-akil-yurutmeye-dayali-bir-model-olusturun-deepseek\/"},"modified":"2026-01-06T09:42:37","modified_gmt":"2026-01-06T09:42:37","slug":"is-kararlarini-degerlendirmek-icin-akil-yurutmeye-dayali-bir-model-olusturun-deepseek","status":"publish","type":"product","link":"https:\/\/prompt-place.com\/tr\/urun\/is-kararlarini-degerlendirmek-icin-akil-yurutmeye-dayali-bir-model-olusturun-deepseek\/","title":{"rendered":"\u0130\u015f Kararlar\u0131n\u0131 De\u011ferlendirmek i\u00e7in Ak\u0131l Y\u00fcr\u00fctmeye Dayal\u0131 Bir Model Olu\u015fturun (DeepSeek)"},"content":{"rendered":"<p>A\u011f\u0131rl\u0131kl\u0131 kriterler, ge\u00e7it kontrolleri, senaryo\/hassasiyet analizi ve risk azaltma planlamas\u0131 kullanarak yap\u0131land\u0131r\u0131lm\u0131\u015f, denetlenebilir bir karar-de\u011ferlendirme modeli olu\u015fturan bir DeepSeek istemi. \u015eeffaf gerek\u00e7elerle y\u00fcksek riskli i\u015f kararlar\u0131 alan liderlik ekipleri i\u00e7in idealdir. <\/p>\n","protected":false},"excerpt":{"rendered":"<p>A\u011f\u0131rl\u0131kl\u0131 kriterler, ge\u00e7it kontrolleri, senaryo\/hassasiyet analizi ve risk azaltma planlamas\u0131 kullanarak yap\u0131land\u0131r\u0131lm\u0131\u015f, denetlenebilir bir karar-de\u011ferlendirme modeli olu\u015fturan bir DeepSeek istemi. \u015eeffaf gerek\u00e7elerle y\u00fcksek riskli i\u015f kararlar\u0131 alan liderlik ekipleri i\u00e7in idealdir.<\/p>\n","protected":false},"featured_media":21602,"comment_status":"open","ping_status":"closed","template":"","meta":[],"product_brand":[],"product_cat":[695,347],"product_tag":[1621,2134,2137,1761,2136,1762,2138,1671,1617],"class_list":{"0":"post-23940","1":"product","2":"type-product","3":"status-publish","4":"has-post-thumbnail","6":"product_cat-deepseek-istemleri","7":"product_cat-modeller","8":"product_tag-deepseek","9":"product_tag-is-stratejisi","10":"product_tag-karar-bilim","11":"product_tag-karar-modeli","12":"product_tag-liderlik","13":"product_tag-puanlama-cercevesi","14":"product_tag-risk-azaltma","15":"product_tag-senaryo-analiz","16":"product_tag-uretime-hazir","18":"first","19":"instock","20":"downloadable","21":"virtual","22":"product-type-simple"},"_links":{"self":[{"href":"https:\/\/prompt-place.com\/tr\/wp-json\/wp\/v2\/product\/23940","targetHints":{"allow":["GET"]}}],"collection":[{"href":"https:\/\/prompt-place.com\/tr\/wp-json\/wp\/v2\/product"}],"about":[{"href":"https:\/\/prompt-place.com\/tr\/wp-json\/wp\/v2\/types\/product"}],"replies":[{"embeddable":true,"href":"https:\/\/prompt-place.com\/tr\/wp-json\/wp\/v2\/comments?post=23940"}],"wp:featuredmedia":[{"embeddable":true,"href":"https:\/\/prompt-place.com\/tr\/wp-json\/wp\/v2\/media\/21602"}],"wp:attachment":[{"href":"https:\/\/prompt-place.com\/tr\/wp-json\/wp\/v2\/media?parent=23940"}],"wp:term":[{"taxonomy":"product_brand","embeddable":true,"href":"https:\/\/prompt-place.com\/tr\/wp-json\/wp\/v2\/product_brand?post=23940"},{"taxonomy":"product_cat","embeddable":true,"href":"https:\/\/prompt-place.com\/tr\/wp-json\/wp\/v2\/product_cat?post=23940"},{"taxonomy":"product_tag","embeddable":true,"href":"https:\/\/prompt-place.com\/tr\/wp-json\/wp\/v2\/product_tag?post=23940"}],"curies":[{"name":"wp","href":"https:\/\/api.w.org\/{rel}","templated":true}]}}