{"id":23939,"date":"2026-01-06T09:42:37","date_gmt":"2026-01-06T09:42:37","guid":{"rendered":"http:\/\/prompt-place.com\/product\/cok-adimli-bir-is-surecindeki-mantiksal-hatalari-belirleme-deepseek\/"},"modified":"2026-01-06T09:42:37","modified_gmt":"2026-01-06T09:42:37","slug":"cok-adimli-bir-is-surecindeki-mantiksal-hatalari-belirleme-deepseek","status":"publish","type":"product","link":"https:\/\/prompt-place.com\/tr\/urun\/cok-adimli-bir-is-surecindeki-mantiksal-hatalari-belirleme-deepseek\/","title":{"rendered":"\u00c7ok Ad\u0131ml\u0131 Bir \u0130\u015f S\u00fcrecindeki Mant\u0131ksal Hatalar\u0131 Belirleme (DeepSeek)"},"content":{"rendered":"<p>Karma\u015f\u0131k, \u00e7ok ad\u0131ml\u0131 i\u015f s\u00fcre\u00e7lerindeki mant\u0131ksal hatalar\u0131 te\u015fhis etmek i\u00e7in tasarlanm\u0131\u015f bir DeepSeek istemi. U\u00e7tan uca ak\u0131\u015f\u0131 yeniden yap\u0131land\u0131r\u0131r, s\u0131ralama hatalar\u0131n\u0131 ve ge\u00e7ersiz varsay\u0131mlar\u0131 belirler ve do\u011frulama ad\u0131mlar\u0131yla kesin d\u00fczeltmeler sunar; operasyonlar, \u00fcr\u00fcn ve uyumluluk i\u015f ak\u0131\u015flar\u0131 i\u00e7in idealdir. <\/p>\n","protected":false},"excerpt":{"rendered":"<p>Karma\u015f\u0131k, \u00e7ok ad\u0131ml\u0131 i\u015f s\u00fcre\u00e7lerindeki mant\u0131ksal hatalar\u0131 te\u015fhis etmek i\u00e7in tasarlanm\u0131\u015f bir DeepSeek istemi. U\u00e7tan uca ak\u0131\u015f\u0131 yeniden yap\u0131land\u0131r\u0131r, s\u0131ralama hatalar\u0131n\u0131 ve ge\u00e7ersiz varsay\u0131mlar\u0131 belirler ve do\u011frulama ad\u0131mlar\u0131yla kesin d\u00fczeltmeler sunar; operasyonlar, \u00fcr\u00fcn ve uyumluluk i\u015f ak\u0131\u015flar\u0131 i\u00e7in idealdir.<\/p>\n","protected":false},"featured_media":21602,"comment_status":"open","ping_status":"closed","template":"","meta":[],"product_brand":[],"product_cat":[695,347],"product_tag":[1621,2135,1619,2132,1742,2081,2133,1617],"class_list":{"0":"post-23939","1":"product","2":"type-product","3":"status-publish","4":"has-post-thumbnail","6":"product_cat-deepseek-istemleri","7":"product_cat-modeller","8":"product_tag-deepseek","9":"product_tag-hata-tespiti","10":"product_tag-is-akisi-optimizasyonu","11":"product_tag-is-sureci","12":"product_tag-mantik-analiz","13":"product_tag-operasyonlar","14":"product_tag-surec-tasarimi","15":"product_tag-uretime-hazir","17":"first","18":"instock","19":"downloadable","20":"virtual","21":"product-type-simple"},"_links":{"self":[{"href":"https:\/\/prompt-place.com\/tr\/wp-json\/wp\/v2\/product\/23939","targetHints":{"allow":["GET"]}}],"collection":[{"href":"https:\/\/prompt-place.com\/tr\/wp-json\/wp\/v2\/product"}],"about":[{"href":"https:\/\/prompt-place.com\/tr\/wp-json\/wp\/v2\/types\/product"}],"replies":[{"embeddable":true,"href":"https:\/\/prompt-place.com\/tr\/wp-json\/wp\/v2\/comments?post=23939"}],"wp:featuredmedia":[{"embeddable":true,"href":"https:\/\/prompt-place.com\/tr\/wp-json\/wp\/v2\/media\/21602"}],"wp:attachment":[{"href":"https:\/\/prompt-place.com\/tr\/wp-json\/wp\/v2\/media?parent=23939"}],"wp:term":[{"taxonomy":"product_brand","embeddable":true,"href":"https:\/\/prompt-place.com\/tr\/wp-json\/wp\/v2\/product_brand?post=23939"},{"taxonomy":"product_cat","embeddable":true,"href":"https:\/\/prompt-place.com\/tr\/wp-json\/wp\/v2\/product_cat?post=23939"},{"taxonomy":"product_tag","embeddable":true,"href":"https:\/\/prompt-place.com\/tr\/wp-json\/wp\/v2\/product_tag?post=23939"}],"curies":[{"name":"wp","href":"https:\/\/api.w.org\/{rel}","templated":true}]}}