{"id":23936,"date":"2026-01-06T09:42:37","date_gmt":"2026-01-06T09:42:37","guid":{"rendered":"http:\/\/prompt-place.com\/product\/karmasik-bir-cekme-istegini-yuksek-kaliteli-iyilestirmelerle-inceleyin-deepseek\/"},"modified":"2026-01-06T09:42:37","modified_gmt":"2026-01-06T09:42:37","slug":"karmasik-bir-cekme-istegini-yuksek-kaliteli-iyilestirmelerle-inceleyin-deepseek","status":"publish","type":"product","link":"https:\/\/prompt-place.com\/tr\/urun\/karmasik-bir-cekme-istegini-yuksek-kaliteli-iyilestirmelerle-inceleyin-deepseek\/","title":{"rendered":"Karma\u015f\u0131k Bir \u00c7ekme \u0130ste\u011fini Y\u00fcksek Kaliteli \u0130yile\u015ftirmelerle \u0130nceleyin (DeepSeek)"},"content":{"rendered":"<p>\u00dcst d\u00fczey bir zihniyetle karma\u015f\u0131k \u00e7ekme isteklerini g\u00f6zden ge\u00e7irmek i\u00e7in tasarlanm\u0131\u015f bir DeepSeek istemi. Do\u011fruluk sorunlar\u0131n\u0131, mimari riskleri, performans endi\u015felerini ve s\u00fcrd\u00fcr\u00fclebilirlik sorunlar\u0131n\u0131 belirlemeye yard\u0131mc\u0131 olurken, \u00fcretim kod tabanlar\u0131 i\u00e7in uygun, net, eyleme d\u00f6n\u00fc\u015ft\u00fcr\u00fclebilir ve sayg\u0131l\u0131 geri bildirimler sunar. <\/p>\n","protected":false},"excerpt":{"rendered":"<p>\u00dcst d\u00fczey bir zihniyetle karma\u015f\u0131k \u00e7ekme isteklerini g\u00f6zden ge\u00e7irmek i\u00e7in tasarlanm\u0131\u015f bir DeepSeek istemi. Do\u011fruluk sorunlar\u0131n\u0131, mimari riskleri, performans endi\u015felerini ve s\u00fcrd\u00fcr\u00fclebilirlik sorunlar\u0131n\u0131 belirlemeye yard\u0131mc\u0131 olurken, \u00fcretim kod tabanlar\u0131 i\u00e7in uygun, net, eyleme d\u00f6n\u00fc\u015ft\u00fcr\u00fclebilir ve sayg\u0131l\u0131 geri bildirimler sunar.<\/p>\n","protected":false},"featured_media":21602,"comment_status":"open","ping_status":"closed","template":"","meta":[],"product_brand":[],"product_cat":[695,347],"product_tag":[2119,1621,2122,2117,2115,1661,1617,2121],"class_list":{"0":"post-23936","1":"product","2":"type-product","3":"status-publish","4":"has-post-thumbnail","6":"product_cat-deepseek-istemleri","7":"product_cat-modeller","8":"product_tag-cekme-istek-inceleme","9":"product_tag-deepseek","10":"product_tag-kidemli-muhendislik","11":"product_tag-kod-inceleme","12":"product_tag-performans-analizi","13":"product_tag-surdurulebilirlik","14":"product_tag-uretime-hazir","15":"product_tag-yazilim-kalitesi","17":"first","18":"instock","19":"downloadable","20":"virtual","21":"product-type-simple"},"_links":{"self":[{"href":"https:\/\/prompt-place.com\/tr\/wp-json\/wp\/v2\/product\/23936","targetHints":{"allow":["GET"]}}],"collection":[{"href":"https:\/\/prompt-place.com\/tr\/wp-json\/wp\/v2\/product"}],"about":[{"href":"https:\/\/prompt-place.com\/tr\/wp-json\/wp\/v2\/types\/product"}],"replies":[{"embeddable":true,"href":"https:\/\/prompt-place.com\/tr\/wp-json\/wp\/v2\/comments?post=23936"}],"wp:featuredmedia":[{"embeddable":true,"href":"https:\/\/prompt-place.com\/tr\/wp-json\/wp\/v2\/media\/21602"}],"wp:attachment":[{"href":"https:\/\/prompt-place.com\/tr\/wp-json\/wp\/v2\/media?parent=23936"}],"wp:term":[{"taxonomy":"product_brand","embeddable":true,"href":"https:\/\/prompt-place.com\/tr\/wp-json\/wp\/v2\/product_brand?post=23936"},{"taxonomy":"product_cat","embeddable":true,"href":"https:\/\/prompt-place.com\/tr\/wp-json\/wp\/v2\/product_cat?post=23936"},{"taxonomy":"product_tag","embeddable":true,"href":"https:\/\/prompt-place.com\/tr\/wp-json\/wp\/v2\/product_tag?post=23936"}],"curies":[{"name":"wp","href":"https:\/\/api.w.org\/{rel}","templated":true}]}}