{"id":23935,"date":"2026-01-06T09:42:29","date_gmt":"2026-01-06T09:42:29","guid":{"rendered":"http:\/\/prompt-place.com\/product\/is-analitigi-ekibi-holografik-verilerle-kusatildi\/"},"modified":"2026-01-06T09:42:29","modified_gmt":"2026-01-06T09:42:29","slug":"is-analitigi-ekibi-holografik-verilerle-kusatildi","status":"publish","type":"product","link":"https:\/\/prompt-place.com\/tr\/urun\/is-analitigi-ekibi-holografik-verilerle-kusatildi\/","title":{"rendered":"\u0130\u015f Analiti\u011fi Ekibi Holografik Verilerle Ku\u015fat\u0131ld\u0131"},"content":{"rendered":"<p>Bu komut istemi, holografik veri panolar\u0131 ve yapay zekaya dayal\u0131 i\u00e7g\u00f6r\u00fclerle i\u015fbirli\u011fi yapan bir i\u015f analiti\u011fi ekibinin sinematik bir g\u00f6rselle\u015ftirmesini olu\u015fturur. \u0130\u015f zekas\u0131, veriye dayal\u0131 strateji, analiz platformlar\u0131 ve kurumsal karar alma ortamlar\u0131n\u0131 g\u00f6stermek i\u00e7in idealdir. <\/p>\n","protected":false},"excerpt":{"rendered":"<p>Bu komut istemi, holografik veri panolar\u0131 ve yapay zekaya dayal\u0131 i\u00e7g\u00f6r\u00fclerle i\u015fbirli\u011fi yapan bir i\u015f analiti\u011fi ekibinin sinematik bir g\u00f6rselle\u015ftirmesini olu\u015fturur. \u0130\u015f zekas\u0131, veriye dayal\u0131 strateji, analiz platformlar\u0131 ve kurumsal karar alma ortamlar\u0131n\u0131 g\u00f6stermek i\u00e7in idealdir.<\/p>\n","protected":false},"featured_media":21561,"comment_status":"open","ping_status":"closed","template":"","meta":[],"product_brand":[],"product_cat":[746,347],"product_tag":[2120,1954,2118,2116,2113,1955,1617,2114],"class_list":{"0":"post-23935","1":"product","2":"type-product","3":"status-publish","4":"has-post-thumbnail","6":"product_cat-dall-e-ipucu","7":"product_cat-modeller","8":"product_tag-analitik-ekip","9":"product_tag-dalle","10":"product_tag-holografik-veri","11":"product_tag-is-analitigi","12":"product_tag-is-istihbarati","13":"product_tag-sinematik","14":"product_tag-uretime-hazir","15":"product_tag-veri-gorsellestirme","17":"first","18":"instock","19":"downloadable","20":"virtual","21":"product-type-simple"},"_links":{"self":[{"href":"https:\/\/prompt-place.com\/tr\/wp-json\/wp\/v2\/product\/23935","targetHints":{"allow":["GET"]}}],"collection":[{"href":"https:\/\/prompt-place.com\/tr\/wp-json\/wp\/v2\/product"}],"about":[{"href":"https:\/\/prompt-place.com\/tr\/wp-json\/wp\/v2\/types\/product"}],"replies":[{"embeddable":true,"href":"https:\/\/prompt-place.com\/tr\/wp-json\/wp\/v2\/comments?post=23935"}],"wp:featuredmedia":[{"embeddable":true,"href":"https:\/\/prompt-place.com\/tr\/wp-json\/wp\/v2\/media\/21561"}],"wp:attachment":[{"href":"https:\/\/prompt-place.com\/tr\/wp-json\/wp\/v2\/media?parent=23935"}],"wp:term":[{"taxonomy":"product_brand","embeddable":true,"href":"https:\/\/prompt-place.com\/tr\/wp-json\/wp\/v2\/product_brand?post=23935"},{"taxonomy":"product_cat","embeddable":true,"href":"https:\/\/prompt-place.com\/tr\/wp-json\/wp\/v2\/product_cat?post=23935"},{"taxonomy":"product_tag","embeddable":true,"href":"https:\/\/prompt-place.com\/tr\/wp-json\/wp\/v2\/product_tag?post=23935"}],"curies":[{"name":"wp","href":"https:\/\/api.w.org\/{rel}","templated":true}]}}