{"id":23932,"date":"2026-01-06T09:42:37","date_gmt":"2026-01-06T09:42:37","guid":{"rendered":"http:\/\/prompt-place.com\/product\/bulut-altyapi-maliyetlerini-degerlendirin-ve-optimizasyonlar-onerin-deepseek\/"},"modified":"2026-01-06T09:42:37","modified_gmt":"2026-01-06T09:42:37","slug":"bulut-altyapi-maliyetlerini-degerlendirin-ve-optimizasyonlar-onerin-deepseek","status":"publish","type":"product","link":"https:\/\/prompt-place.com\/tr\/urun\/bulut-altyapi-maliyetlerini-degerlendirin-ve-optimizasyonlar-onerin-deepseek\/","title":{"rendered":"Bulut Altyap\u0131 Maliyetlerini De\u011ferlendirin ve Optimizasyonlar \u00d6nerin (DeepSeek)"},"content":{"rendered":"<p>Bulut altyap\u0131s\u0131 maliyetlerini de\u011ferlendirmek ve eyleme ge\u00e7irilebilir, \u00fcretim a\u00e7\u0131s\u0131ndan g\u00fcvenli optimizasyon \u00f6nerileri sunmak i\u00e7in bir DeepSeek istemi. \u0130sraf\u0131 belirlemeye, kaynaklar\u0131 do\u011fru boyutland\u0131rmaya, taahh\u00fctlerden yararlanmaya ve g\u00fcvenilirlik veya g\u00fcvenlikten \u00f6d\u00fcn vermeden FinOps uygulamalar\u0131 olu\u015fturmaya odaklan\u0131r. <\/p>\n","protected":false},"excerpt":{"rendered":"<p>Bulut altyap\u0131s\u0131 maliyetlerini de\u011ferlendirmek ve eyleme ge\u00e7irilebilir, \u00fcretim a\u00e7\u0131s\u0131ndan g\u00fcvenli optimizasyon \u00f6nerileri sunmak i\u00e7in bir DeepSeek istemi. \u0130sraf\u0131 belirlemeye, kaynaklar\u0131 do\u011fru boyutland\u0131rmaya, taahh\u00fctlerden yararlanmaya ve g\u00fcvenilirlik veya g\u00fcvenlikten \u00f6d\u00fcn vermeden FinOps uygulamalar\u0131 olu\u015fturmaya odaklan\u0131r.<\/p>\n","protected":false},"featured_media":21602,"comment_status":"open","ping_status":"closed","template":"","meta":[],"product_brand":[],"product_cat":[695,347],"product_tag":[2094,2096,2092,1621,2103,2093,2101,2099,1617],"class_list":{"0":"post-23932","1":"product","2":"type-product","3":"status-publish","4":"has-post-thumbnail","6":"product_cat-deepseek-istemleri","7":"product_cat-modeller","8":"product_tag-altyapi-maliyetleri","9":"product_tag-aws","10":"product_tag-bulut-maliyet-optimizasyonu","11":"product_tag-deepseek","12":"product_tag-dogru-boyutlandirma","13":"product_tag-finops","14":"product_tag-gcp","15":"product_tag-masmavi","16":"product_tag-uretime-hazir","18":"first","19":"instock","20":"downloadable","21":"virtual","22":"product-type-simple"},"_links":{"self":[{"href":"https:\/\/prompt-place.com\/tr\/wp-json\/wp\/v2\/product\/23932","targetHints":{"allow":["GET"]}}],"collection":[{"href":"https:\/\/prompt-place.com\/tr\/wp-json\/wp\/v2\/product"}],"about":[{"href":"https:\/\/prompt-place.com\/tr\/wp-json\/wp\/v2\/types\/product"}],"replies":[{"embeddable":true,"href":"https:\/\/prompt-place.com\/tr\/wp-json\/wp\/v2\/comments?post=23932"}],"wp:featuredmedia":[{"embeddable":true,"href":"https:\/\/prompt-place.com\/tr\/wp-json\/wp\/v2\/media\/21602"}],"wp:attachment":[{"href":"https:\/\/prompt-place.com\/tr\/wp-json\/wp\/v2\/media?parent=23932"}],"wp:term":[{"taxonomy":"product_brand","embeddable":true,"href":"https:\/\/prompt-place.com\/tr\/wp-json\/wp\/v2\/product_brand?post=23932"},{"taxonomy":"product_cat","embeddable":true,"href":"https:\/\/prompt-place.com\/tr\/wp-json\/wp\/v2\/product_cat?post=23932"},{"taxonomy":"product_tag","embeddable":true,"href":"https:\/\/prompt-place.com\/tr\/wp-json\/wp\/v2\/product_tag?post=23932"}],"curies":[{"name":"wp","href":"https:\/\/api.w.org\/{rel}","templated":true}]}}