{"id":23930,"date":"2026-01-06T09:42:21","date_gmt":"2026-01-06T09:42:21","guid":{"rendered":"http:\/\/prompt-place.com\/product\/gecmis-kaliplari-kullanan-yapay-zeka-envanter-talep-tahmin-asistani\/"},"modified":"2026-03-05T08:16:22","modified_gmt":"2026-03-05T08:16:22","slug":"gecmis-kaliplari-kullanan-yapay-zeka-envanter-talep-tahmin-asistani","status":"publish","type":"product","link":"https:\/\/prompt-place.com\/tr\/urun\/gecmis-kaliplari-kullanan-yapay-zeka-envanter-talep-tahmin-asistani\/","title":{"rendered":"Ge\u00e7mi\u015f Kal\u0131plar\u0131 Kullanan Yapay Zeka Envanter Talep Tahmin Asistan\u0131"},"content":{"rendered":"<p>Bu istem, yapay zeka modellerinin ge\u00e7mi\u015f talep modellerini analiz ederek envanter ihtiya\u00e7lar\u0131n\u0131 tahmin etmesini sa\u011flar. Tedarik zinciri ve operasyon ekiplerinin talebi \u00f6ng\u00f6rmesine, stoksuzluklar\u0131 ve a\u015f\u0131r\u0131 stoklamay\u0131 azaltmas\u0131na ve veriye dayal\u0131 envanter planlama kararlar\u0131 almas\u0131na yard\u0131mc\u0131 olur. <\/p>\n","protected":false},"excerpt":{"rendered":"<p>Bu istem, yapay zeka modellerinin ge\u00e7mi\u015f talep modellerini analiz ederek envanter ihtiya\u00e7lar\u0131n\u0131 tahmin etmesini sa\u011flar. Tedarik zinciri ve operasyon ekiplerinin talebi \u00f6ng\u00f6rmesine, stoksuzluklar\u0131 ve a\u015f\u0131r\u0131 stoklamay\u0131 azaltmas\u0131na ve veriye dayal\u0131 envanter planlama kararlar\u0131 almas\u0131na yard\u0131mc\u0131 olur.<\/p>\n","protected":false},"featured_media":21520,"comment_status":"open","ping_status":"closed","template":"","meta":[],"product_brand":[],"product_cat":[756,347],"product_tag":[2083,2086,2081,2082,2084,2085,1617],"class_list":{"0":"post-23930","1":"product","2":"type-product","3":"status-publish","4":"has-post-thumbnail","6":"product_cat-chatgpt-istemleri","7":"product_cat-modeller","8":"product_tag-envanter-tahmini","9":"product_tag-envanter-yonetimi","10":"product_tag-operasyonlar","11":"product_tag-predictive-analytics","12":"product_tag-talep-planlama","13":"product_tag-tedarik-zinciri","14":"product_tag-uretime-hazir","16":"first","17":"instock","18":"downloadable","19":"virtual","20":"product-type-simple"},"_links":{"self":[{"href":"https:\/\/prompt-place.com\/tr\/wp-json\/wp\/v2\/product\/23930","targetHints":{"allow":["GET"]}}],"collection":[{"href":"https:\/\/prompt-place.com\/tr\/wp-json\/wp\/v2\/product"}],"about":[{"href":"https:\/\/prompt-place.com\/tr\/wp-json\/wp\/v2\/types\/product"}],"replies":[{"embeddable":true,"href":"https:\/\/prompt-place.com\/tr\/wp-json\/wp\/v2\/comments?post=23930"}],"wp:featuredmedia":[{"embeddable":true,"href":"https:\/\/prompt-place.com\/tr\/wp-json\/wp\/v2\/media\/21520"}],"wp:attachment":[{"href":"https:\/\/prompt-place.com\/tr\/wp-json\/wp\/v2\/media?parent=23930"}],"wp:term":[{"taxonomy":"product_brand","embeddable":true,"href":"https:\/\/prompt-place.com\/tr\/wp-json\/wp\/v2\/product_brand?post=23930"},{"taxonomy":"product_cat","embeddable":true,"href":"https:\/\/prompt-place.com\/tr\/wp-json\/wp\/v2\/product_cat?post=23930"},{"taxonomy":"product_tag","embeddable":true,"href":"https:\/\/prompt-place.com\/tr\/wp-json\/wp\/v2\/product_tag?post=23930"}],"curies":[{"name":"wp","href":"https:\/\/api.w.org\/{rel}","templated":true}]}}