{"id":23923,"date":"2026-01-06T09:42:22","date_gmt":"2026-01-06T09:42:22","guid":{"rendered":"http:\/\/prompt-place.com\/product\/yapay-zeka-mevsimsel-oruntu-tespiti-ve-dis-korelasyon-analiz-asistani\/"},"modified":"2026-01-06T09:42:22","modified_gmt":"2026-01-06T09:42:22","slug":"yapay-zeka-mevsimsel-oruntu-tespiti-ve-dis-korelasyon-analiz-asistani","status":"publish","type":"product","link":"https:\/\/prompt-place.com\/tr\/urun\/yapay-zeka-mevsimsel-oruntu-tespiti-ve-dis-korelasyon-analiz-asistani\/","title":{"rendered":"Yapay Zeka Mevsimsel \u00d6r\u00fcnt\u00fc Tespiti ve D\u0131\u015f Korelasyon Analiz Asistan\u0131"},"content":{"rendered":"<p>Bu istem, yapay zeka modellerinin i\u015f zaman serisi verilerindeki mevsimsel kal\u0131plar\u0131 tespit etmesini ve bunlar\u0131 tatiller, kampanyalar veya ekonomik sinyaller gibi d\u0131\u015f fakt\u00f6rlerle ili\u015fkilendirmesini sa\u011flar. Ekiplerin mevsimsel etkenleri anlayarak tahmin, planlama ve stratejik karar alma s\u00fcre\u00e7lerini iyile\u015ftirmelerine yard\u0131mc\u0131 olur. <\/p>\n","protected":false},"excerpt":{"rendered":"<p>Bu istem, yapay zeka modellerinin i\u015f zaman serisi verilerindeki mevsimsel kal\u0131plar\u0131 tespit etmesini ve bunlar\u0131 tatiller, kampanyalar veya ekonomik sinyaller gibi d\u0131\u015f fakt\u00f6rlerle ili\u015fkilendirmesini sa\u011flar. Ekiplerin mevsimsel etkenleri anlayarak tahmin, planlama ve stratejik karar alma s\u00fcre\u00e7lerini iyile\u015ftirmelerine yard\u0131mc\u0131 olur.<\/p>\n","protected":false},"featured_media":21520,"comment_status":"open","ping_status":"closed","template":"","meta":[],"product_brand":[],"product_cat":[756,347],"product_tag":[2052,2051,2050,1670,1617,2049,1668],"class_list":{"0":"post-23923","1":"product","2":"type-product","3":"status-publish","4":"has-post-thumbnail","6":"product_cat-chatgpt-istemleri","7":"product_cat-modeller","8":"product_tag-is-planlama","9":"product_tag-korelasyon-analizi","10":"product_tag-mevsimsellik-analizi","11":"product_tag-tahmin","12":"product_tag-uretime-hazir","13":"product_tag-veri-analitigi","14":"product_tag-zaman-serileri","16":"first","17":"instock","18":"downloadable","19":"virtual","20":"product-type-simple"},"_links":{"self":[{"href":"https:\/\/prompt-place.com\/tr\/wp-json\/wp\/v2\/product\/23923","targetHints":{"allow":["GET"]}}],"collection":[{"href":"https:\/\/prompt-place.com\/tr\/wp-json\/wp\/v2\/product"}],"about":[{"href":"https:\/\/prompt-place.com\/tr\/wp-json\/wp\/v2\/types\/product"}],"replies":[{"embeddable":true,"href":"https:\/\/prompt-place.com\/tr\/wp-json\/wp\/v2\/comments?post=23923"}],"wp:featuredmedia":[{"embeddable":true,"href":"https:\/\/prompt-place.com\/tr\/wp-json\/wp\/v2\/media\/21520"}],"wp:attachment":[{"href":"https:\/\/prompt-place.com\/tr\/wp-json\/wp\/v2\/media?parent=23923"}],"wp:term":[{"taxonomy":"product_brand","embeddable":true,"href":"https:\/\/prompt-place.com\/tr\/wp-json\/wp\/v2\/product_brand?post=23923"},{"taxonomy":"product_cat","embeddable":true,"href":"https:\/\/prompt-place.com\/tr\/wp-json\/wp\/v2\/product_cat?post=23923"},{"taxonomy":"product_tag","embeddable":true,"href":"https:\/\/prompt-place.com\/tr\/wp-json\/wp\/v2\/product_tag?post=23923"}],"curies":[{"name":"wp","href":"https:\/\/api.w.org\/{rel}","templated":true}]}}