{"id":23922,"date":"2026-01-06T09:42:29","date_gmt":"2026-01-06T09:42:29","guid":{"rendered":"http:\/\/prompt-place.com\/product\/gelecegin-sehrinde-paket-teslimati-yapan-robotlar\/"},"modified":"2026-01-06T09:42:29","modified_gmt":"2026-01-06T09:42:29","slug":"gelecegin-sehrinde-paket-teslimati-yapan-robotlar","status":"publish","type":"product","link":"https:\/\/prompt-place.com\/tr\/urun\/gelecegin-sehrinde-paket-teslimati-yapan-robotlar\/","title":{"rendered":"Gelece\u011fin \u015eehrinde Paket Teslimat\u0131 Yapan Robotlar"},"content":{"rendered":"<p>Bu komut istemi, gelece\u011fin ak\u0131ll\u0131 bir \u015fehrinde paket teslimat\u0131 yapan otonom robotlar\u0131n sinematik bir g\u00f6rselle\u015ftirmesini olu\u015fturur. Son kilometre lojisti\u011fi, ak\u0131ll\u0131 \u015fehir altyap\u0131s\u0131, robotik ve yeni nesil e-ticaret teslimat sistemlerini g\u00f6stermek i\u00e7in idealdir. <\/p>\n","protected":false},"excerpt":{"rendered":"<p>Bu komut istemi, gelece\u011fin ak\u0131ll\u0131 bir \u015fehrinde paket teslimat\u0131 yapan otonom robotlar\u0131n sinematik bir g\u00f6rselle\u015ftirmesini olu\u015fturur. Son kilometre lojisti\u011fi, ak\u0131ll\u0131 \u015fehir altyap\u0131s\u0131, robotik ve yeni nesil e-ticaret teslimat sistemlerini g\u00f6stermek i\u00e7in idealdir.<\/p>\n","protected":false},"featured_media":21561,"comment_status":"open","ping_status":"closed","template":"","meta":[],"product_brand":[],"product_cat":[746,347],"product_tag":[2007,1954,2046,2048,2047,2044,1955,2045,1617],"class_list":{"0":"post-23922","1":"product","2":"type-product","3":"status-publish","4":"has-post-thumbnail","6":"product_cat-dall-e-ipucu","7":"product_cat-modeller","8":"product_tag-akilli-sehir","9":"product_tag-dalle","10":"product_tag-gelecek-sehir","11":"product_tag-kentsel-gelecek","12":"product_tag-otonom-lojistik","13":"product_tag-robotik","14":"product_tag-sinematik","15":"product_tag-teslimat-robotlari","16":"product_tag-uretime-hazir","18":"first","19":"instock","20":"downloadable","21":"virtual","22":"product-type-simple"},"_links":{"self":[{"href":"https:\/\/prompt-place.com\/tr\/wp-json\/wp\/v2\/product\/23922","targetHints":{"allow":["GET"]}}],"collection":[{"href":"https:\/\/prompt-place.com\/tr\/wp-json\/wp\/v2\/product"}],"about":[{"href":"https:\/\/prompt-place.com\/tr\/wp-json\/wp\/v2\/types\/product"}],"replies":[{"embeddable":true,"href":"https:\/\/prompt-place.com\/tr\/wp-json\/wp\/v2\/comments?post=23922"}],"wp:featuredmedia":[{"embeddable":true,"href":"https:\/\/prompt-place.com\/tr\/wp-json\/wp\/v2\/media\/21561"}],"wp:attachment":[{"href":"https:\/\/prompt-place.com\/tr\/wp-json\/wp\/v2\/media?parent=23922"}],"wp:term":[{"taxonomy":"product_brand","embeddable":true,"href":"https:\/\/prompt-place.com\/tr\/wp-json\/wp\/v2\/product_brand?post=23922"},{"taxonomy":"product_cat","embeddable":true,"href":"https:\/\/prompt-place.com\/tr\/wp-json\/wp\/v2\/product_cat?post=23922"},{"taxonomy":"product_tag","embeddable":true,"href":"https:\/\/prompt-place.com\/tr\/wp-json\/wp\/v2\/product_tag?post=23922"}],"curies":[{"name":"wp","href":"https:\/\/api.w.org\/{rel}","templated":true}]}}