{"id":23921,"date":"2026-01-06T09:42:29","date_gmt":"2026-01-06T09:42:29","guid":{"rendered":"http:\/\/prompt-place.com\/product\/bir-yapay-zeka-girisimi-icin-modern-logo-tasarimi\/"},"modified":"2026-01-06T09:42:29","modified_gmt":"2026-01-06T09:42:29","slug":"bir-yapay-zeka-girisimi-icin-modern-logo-tasarimi","status":"publish","type":"product","link":"https:\/\/prompt-place.com\/tr\/urun\/bir-yapay-zeka-girisimi-icin-modern-logo-tasarimi\/","title":{"rendered":"Bir Yapay Zeka Giri\u015fimi i\u00e7in Modern Logo Tasar\u0131m\u0131"},"content":{"rendered":"<p>Bu komut istemi, bir yapay zeka giri\u015fimi i\u00e7in soyut ve minimalist bir g\u00f6rsel dil kullanarak sade ve modern bir logo konsepti olu\u015fturuyor. Dijital \u00fcr\u00fcnlerde ve pazarlama materyallerinde inovasyon, zeka ve g\u00fcven ileten g\u00fc\u00e7l\u00fc bir marka kimli\u011fi olu\u015fturmak i\u00e7in ideal. <\/p>\n","protected":false},"excerpt":{"rendered":"<p>Bu komut istemi, bir yapay zeka giri\u015fimi i\u00e7in soyut ve minimalist bir g\u00f6rsel dil kullanarak sade ve modern bir logo konsepti olu\u015fturuyor. Dijital \u00fcr\u00fcnlerde ve pazarlama materyallerinde inovasyon, zeka ve g\u00fcven ileten g\u00fc\u00e7l\u00fc bir marka kimli\u011fi olu\u015fturmak i\u00e7in ideal.<\/p>\n","protected":false},"featured_media":21561,"comment_status":"open","ping_status":"closed","template":"","meta":[],"product_brand":[],"product_cat":[746,347],"product_tag":[2039,1954,2040,2041,2042,2038,2043,1617],"class_list":{"0":"post-23921","1":"product","2":"type-product","3":"status-publish","4":"has-post-thumbnail","6":"product_cat-dall-e-ipucu","7":"product_cat-modeller","8":"product_tag-ai-startup","9":"product_tag-dalle","10":"product_tag-logo-tasarim","11":"product_tag-marka-kimligi","12":"product_tag-minimalist-logo","13":"product_tag-modern-tasarim","14":"product_tag-teknoloji-markalasma","15":"product_tag-uretime-hazir","17":"first","18":"instock","19":"downloadable","20":"virtual","21":"product-type-simple"},"_links":{"self":[{"href":"https:\/\/prompt-place.com\/tr\/wp-json\/wp\/v2\/product\/23921","targetHints":{"allow":["GET"]}}],"collection":[{"href":"https:\/\/prompt-place.com\/tr\/wp-json\/wp\/v2\/product"}],"about":[{"href":"https:\/\/prompt-place.com\/tr\/wp-json\/wp\/v2\/types\/product"}],"replies":[{"embeddable":true,"href":"https:\/\/prompt-place.com\/tr\/wp-json\/wp\/v2\/comments?post=23921"}],"wp:featuredmedia":[{"embeddable":true,"href":"https:\/\/prompt-place.com\/tr\/wp-json\/wp\/v2\/media\/21561"}],"wp:attachment":[{"href":"https:\/\/prompt-place.com\/tr\/wp-json\/wp\/v2\/media?parent=23921"}],"wp:term":[{"taxonomy":"product_brand","embeddable":true,"href":"https:\/\/prompt-place.com\/tr\/wp-json\/wp\/v2\/product_brand?post=23921"},{"taxonomy":"product_cat","embeddable":true,"href":"https:\/\/prompt-place.com\/tr\/wp-json\/wp\/v2\/product_cat?post=23921"},{"taxonomy":"product_tag","embeddable":true,"href":"https:\/\/prompt-place.com\/tr\/wp-json\/wp\/v2\/product_tag?post=23921"}],"curies":[{"name":"wp","href":"https:\/\/api.w.org\/{rel}","templated":true}]}}