{"id":23917,"date":"2026-01-06T09:42:29","date_gmt":"2026-01-06T09:42:29","guid":{"rendered":"http:\/\/prompt-place.com\/product\/kentsel-analitik-verilerini-yakalayan-otonom-drone\/"},"modified":"2026-01-06T09:42:29","modified_gmt":"2026-01-06T09:42:29","slug":"kentsel-analitik-verilerini-yakalayan-otonom-drone","status":"publish","type":"product","link":"https:\/\/prompt-place.com\/tr\/urun\/kentsel-analitik-verilerini-yakalayan-otonom-drone\/","title":{"rendered":"Kentsel Analitik Verilerini Yakalayan Otonom Drone"},"content":{"rendered":"<p>Bu komut istemi, holografik kaplamalarla kentsel analiz verileri toplayan otonom bir drone&#8217;un sinematik bir g\u00f6rselle\u015ftirmesini olu\u015fturur. Ak\u0131ll\u0131 \u015fehirler, kentsel zeka, otonom sistemler ve veri odakl\u0131 \u015fehir y\u00f6netimini g\u00f6stermek i\u00e7in idealdir. <\/p>\n","protected":false},"excerpt":{"rendered":"<p>Bu komut istemi, holografik kaplamalarla kentsel analiz verileri toplayan otonom bir drone&#8217;un sinematik bir g\u00f6rselle\u015ftirmesini olu\u015fturur. Ak\u0131ll\u0131 \u015fehirler, kentsel zeka, otonom sistemler ve veri odakl\u0131 \u015fehir y\u00f6netimini g\u00f6stermek i\u00e7in idealdir.<\/p>\n","protected":false},"featured_media":21561,"comment_status":"open","ping_status":"closed","template":"","meta":[],"product_brand":[],"product_cat":[746,347],"product_tag":[2019,2007,1954,2020,2016,2013,2010,1955,1617],"class_list":{"0":"post-23917","1":"product","2":"type-product","3":"status-publish","4":"has-post-thumbnail","6":"product_cat-dall-e-ipucu","7":"product_cat-modeller","8":"product_tag-ai-vision","9":"product_tag-akilli-sehir","10":"product_tag-dalle","11":"product_tag-govtech","12":"product_tag-hava-veri","13":"product_tag-kentsel-analiz","14":"product_tag-otonom-drone","15":"product_tag-sinematik","16":"product_tag-uretime-hazir","18":"first","19":"instock","20":"downloadable","21":"virtual","22":"product-type-simple"},"_links":{"self":[{"href":"https:\/\/prompt-place.com\/tr\/wp-json\/wp\/v2\/product\/23917","targetHints":{"allow":["GET"]}}],"collection":[{"href":"https:\/\/prompt-place.com\/tr\/wp-json\/wp\/v2\/product"}],"about":[{"href":"https:\/\/prompt-place.com\/tr\/wp-json\/wp\/v2\/types\/product"}],"replies":[{"embeddable":true,"href":"https:\/\/prompt-place.com\/tr\/wp-json\/wp\/v2\/comments?post=23917"}],"wp:featuredmedia":[{"embeddable":true,"href":"https:\/\/prompt-place.com\/tr\/wp-json\/wp\/v2\/media\/21561"}],"wp:attachment":[{"href":"https:\/\/prompt-place.com\/tr\/wp-json\/wp\/v2\/media?parent=23917"}],"wp:term":[{"taxonomy":"product_brand","embeddable":true,"href":"https:\/\/prompt-place.com\/tr\/wp-json\/wp\/v2\/product_brand?post=23917"},{"taxonomy":"product_cat","embeddable":true,"href":"https:\/\/prompt-place.com\/tr\/wp-json\/wp\/v2\/product_cat?post=23917"},{"taxonomy":"product_tag","embeddable":true,"href":"https:\/\/prompt-place.com\/tr\/wp-json\/wp\/v2\/product_tag?post=23917"}],"curies":[{"name":"wp","href":"https:\/\/api.w.org\/{rel}","templated":true}]}}