{"id":23910,"date":"2026-01-06T09:42:29","date_gmt":"2026-01-06T09:42:29","guid":{"rendered":"http:\/\/prompt-place.com\/product\/blockchain-islemleri-parlayan-zincirler-olarak-gorsellestirildi\/"},"modified":"2026-01-06T09:42:29","modified_gmt":"2026-01-06T09:42:29","slug":"blockchain-islemleri-parlayan-zincirler-olarak-gorsellestirildi","status":"publish","type":"product","link":"https:\/\/prompt-place.com\/tr\/urun\/blockchain-islemleri-parlayan-zincirler-olarak-gorsellestirildi\/","title":{"rendered":"Blockchain \u0130\u015flemleri Parlayan Zincirler Olarak G\u00f6rselle\u015ftirildi"},"content":{"rendered":"<p>Bu komut istemi, parlayan zincirler ve bloklar olarak temsil edilen blok zinciri i\u015flemlerinin soyut, f\u00fct\u00fcristik bir g\u00f6rselle\u015ftirmesini olu\u015fturur. Fintech, kripto ve da\u011f\u0131t\u0131k defter teknolojisi g\u00f6rsellerinde ademi merkeziyet\u00e7ilik, g\u00fcvenlik ve g\u00fcveni g\u00f6stermek i\u00e7in idealdir. <\/p>\n","protected":false},"excerpt":{"rendered":"<p>Bu komut istemi, parlayan zincirler ve bloklar olarak temsil edilen blok zinciri i\u015flemlerinin soyut, f\u00fct\u00fcristik bir g\u00f6rselle\u015ftirmesini olu\u015fturur. Fintech, kripto ve da\u011f\u0131t\u0131k defter teknolojisi g\u00f6rsellerinde ademi merkeziyet\u00e7ilik, g\u00fcvenlik ve g\u00fcveni g\u00f6stermek i\u00e7in idealdir.<\/p>\n","protected":false},"featured_media":21561,"comment_status":"open","ping_status":"closed","template":"","meta":[],"product_brand":[],"product_cat":[746,347],"product_tag":[1975,1978,1954,1974,1972,1976,1977,1973,1617],"class_list":{"0":"post-23910","1":"product","2":"type-product","3":"status-publish","4":"has-post-thumbnail","6":"product_cat-dall-e-ipucu","7":"product_cat-modeller","8":"product_tag-blok-zinciri","9":"product_tag-dagitilmis-defter","10":"product_tag-dalle","11":"product_tag-fintech","12":"product_tag-futuristik-tasarim","13":"product_tag-kripto-islemleri","14":"product_tag-parlayan-zincirler","15":"product_tag-soyut-gorsellestirme","16":"product_tag-uretime-hazir","18":"first","19":"instock","20":"downloadable","21":"virtual","22":"product-type-simple"},"_links":{"self":[{"href":"https:\/\/prompt-place.com\/tr\/wp-json\/wp\/v2\/product\/23910","targetHints":{"allow":["GET"]}}],"collection":[{"href":"https:\/\/prompt-place.com\/tr\/wp-json\/wp\/v2\/product"}],"about":[{"href":"https:\/\/prompt-place.com\/tr\/wp-json\/wp\/v2\/types\/product"}],"replies":[{"embeddable":true,"href":"https:\/\/prompt-place.com\/tr\/wp-json\/wp\/v2\/comments?post=23910"}],"wp:featuredmedia":[{"embeddable":true,"href":"https:\/\/prompt-place.com\/tr\/wp-json\/wp\/v2\/media\/21561"}],"wp:attachment":[{"href":"https:\/\/prompt-place.com\/tr\/wp-json\/wp\/v2\/media?parent=23910"}],"wp:term":[{"taxonomy":"product_brand","embeddable":true,"href":"https:\/\/prompt-place.com\/tr\/wp-json\/wp\/v2\/product_brand?post=23910"},{"taxonomy":"product_cat","embeddable":true,"href":"https:\/\/prompt-place.com\/tr\/wp-json\/wp\/v2\/product_cat?post=23910"},{"taxonomy":"product_tag","embeddable":true,"href":"https:\/\/prompt-place.com\/tr\/wp-json\/wp\/v2\/product_tag?post=23910"}],"curies":[{"name":"wp","href":"https:\/\/api.w.org\/{rel}","templated":true}]}}