{"id":23909,"date":"2026-01-06T09:42:29","date_gmt":"2026-01-06T09:42:29","guid":{"rendered":"http:\/\/prompt-place.com\/product\/altin-buyume-oklari-ile-is-yatirimi-konsepti\/"},"modified":"2026-01-06T09:42:29","modified_gmt":"2026-01-06T09:42:29","slug":"altin-buyume-oklari-ile-is-yatirimi-konsepti","status":"publish","type":"product","link":"https:\/\/prompt-place.com\/tr\/urun\/altin-buyume-oklari-ile-is-yatirimi-konsepti\/","title":{"rendered":"Alt\u0131n B\u00fcy\u00fcme Oklar\u0131 ile \u0130\u015f Yat\u0131r\u0131m\u0131 Konsepti"},"content":{"rendered":"<p>Bu bilgi istemi, yukar\u0131 do\u011fru alt\u0131n oklar kullanarak i\u015f yat\u0131r\u0131m\u0131 ve b\u00fcy\u00fcmesinin sinematik, istek uyand\u0131ran bir g\u00f6rselle\u015ftirmesini olu\u015fturur. Yat\u0131r\u0131mc\u0131 destelerinde, pazarlama materyallerinde ve y\u00f6netici sunumlar\u0131nda finansal ba\u015far\u0131y\u0131, yat\u0131r\u0131m getirisi b\u00fcy\u00fcmesini ve stratejik ivmeyi g\u00f6stermek i\u00e7in idealdir. <\/p>\n","protected":false},"excerpt":{"rendered":"<p>Bu bilgi istemi, yukar\u0131 do\u011fru alt\u0131n oklar kullanarak i\u015f yat\u0131r\u0131m\u0131 ve b\u00fcy\u00fcmesinin sinematik, istek uyand\u0131ran bir g\u00f6rselle\u015ftirmesini olu\u015fturur. Yat\u0131r\u0131mc\u0131 destelerinde, pazarlama materyallerinde ve y\u00f6netici sunumlar\u0131nda finansal ba\u015far\u0131y\u0131, yat\u0131r\u0131m getirisi b\u00fcy\u00fcmesini ve stratejik ivmeyi g\u00f6stermek i\u00e7in idealdir.<\/p>\n","protected":false},"featured_media":21561,"comment_status":"open","ping_status":"closed","template":"","meta":[],"product_brand":[],"product_cat":[746,347],"product_tag":[1970,1969,1954,1971,1968,1967,1955,1643,1617],"class_list":{"0":"post-23909","1":"product","2":"type-product","3":"status-publish","4":"has-post-thumbnail","6":"product_cat-dall-e-ipucu","7":"product_cat-modeller","8":"product_tag-altin-oklar","9":"product_tag-buyume-kavrami","10":"product_tag-dalle","11":"product_tag-finans-gorsellestirme","12":"product_tag-is-yatirim","13":"product_tag-roi","14":"product_tag-sinematik","15":"product_tag-strateji","16":"product_tag-uretime-hazir","18":"first","19":"instock","20":"downloadable","21":"virtual","22":"product-type-simple"},"_links":{"self":[{"href":"https:\/\/prompt-place.com\/tr\/wp-json\/wp\/v2\/product\/23909","targetHints":{"allow":["GET"]}}],"collection":[{"href":"https:\/\/prompt-place.com\/tr\/wp-json\/wp\/v2\/product"}],"about":[{"href":"https:\/\/prompt-place.com\/tr\/wp-json\/wp\/v2\/types\/product"}],"replies":[{"embeddable":true,"href":"https:\/\/prompt-place.com\/tr\/wp-json\/wp\/v2\/comments?post=23909"}],"wp:featuredmedia":[{"embeddable":true,"href":"https:\/\/prompt-place.com\/tr\/wp-json\/wp\/v2\/media\/21561"}],"wp:attachment":[{"href":"https:\/\/prompt-place.com\/tr\/wp-json\/wp\/v2\/media?parent=23909"}],"wp:term":[{"taxonomy":"product_brand","embeddable":true,"href":"https:\/\/prompt-place.com\/tr\/wp-json\/wp\/v2\/product_brand?post=23909"},{"taxonomy":"product_cat","embeddable":true,"href":"https:\/\/prompt-place.com\/tr\/wp-json\/wp\/v2\/product_cat?post=23909"},{"taxonomy":"product_tag","embeddable":true,"href":"https:\/\/prompt-place.com\/tr\/wp-json\/wp\/v2\/product_tag?post=23909"}],"curies":[{"name":"wp","href":"https:\/\/api.w.org\/{rel}","templated":true}]}}