{"id":23907,"date":"2026-01-06T09:42:29","date_gmt":"2026-01-06T09:42:29","guid":{"rendered":"http:\/\/prompt-place.com\/product\/uzak-yapay-zeka-muhendisleri-calisma-alani-kurulumu\/"},"modified":"2026-01-06T09:42:29","modified_gmt":"2026-01-06T09:42:29","slug":"uzak-yapay-zeka-muhendisleri-calisma-alani-kurulumu","status":"publish","type":"product","link":"https:\/\/prompt-place.com\/tr\/urun\/uzak-yapay-zeka-muhendisleri-calisma-alani-kurulumu\/","title":{"rendered":"Uzak Yapay Zeka M\u00fchendisleri \u00c7al\u0131\u015fma Alan\u0131 Kurulumu"},"content":{"rendered":"<p>Bu bilgi istemi, yapay zeka m\u00fchendisleri i\u00e7in \u00f6zel olarak tasarlanm\u0131\u015f uzak bir \u00e7al\u0131\u015fma alan\u0131n\u0131n modern ve sinematik bir g\u00f6rselle\u015ftirmesini olu\u015fturur. Odaklanm\u0131\u015f \u00fcretkenli\u011fi, geli\u015fmi\u015f teknik kurulumlar\u0131 ve uzaktan yapay zeka geli\u015ftirme k\u00fclt\u00fcr\u00fcn\u00fc vurgulayarak teknoloji bloglar\u0131, i\u015fe al\u0131m sayfalar\u0131 ve inovasyon hikayesi anlat\u0131m\u0131 i\u00e7in idealdir. <\/p>\n","protected":false},"excerpt":{"rendered":"<p>Bu bilgi istemi, yapay zeka m\u00fchendisleri i\u00e7in \u00f6zel olarak tasarlanm\u0131\u015f uzak bir \u00e7al\u0131\u015fma alan\u0131n\u0131n modern ve sinematik bir g\u00f6rselle\u015ftirmesini olu\u015fturur. Odaklanm\u0131\u015f \u00fcretkenli\u011fi, geli\u015fmi\u015f teknik kurulumlar\u0131 ve uzaktan yapay zeka geli\u015ftirme k\u00fclt\u00fcr\u00fcn\u00fc vurgulayarak teknoloji bloglar\u0131, i\u015fe al\u0131m sayfalar\u0131 ve inovasyon hikayesi anlat\u0131m\u0131 i\u00e7in idealdir.<\/p>\n","protected":false},"featured_media":21561,"comment_status":"open","ping_status":"closed","template":"","meta":[],"product_brand":[],"product_cat":[746,347],"product_tag":[1957,1958,1954,1960,1961,1955,1959,1617,1956],"class_list":{"0":"post-23907","1":"product","2":"type-product","3":"status-publish","4":"has-post-thumbnail","6":"product_cat-dall-e-ipucu","7":"product_cat-modeller","8":"product_tag-ai-muhendisler","9":"product_tag-calisma-alani-kurulumu","10":"product_tag-dalle","11":"product_tag-ev-ofis","12":"product_tag-modern-isyeri","13":"product_tag-sinematik","14":"product_tag-teknoloji-kultur","15":"product_tag-uretime-hazir","16":"product_tag-uzak-is","18":"first","19":"instock","20":"downloadable","21":"virtual","22":"product-type-simple"},"_links":{"self":[{"href":"https:\/\/prompt-place.com\/tr\/wp-json\/wp\/v2\/product\/23907","targetHints":{"allow":["GET"]}}],"collection":[{"href":"https:\/\/prompt-place.com\/tr\/wp-json\/wp\/v2\/product"}],"about":[{"href":"https:\/\/prompt-place.com\/tr\/wp-json\/wp\/v2\/types\/product"}],"replies":[{"embeddable":true,"href":"https:\/\/prompt-place.com\/tr\/wp-json\/wp\/v2\/comments?post=23907"}],"wp:featuredmedia":[{"embeddable":true,"href":"https:\/\/prompt-place.com\/tr\/wp-json\/wp\/v2\/media\/21561"}],"wp:attachment":[{"href":"https:\/\/prompt-place.com\/tr\/wp-json\/wp\/v2\/media?parent=23907"}],"wp:term":[{"taxonomy":"product_brand","embeddable":true,"href":"https:\/\/prompt-place.com\/tr\/wp-json\/wp\/v2\/product_brand?post=23907"},{"taxonomy":"product_cat","embeddable":true,"href":"https:\/\/prompt-place.com\/tr\/wp-json\/wp\/v2\/product_cat?post=23907"},{"taxonomy":"product_tag","embeddable":true,"href":"https:\/\/prompt-place.com\/tr\/wp-json\/wp\/v2\/product_tag?post=23907"}],"curies":[{"name":"wp","href":"https:\/\/api.w.org\/{rel}","templated":true}]}}