{"id":23903,"date":"2026-01-06T09:42:31","date_gmt":"2026-01-06T09:42:31","guid":{"rendered":"http:\/\/prompt-place.com\/product\/tam-mikro-hizmet-mimarisi-planlama-ve-tasarimi-deepseek\/"},"modified":"2026-01-06T09:42:31","modified_gmt":"2026-01-06T09:42:31","slug":"tam-mikro-hizmet-mimarisi-planlama-ve-tasarimi-deepseek","status":"publish","type":"product","link":"https:\/\/prompt-place.com\/tr\/urun\/tam-mikro-hizmet-mimarisi-planlama-ve-tasarimi-deepseek\/","title":{"rendered":"Tam Mikro Hizmet Mimarisi Planlama ve Tasar\u0131m\u0131 (DeepSeek)"},"content":{"rendered":"<p>Mikro hizmet projeleri i\u00e7in eksiksiz, \u00fcretime haz\u0131r bir mimari plan \u00fcretmeye y\u00f6nelik kapsaml\u0131 bir DeepSeek istemi. Hizmet s\u0131n\u0131rlar\u0131n\u0131, altyap\u0131y\u0131, \u00f6l\u00e7eklenebilirli\u011fi, g\u00fcvenli\u011fi, veri tutarl\u0131l\u0131\u011f\u0131n\u0131 ve da\u011f\u0131t\u0131m stratejisini kapsar; s\u0131f\u0131rdan sistemler veya monolitten mikro hizmetlere ge\u00e7i\u015fler i\u00e7in idealdir. <\/p>\n","protected":false},"excerpt":{"rendered":"<p>Mikro hizmet projeleri i\u00e7in eksiksiz, \u00fcretime haz\u0131r bir mimari plan \u00fcretmeye y\u00f6nelik kapsaml\u0131 bir DeepSeek istemi. Hizmet s\u0131n\u0131rlar\u0131n\u0131, altyap\u0131y\u0131, \u00f6l\u00e7eklenebilirli\u011fi, g\u00fcvenli\u011fi, veri tutarl\u0131l\u0131\u011f\u0131n\u0131 ve da\u011f\u0131t\u0131m stratejisini kapsar; s\u0131f\u0131rdan sistemler veya monolitten mikro hizmetlere ge\u00e7i\u015fler i\u00e7in idealdir.<\/p>\n","protected":false},"featured_media":21602,"comment_status":"open","ping_status":"closed","template":"","meta":[],"product_brand":[],"product_cat":[695,347],"product_tag":[1930,1657,1621,1929,1932,1931,1928,1617],"class_list":{"0":"post-23903","1":"product","2":"type-product","3":"status-publish","4":"has-post-thumbnail","6":"product_cat-deepseek-istemleri","7":"product_cat-modeller","8":"product_tag-bulut-yerel","9":"product_tag-dagitilmis-sistemler","10":"product_tag-deepseek","11":"product_tag-mikro-hizmetler","12":"product_tag-olceklenebilirlik","13":"product_tag-platform-tasarimi","14":"product_tag-sistem-mimarisi","15":"product_tag-uretime-hazir","17":"first","18":"instock","19":"downloadable","20":"virtual","21":"product-type-simple"},"_links":{"self":[{"href":"https:\/\/prompt-place.com\/tr\/wp-json\/wp\/v2\/product\/23903","targetHints":{"allow":["GET"]}}],"collection":[{"href":"https:\/\/prompt-place.com\/tr\/wp-json\/wp\/v2\/product"}],"about":[{"href":"https:\/\/prompt-place.com\/tr\/wp-json\/wp\/v2\/types\/product"}],"replies":[{"embeddable":true,"href":"https:\/\/prompt-place.com\/tr\/wp-json\/wp\/v2\/comments?post=23903"}],"wp:featuredmedia":[{"embeddable":true,"href":"https:\/\/prompt-place.com\/tr\/wp-json\/wp\/v2\/media\/21602"}],"wp:attachment":[{"href":"https:\/\/prompt-place.com\/tr\/wp-json\/wp\/v2\/media?parent=23903"}],"wp:term":[{"taxonomy":"product_brand","embeddable":true,"href":"https:\/\/prompt-place.com\/tr\/wp-json\/wp\/v2\/product_brand?post=23903"},{"taxonomy":"product_cat","embeddable":true,"href":"https:\/\/prompt-place.com\/tr\/wp-json\/wp\/v2\/product_cat?post=23903"},{"taxonomy":"product_tag","embeddable":true,"href":"https:\/\/prompt-place.com\/tr\/wp-json\/wp\/v2\/product_tag?post=23903"}],"curies":[{"name":"wp","href":"https:\/\/api.w.org\/{rel}","templated":true}]}}