{"id":23900,"date":"2026-01-06T09:42:31","date_gmt":"2026-01-06T09:42:31","guid":{"rendered":"http:\/\/prompt-place.com\/product\/baslangic-birimi-ekonomi-degerlendirmesi-ve-zayiflik-tespiti-deepseek\/"},"modified":"2026-01-06T09:42:31","modified_gmt":"2026-01-06T09:42:31","slug":"baslangic-birimi-ekonomi-degerlendirmesi-ve-zayiflik-tespiti-deepseek","status":"publish","type":"product","link":"https:\/\/prompt-place.com\/tr\/urun\/baslangic-birimi-ekonomi-degerlendirmesi-ve-zayiflik-tespiti-deepseek\/","title":{"rendered":"Ba\u015flang\u0131\u00e7 Birimi Ekonomi De\u011ferlendirmesi ve Zay\u0131fl\u0131k Tespiti (DeepSeek)"},"content":{"rendered":"<p>Yap\u0131sal zay\u0131fl\u0131klar\u0131, k\u0131r\u0131lgan varsay\u0131mlar\u0131 ve \u00f6l\u00e7eklenebilirlik risklerini ortaya \u00e7\u0131karmak i\u00e7in tasarlanm\u0131\u015f, startup birim ekonomisinin titiz bir \u015fekilde de\u011ferlendirilmesine y\u00f6nelik bir DeepSeek istemi. Agresif b\u00fcy\u00fcme veya fon toplama \u00f6ncesinde s\u00fcrd\u00fcr\u00fclebilirli\u011fi de\u011ferlendiren kurucular, yat\u0131r\u0131mc\u0131lar ve y\u00f6netim kurullar\u0131 i\u00e7in idealdir. <\/p>\n","protected":false},"excerpt":{"rendered":"<p>Yap\u0131sal zay\u0131fl\u0131klar\u0131, k\u0131r\u0131lgan varsay\u0131mlar\u0131 ve \u00f6l\u00e7eklenebilirlik risklerini ortaya \u00e7\u0131karmak i\u00e7in tasarlanm\u0131\u015f, startup birim ekonomisinin titiz bir \u015fekilde de\u011ferlendirilmesine y\u00f6nelik bir DeepSeek istemi. Agresif b\u00fcy\u00fcme veya fon toplama \u00f6ncesinde s\u00fcrd\u00fcr\u00fclebilirli\u011fi de\u011ferlendiren kurucular, yat\u0131r\u0131mc\u0131lar ve y\u00f6netim kurullar\u0131 i\u00e7in idealdir.<\/p>\n","protected":false},"featured_media":21602,"comment_status":"open","ping_status":"closed","template":"","meta":[],"product_brand":[],"product_cat":[695,347],"product_tag":[1916,1621,1915,1914,1913,1912,1617,1917],"class_list":{"0":"post-23900","1":"product","2":"type-product","3":"status-publish","4":"has-post-thumbnail","6":"product_cat-deepseek-istemleri","7":"product_cat-modeller","8":"product_tag-buyume-analizi","9":"product_tag-deepseek","10":"product_tag-ltv-cac","11":"product_tag-saas-metrics","12":"product_tag-startup-finans","13":"product_tag-unite-ekonomi","14":"product_tag-uretime-hazir","15":"product_tag-yatirimci-hazirligi","17":"first","18":"instock","19":"downloadable","20":"virtual","21":"product-type-simple"},"_links":{"self":[{"href":"https:\/\/prompt-place.com\/tr\/wp-json\/wp\/v2\/product\/23900","targetHints":{"allow":["GET"]}}],"collection":[{"href":"https:\/\/prompt-place.com\/tr\/wp-json\/wp\/v2\/product"}],"about":[{"href":"https:\/\/prompt-place.com\/tr\/wp-json\/wp\/v2\/types\/product"}],"replies":[{"embeddable":true,"href":"https:\/\/prompt-place.com\/tr\/wp-json\/wp\/v2\/comments?post=23900"}],"wp:featuredmedia":[{"embeddable":true,"href":"https:\/\/prompt-place.com\/tr\/wp-json\/wp\/v2\/media\/21602"}],"wp:attachment":[{"href":"https:\/\/prompt-place.com\/tr\/wp-json\/wp\/v2\/media?parent=23900"}],"wp:term":[{"taxonomy":"product_brand","embeddable":true,"href":"https:\/\/prompt-place.com\/tr\/wp-json\/wp\/v2\/product_brand?post=23900"},{"taxonomy":"product_cat","embeddable":true,"href":"https:\/\/prompt-place.com\/tr\/wp-json\/wp\/v2\/product_cat?post=23900"},{"taxonomy":"product_tag","embeddable":true,"href":"https:\/\/prompt-place.com\/tr\/wp-json\/wp\/v2\/product_tag?post=23900"}],"curies":[{"name":"wp","href":"https:\/\/api.w.org\/{rel}","templated":true}]}}