{"id":23898,"date":"2026-01-06T09:42:37","date_gmt":"2026-01-06T09:42:37","guid":{"rendered":"http:\/\/prompt-place.com\/product\/kurumsal-agdaki-siber-guvenlik-risklerini-analiz-edin-deepseek\/"},"modified":"2026-01-06T09:42:37","modified_gmt":"2026-01-06T09:42:37","slug":"kurumsal-agdaki-siber-guvenlik-risklerini-analiz-edin-deepseek","status":"publish","type":"product","link":"https:\/\/prompt-place.com\/tr\/urun\/kurumsal-agdaki-siber-guvenlik-risklerini-analiz-edin-deepseek\/","title":{"rendered":"Kurumsal A\u011fdaki Siber G\u00fcvenlik Risklerini Analiz Edin (DeepSeek)"},"content":{"rendered":"<p>Kurumsal bir a\u011f\u0131n yap\u0131land\u0131r\u0131lm\u0131\u015f, kurumsal d\u00fczeyde siber g\u00fcvenlik risk analizini y\u00fcr\u00fctmek i\u00e7in bir DeepSeek istemi. Tehdit vekt\u00f6rlerini, maruz kalan varl\u0131klar\u0131, y\u00fcksek riskli sald\u0131r\u0131 yollar\u0131n\u0131 belirlemeye yard\u0131mc\u0131 olur ve s\u0131f\u0131r g\u00fcven ve derinlemesine savunma ilkeleriyle uyumlu \u00f6ncelikli, eyleme ge\u00e7irilebilir azaltma stratejileri sunar. <\/p>\n","protected":false},"excerpt":{"rendered":"<p>Kurumsal bir a\u011f\u0131n yap\u0131land\u0131r\u0131lm\u0131\u015f, kurumsal d\u00fczeyde siber g\u00fcvenlik risk analizini y\u00fcr\u00fctmek i\u00e7in bir DeepSeek istemi. Tehdit vekt\u00f6rlerini, maruz kalan varl\u0131klar\u0131, y\u00fcksek riskli sald\u0131r\u0131 yollar\u0131n\u0131 belirlemeye yard\u0131mc\u0131 olur ve s\u0131f\u0131r g\u00fcven ve derinlemesine savunma ilkeleriyle uyumlu \u00f6ncelikli, eyleme ge\u00e7irilebilir azaltma stratejileri sunar.<\/p>\n","protected":false},"featured_media":21602,"comment_status":"open","ping_status":"closed","template":"","meta":[],"product_brand":[],"product_cat":[695,347],"product_tag":[1621,1905,1902,1901,1900,1903,1907,1617],"class_list":{"0":"post-23898","1":"product","2":"type-product","3":"status-publish","4":"has-post-thumbnail","6":"product_cat-deepseek-istemleri","7":"product_cat-modeller","8":"product_tag-deepseek","9":"product_tag-guvenlik-mimari","10":"product_tag-kurumsal-ag","11":"product_tag-risk-analizi","12":"product_tag-siber-guvenlik","13":"product_tag-sifir-guven","14":"product_tag-tehdit-modelleme","15":"product_tag-uretime-hazir","17":"first","18":"instock","19":"downloadable","20":"virtual","21":"product-type-simple"},"_links":{"self":[{"href":"https:\/\/prompt-place.com\/tr\/wp-json\/wp\/v2\/product\/23898","targetHints":{"allow":["GET"]}}],"collection":[{"href":"https:\/\/prompt-place.com\/tr\/wp-json\/wp\/v2\/product"}],"about":[{"href":"https:\/\/prompt-place.com\/tr\/wp-json\/wp\/v2\/types\/product"}],"replies":[{"embeddable":true,"href":"https:\/\/prompt-place.com\/tr\/wp-json\/wp\/v2\/comments?post=23898"}],"wp:featuredmedia":[{"embeddable":true,"href":"https:\/\/prompt-place.com\/tr\/wp-json\/wp\/v2\/media\/21602"}],"wp:attachment":[{"href":"https:\/\/prompt-place.com\/tr\/wp-json\/wp\/v2\/media?parent=23898"}],"wp:term":[{"taxonomy":"product_brand","embeddable":true,"href":"https:\/\/prompt-place.com\/tr\/wp-json\/wp\/v2\/product_brand?post=23898"},{"taxonomy":"product_cat","embeddable":true,"href":"https:\/\/prompt-place.com\/tr\/wp-json\/wp\/v2\/product_cat?post=23898"},{"taxonomy":"product_tag","embeddable":true,"href":"https:\/\/prompt-place.com\/tr\/wp-json\/wp\/v2\/product_tag?post=23898"}],"curies":[{"name":"wp","href":"https:\/\/api.w.org\/{rel}","templated":true}]}}