{"id":23893,"date":"2026-01-06T09:42:37","date_gmt":"2026-01-06T09:42:37","guid":{"rendered":"http:\/\/prompt-place.com\/product\/uzun-bir-teknik-rapordan-eyleme-gecirilebilir-icgoruler-cikarin-deepseek\/"},"modified":"2026-01-06T09:42:37","modified_gmt":"2026-01-06T09:42:37","slug":"uzun-bir-teknik-rapordan-eyleme-gecirilebilir-icgoruler-cikarin-deepseek","status":"publish","type":"product","link":"https:\/\/prompt-place.com\/tr\/urun\/uzun-bir-teknik-rapordan-eyleme-gecirilebilir-icgoruler-cikarin-deepseek\/","title":{"rendered":"Uzun Bir Teknik Rapordan Eyleme Ge\u00e7irilebilir \u0130\u00e7g\u00f6r\u00fcler \u00c7\u0131kar\u0131n (DeepSeek)"},"content":{"rendered":"<p>Uzun, karma\u015f\u0131k teknik raporlar\u0131 k\u0131sa ve karar vermeye haz\u0131r i\u00e7g\u00f6r\u00fclere d\u00f6n\u00fc\u015ft\u00fcrmek i\u00e7in bir DeepSeek istemi. Sinyali g\u00fcr\u00fclt\u00fcden ay\u0131rmaya, bulgular\u0131 somut eylemlere d\u00f6n\u00fc\u015ft\u00fcrmeye ve y\u00f6neticiler ve ekipler i\u00e7in sonraki ad\u0131mlar\u0131 \u00f6nceliklendirmeye odaklan\u0131r. <\/p>\n","protected":false},"excerpt":{"rendered":"<p>Uzun, karma\u015f\u0131k teknik raporlar\u0131 k\u0131sa ve karar vermeye haz\u0131r i\u00e7g\u00f6r\u00fclere d\u00f6n\u00fc\u015ft\u00fcrmek i\u00e7in bir DeepSeek istemi. Sinyali g\u00fcr\u00fclt\u00fcden ay\u0131rmaya, bulgular\u0131 somut eylemlere d\u00f6n\u00fc\u015ft\u00fcrmeye ve y\u00f6neticiler ve ekipler i\u00e7in sonraki ad\u0131mlar\u0131 \u00f6nceliklendirmeye odaklan\u0131r.<\/p>\n","protected":false},"featured_media":21602,"comment_status":"open","ping_status":"closed","template":"","meta":[],"product_brand":[],"product_cat":[695,347],"product_tag":[1621,1877,1644,1878,1874,1876,1617,1875],"class_list":{"0":"post-23893","1":"product","2":"type-product","3":"status-publish","4":"has-post-thumbnail","6":"product_cat-deepseek-istemleri","7":"product_cat-modeller","8":"product_tag-deepseek","9":"product_tag-icgoru-cikarma","10":"product_tag-karar-destek","11":"product_tag-onceliklendirme","12":"product_tag-raporlama","13":"product_tag-teknik-analiz","14":"product_tag-uretime-hazir","15":"product_tag-yonetici-ozeti","17":"first","18":"instock","19":"downloadable","20":"virtual","21":"product-type-simple"},"_links":{"self":[{"href":"https:\/\/prompt-place.com\/tr\/wp-json\/wp\/v2\/product\/23893","targetHints":{"allow":["GET"]}}],"collection":[{"href":"https:\/\/prompt-place.com\/tr\/wp-json\/wp\/v2\/product"}],"about":[{"href":"https:\/\/prompt-place.com\/tr\/wp-json\/wp\/v2\/types\/product"}],"replies":[{"embeddable":true,"href":"https:\/\/prompt-place.com\/tr\/wp-json\/wp\/v2\/comments?post=23893"}],"wp:featuredmedia":[{"embeddable":true,"href":"https:\/\/prompt-place.com\/tr\/wp-json\/wp\/v2\/media\/21602"}],"wp:attachment":[{"href":"https:\/\/prompt-place.com\/tr\/wp-json\/wp\/v2\/media?parent=23893"}],"wp:term":[{"taxonomy":"product_brand","embeddable":true,"href":"https:\/\/prompt-place.com\/tr\/wp-json\/wp\/v2\/product_brand?post=23893"},{"taxonomy":"product_cat","embeddable":true,"href":"https:\/\/prompt-place.com\/tr\/wp-json\/wp\/v2\/product_cat?post=23893"},{"taxonomy":"product_tag","embeddable":true,"href":"https:\/\/prompt-place.com\/tr\/wp-json\/wp\/v2\/product_tag?post=23893"}],"curies":[{"name":"wp","href":"https:\/\/api.w.org\/{rel}","templated":true}]}}