{"id":23892,"date":"2026-01-06T09:42:37","date_gmt":"2026-01-06T09:42:37","guid":{"rendered":"http:\/\/prompt-place.com\/product\/matematik-agirlikli-problemleri-net-adim-adim-aciklamalarla-cozun-deepseek\/"},"modified":"2026-01-06T09:42:37","modified_gmt":"2026-01-06T09:42:37","slug":"matematik-agirlikli-problemleri-net-adim-adim-aciklamalarla-cozun-deepseek","status":"publish","type":"product","link":"https:\/\/prompt-place.com\/tr\/urun\/matematik-agirlikli-problemleri-net-adim-adim-aciklamalarla-cozun-deepseek\/","title":{"rendered":"Matematik A\u011f\u0131rl\u0131kl\u0131 Problemleri Net Ad\u0131m Ad\u0131m A\u00e7\u0131klamalarla \u00c7\u00f6z\u00fcn (DeepSeek)"},"content":{"rendered":"<p>Do\u011frulamas\u0131 kolay, net, yap\u0131land\u0131r\u0131lm\u0131\u015f, ad\u0131m ad\u0131m a\u00e7\u0131klamal\u0131 matematik a\u011f\u0131rl\u0131kl\u0131 problemleri \u00e7\u00f6zmeye y\u00f6nelik bir DeepSeek istemi. Temel denklemlere, k\u0131sa gerek\u00e7elere ve a\u015f\u0131r\u0131 ayr\u0131nt\u0131l\u0131 i\u00e7 muhakeme olmadan nihai do\u011frulamaya odaklan\u0131r. <\/p>\n","protected":false},"excerpt":{"rendered":"<p>Do\u011frulamas\u0131 kolay, net, yap\u0131land\u0131r\u0131lm\u0131\u015f, ad\u0131m ad\u0131m a\u00e7\u0131klamal\u0131 matematik a\u011f\u0131rl\u0131kl\u0131 problemleri \u00e7\u00f6zmeye y\u00f6nelik bir DeepSeek istemi. Temel denklemlere, k\u0131sa gerek\u00e7elere ve a\u015f\u0131r\u0131 ayr\u0131nt\u0131l\u0131 i\u00e7 muhakeme olmadan nihai do\u011frulamaya odaklan\u0131r.<\/p>\n","protected":false},"featured_media":21602,"comment_status":"open","ping_status":"closed","template":"","meta":[],"product_brand":[],"product_cat":[695,347],"product_tag":[1723,1621,1769,1868,1872,1617,1870],"class_list":{"0":"post-23892","1":"product","2":"type-product","3":"status-publish","4":"has-post-thumbnail","6":"product_cat-deepseek-istemleri","7":"product_cat-modeller","8":"product_tag-adim-adim","9":"product_tag-deepseek","10":"product_tag-dogrulama","11":"product_tag-matematik-cozme","12":"product_tag-problem-cozme","13":"product_tag-uretime-hazir","14":"product_tag-yapilandirilmis-aciklama","16":"first","17":"instock","18":"downloadable","19":"virtual","20":"product-type-simple"},"_links":{"self":[{"href":"https:\/\/prompt-place.com\/tr\/wp-json\/wp\/v2\/product\/23892","targetHints":{"allow":["GET"]}}],"collection":[{"href":"https:\/\/prompt-place.com\/tr\/wp-json\/wp\/v2\/product"}],"about":[{"href":"https:\/\/prompt-place.com\/tr\/wp-json\/wp\/v2\/types\/product"}],"replies":[{"embeddable":true,"href":"https:\/\/prompt-place.com\/tr\/wp-json\/wp\/v2\/comments?post=23892"}],"wp:featuredmedia":[{"embeddable":true,"href":"https:\/\/prompt-place.com\/tr\/wp-json\/wp\/v2\/media\/21602"}],"wp:attachment":[{"href":"https:\/\/prompt-place.com\/tr\/wp-json\/wp\/v2\/media?parent=23892"}],"wp:term":[{"taxonomy":"product_brand","embeddable":true,"href":"https:\/\/prompt-place.com\/tr\/wp-json\/wp\/v2\/product_brand?post=23892"},{"taxonomy":"product_cat","embeddable":true,"href":"https:\/\/prompt-place.com\/tr\/wp-json\/wp\/v2\/product_cat?post=23892"},{"taxonomy":"product_tag","embeddable":true,"href":"https:\/\/prompt-place.com\/tr\/wp-json\/wp\/v2\/product_tag?post=23892"}],"curies":[{"name":"wp","href":"https:\/\/api.w.org\/{rel}","templated":true}]}}