{"id":23885,"date":"2026-01-06T09:42:39","date_gmt":"2026-01-06T09:42:39","guid":{"rendered":"http:\/\/prompt-place.com\/product\/karmasik-bir-arka-uc-modulu-icin-kapsamli-test-durumlari-olusturma-deepseek\/"},"modified":"2026-01-06T09:42:39","modified_gmt":"2026-01-06T09:42:39","slug":"karmasik-bir-arka-uc-modulu-icin-kapsamli-test-durumlari-olusturma-deepseek","status":"publish","type":"product","link":"https:\/\/prompt-place.com\/tr\/urun\/karmasik-bir-arka-uc-modulu-icin-kapsamli-test-durumlari-olusturma-deepseek\/","title":{"rendered":"Karma\u015f\u0131k Bir Arka U\u00e7 Mod\u00fcl\u00fc i\u00e7in Kapsaml\u0131 Test Durumlar\u0131 Olu\u015fturma (DeepSeek)"},"content":{"rendered":"<p>Karma\u015f\u0131k arka u\u00e7 mod\u00fclleri i\u00e7in y\u00fcksek kapsaml\u0131, risk tabanl\u0131 bir test paketi olu\u015fturmak i\u00e7in bir DeepSeek istemi. CI\/CD ve haz\u0131rlama ortamlar\u0131 i\u00e7in uygun a\u00e7\u0131k, otomatikle\u015ftirilebilir test senaryolar\u0131 ile fonksiyonel, entegrasyon ve fonksiyonel olmayan senaryolar\u0131 kapsar. <\/p>\n","protected":false},"excerpt":{"rendered":"<p>Karma\u015f\u0131k arka u\u00e7 mod\u00fclleri i\u00e7in y\u00fcksek kapsaml\u0131, risk tabanl\u0131 bir test paketi olu\u015fturmak i\u00e7in bir DeepSeek istemi. CI\/CD ve haz\u0131rlama ortamlar\u0131 i\u00e7in uygun a\u00e7\u0131k, otomatikle\u015ftirilebilir test senaryolar\u0131 ile fonksiyonel, entegrasyon ve fonksiyonel olmayan senaryolar\u0131 kapsar.<\/p>\n","protected":false},"featured_media":21602,"comment_status":"open","ping_status":"closed","template":"","meta":[],"product_brand":[],"product_cat":[695,347],"product_tag":[1842,1621,1844,1664,1845,1843,1841,1617],"class_list":{"0":"post-23885","1":"product","2":"type-product","3":"status-publish","4":"has-post-thumbnail","6":"product_cat-deepseek-istemleri","7":"product_cat-modeller","8":"product_tag-backend-test","9":"product_tag-deepseek","10":"product_tag-entegrasyon-test","11":"product_tag-guvenilirlik","12":"product_tag-performans-testi","13":"product_tag-qa-otomasyon","14":"product_tag-test-durumlari","15":"product_tag-uretime-hazir","17":"first","18":"instock","19":"downloadable","20":"virtual","21":"product-type-simple"},"_links":{"self":[{"href":"https:\/\/prompt-place.com\/tr\/wp-json\/wp\/v2\/product\/23885","targetHints":{"allow":["GET"]}}],"collection":[{"href":"https:\/\/prompt-place.com\/tr\/wp-json\/wp\/v2\/product"}],"about":[{"href":"https:\/\/prompt-place.com\/tr\/wp-json\/wp\/v2\/types\/product"}],"replies":[{"embeddable":true,"href":"https:\/\/prompt-place.com\/tr\/wp-json\/wp\/v2\/comments?post=23885"}],"wp:featuredmedia":[{"embeddable":true,"href":"https:\/\/prompt-place.com\/tr\/wp-json\/wp\/v2\/media\/21602"}],"wp:attachment":[{"href":"https:\/\/prompt-place.com\/tr\/wp-json\/wp\/v2\/media?parent=23885"}],"wp:term":[{"taxonomy":"product_brand","embeddable":true,"href":"https:\/\/prompt-place.com\/tr\/wp-json\/wp\/v2\/product_brand?post=23885"},{"taxonomy":"product_cat","embeddable":true,"href":"https:\/\/prompt-place.com\/tr\/wp-json\/wp\/v2\/product_cat?post=23885"},{"taxonomy":"product_tag","embeddable":true,"href":"https:\/\/prompt-place.com\/tr\/wp-json\/wp\/v2\/product_tag?post=23885"}],"curies":[{"name":"wp","href":"https:\/\/api.w.org\/{rel}","templated":true}]}}