{"id":23881,"date":"2026-01-06T09:42:38","date_gmt":"2026-01-06T09:42:38","guid":{"rendered":"http:\/\/prompt-place.com\/product\/yuksek-trafikli-hizmetler-icin-optimal-onbellekleme-stratejisi-tasarlama-deepseek\/"},"modified":"2026-01-06T09:42:38","modified_gmt":"2026-01-06T09:42:38","slug":"yuksek-trafikli-hizmetler-icin-optimal-onbellekleme-stratejisi-tasarlama-deepseek","status":"publish","type":"product","link":"https:\/\/prompt-place.com\/tr\/urun\/yuksek-trafikli-hizmetler-icin-optimal-onbellekleme-stratejisi-tasarlama-deepseek\/","title":{"rendered":"Y\u00fcksek Trafikli Hizmetler i\u00e7in Optimal \u00d6nbellekleme Stratejisi Tasarlama (DeepSeek)"},"content":{"rendered":"<p>Y\u00fcksek trafikli hizmetlere uyarlanm\u0131\u015f sa\u011flam, \u00fcretime haz\u0131r bir \u00f6nbellekleme stratejisi tasarlamak i\u00e7in bir DeepSeek istemi. D\u00fc\u015f\u00fck gecikmeli, \u00f6l\u00e7eklenebilir sistemler i\u00e7in ideal olan \u00f6nbellek kapsam\u0131, \u00e7ok katmanl\u0131 topoloji, ge\u00e7ersiz k\u0131lma stratejileri, performans dengeleri, g\u00f6zlemlenebilirlik ve g\u00fcvenli kullan\u0131ma sunma konular\u0131n\u0131 kapsar. <\/p>\n","protected":false},"excerpt":{"rendered":"<p>Y\u00fcksek trafikli hizmetlere uyarlanm\u0131\u015f sa\u011flam, \u00fcretime haz\u0131r bir \u00f6nbellekleme stratejisi tasarlamak i\u00e7in bir DeepSeek istemi. D\u00fc\u015f\u00fck gecikmeli, \u00f6l\u00e7eklenebilir sistemler i\u00e7in ideal olan \u00f6nbellek kapsam\u0131, \u00e7ok katmanl\u0131 topoloji, ge\u00e7ersiz k\u0131lma stratejileri, performans dengeleri, g\u00f6zlemlenebilirlik ve g\u00fcvenli kullan\u0131ma sunma konular\u0131n\u0131 kapsar.<\/p>\n","protected":false},"featured_media":21602,"comment_status":"open","ping_status":"closed","template":"","meta":[],"product_brand":[],"product_cat":[695,347],"product_tag":[1822,1657,1621,1824,1818,1816,1658,1617,1820],"class_list":{"0":"post-23881","1":"product","2":"type-product","3":"status-publish","4":"has-post-thumbnail","6":"product_cat-deepseek-istemleri","7":"product_cat-modeller","8":"product_tag-cdn","9":"product_tag-dagitilmis-sistemler","10":"product_tag-deepseek","11":"product_tag-gecikme-suresi","12":"product_tag-onbellekleme-stratejisi","13":"product_tag-performans-optimizasyonu","14":"product_tag-sre","15":"product_tag-uretime-hazir","16":"product_tag-yuksek-trafik","18":"first","19":"instock","20":"downloadable","21":"virtual","22":"product-type-simple"},"_links":{"self":[{"href":"https:\/\/prompt-place.com\/tr\/wp-json\/wp\/v2\/product\/23881","targetHints":{"allow":["GET"]}}],"collection":[{"href":"https:\/\/prompt-place.com\/tr\/wp-json\/wp\/v2\/product"}],"about":[{"href":"https:\/\/prompt-place.com\/tr\/wp-json\/wp\/v2\/types\/product"}],"replies":[{"embeddable":true,"href":"https:\/\/prompt-place.com\/tr\/wp-json\/wp\/v2\/comments?post=23881"}],"wp:featuredmedia":[{"embeddable":true,"href":"https:\/\/prompt-place.com\/tr\/wp-json\/wp\/v2\/media\/21602"}],"wp:attachment":[{"href":"https:\/\/prompt-place.com\/tr\/wp-json\/wp\/v2\/media?parent=23881"}],"wp:term":[{"taxonomy":"product_brand","embeddable":true,"href":"https:\/\/prompt-place.com\/tr\/wp-json\/wp\/v2\/product_brand?post=23881"},{"taxonomy":"product_cat","embeddable":true,"href":"https:\/\/prompt-place.com\/tr\/wp-json\/wp\/v2\/product_cat?post=23881"},{"taxonomy":"product_tag","embeddable":true,"href":"https:\/\/prompt-place.com\/tr\/wp-json\/wp\/v2\/product_tag?post=23881"}],"curies":[{"name":"wp","href":"https:\/\/api.w.org\/{rel}","templated":true}]}}