{"id":23877,"date":"2026-01-06T09:42:39","date_gmt":"2026-01-06T09:42:39","guid":{"rendered":"http:\/\/prompt-place.com\/product\/veritabani-gecis-planini-gozden-gecirme-ve-olasi-sorunlari-belirleme-deepseek\/"},"modified":"2026-01-06T09:42:39","modified_gmt":"2026-01-06T09:42:39","slug":"veritabani-gecis-planini-gozden-gecirme-ve-olasi-sorunlari-belirleme-deepseek","status":"publish","type":"product","link":"https:\/\/prompt-place.com\/tr\/urun\/veritabani-gecis-planini-gozden-gecirme-ve-olasi-sorunlari-belirleme-deepseek\/","title":{"rendered":"Veritaban\u0131 Ge\u00e7i\u015f Plan\u0131n\u0131 G\u00f6zden Ge\u00e7irme ve Olas\u0131 Sorunlar\u0131 Belirleme (DeepSeek)"},"content":{"rendered":"<p>Gizli riskleri, uyumluluk sorunlar\u0131n\u0131 ve hata modlar\u0131n\u0131 ortaya \u00e7\u0131karmak i\u00e7in veritaban\u0131 ge\u00e7i\u015f planlar\u0131n\u0131 ele\u015ftirel bir \u015fekilde g\u00f6zden ge\u00e7irmeye y\u00f6nelik bir DeepSeek istemi. G\u00fcvenli, d\u00fc\u015f\u00fck kesinti s\u00fcreli ge\u00e7i\u015fler sa\u011flamak i\u00e7in somut hafifletmeler, do\u011frulama ad\u0131mlar\u0131 ve haz\u0131rl\u0131k kontrol listeleri sa\u011flar. <\/p>\n","protected":false},"excerpt":{"rendered":"<p>Gizli riskleri, uyumluluk sorunlar\u0131n\u0131 ve hata modlar\u0131n\u0131 ortaya \u00e7\u0131karmak i\u00e7in veritaban\u0131 ge\u00e7i\u015f planlar\u0131n\u0131 ele\u015ftirel bir \u015fekilde g\u00f6zden ge\u00e7irmeye y\u00f6nelik bir DeepSeek istemi. G\u00fcvenli, d\u00fc\u015f\u00fck kesinti s\u00fcreli ge\u00e7i\u015fler sa\u011flamak i\u00e7in somut hafifletmeler, do\u011frulama ad\u0131mlar\u0131 ve haz\u0131rl\u0131k kontrol listeleri sa\u011flar.<\/p>\n","protected":false},"featured_media":21602,"comment_status":"open","ping_status":"closed","template":"","meta":[],"product_brand":[],"product_cat":[695,347],"product_tag":[1801,1621,1655,1800,1658,1617,1799,1798],"class_list":{"0":"post-23877","1":"product","2":"type-product","3":"status-publish","4":"has-post-thumbnail","6":"product_cat-deepseek-istemleri","7":"product_cat-modeller","8":"product_tag-dba","9":"product_tag-deepseek","10":"product_tag-risk-degerlendirmesi","11":"product_tag-sifir-dusus-suresi","12":"product_tag-sre","13":"product_tag-uretime-hazir","14":"product_tag-veri-butunlugu","15":"product_tag-veritabani-gecisi","17":"first","18":"instock","19":"downloadable","20":"virtual","21":"product-type-simple"},"_links":{"self":[{"href":"https:\/\/prompt-place.com\/tr\/wp-json\/wp\/v2\/product\/23877","targetHints":{"allow":["GET"]}}],"collection":[{"href":"https:\/\/prompt-place.com\/tr\/wp-json\/wp\/v2\/product"}],"about":[{"href":"https:\/\/prompt-place.com\/tr\/wp-json\/wp\/v2\/types\/product"}],"replies":[{"embeddable":true,"href":"https:\/\/prompt-place.com\/tr\/wp-json\/wp\/v2\/comments?post=23877"}],"wp:featuredmedia":[{"embeddable":true,"href":"https:\/\/prompt-place.com\/tr\/wp-json\/wp\/v2\/media\/21602"}],"wp:attachment":[{"href":"https:\/\/prompt-place.com\/tr\/wp-json\/wp\/v2\/media?parent=23877"}],"wp:term":[{"taxonomy":"product_brand","embeddable":true,"href":"https:\/\/prompt-place.com\/tr\/wp-json\/wp\/v2\/product_brand?post=23877"},{"taxonomy":"product_cat","embeddable":true,"href":"https:\/\/prompt-place.com\/tr\/wp-json\/wp\/v2\/product_cat?post=23877"},{"taxonomy":"product_tag","embeddable":true,"href":"https:\/\/prompt-place.com\/tr\/wp-json\/wp\/v2\/product_tag?post=23877"}],"curies":[{"name":"wp","href":"https:\/\/api.w.org\/{rel}","templated":true}]}}