{"id":23874,"date":"2026-01-06T09:42:38","date_gmt":"2026-01-06T09:42:38","guid":{"rendered":"http:\/\/prompt-place.com\/product\/musteri-davranis-verilerini-analiz-edin-ve-eyleme-gecirilebilir-icgoruler-cikarin-deepseek\/"},"modified":"2026-01-06T09:42:38","modified_gmt":"2026-01-06T09:42:38","slug":"musteri-davranis-verilerini-analiz-edin-ve-eyleme-gecirilebilir-icgoruler-cikarin-deepseek","status":"publish","type":"product","link":"https:\/\/prompt-place.com\/tr\/urun\/musteri-davranis-verilerini-analiz-edin-ve-eyleme-gecirilebilir-icgoruler-cikarin-deepseek\/","title":{"rendered":"M\u00fc\u015fteri Davran\u0131\u015f Verilerini Analiz Edin ve Eyleme Ge\u00e7irilebilir \u0130\u00e7g\u00f6r\u00fcler \u00c7\u0131kar\u0131n (DeepSeek)"},"content":{"rendered":"<p>Anlaml\u0131 kal\u0131plar\u0131 ortaya \u00e7\u0131karmak ve bunlar\u0131 somut, \u00f6nceliklendirilmi\u015f eylemlere d\u00f6n\u00fc\u015ft\u00fcrmek i\u00e7in m\u00fc\u015fteri davran\u0131\u015f verilerini analiz etmeye y\u00f6nelik bir DeepSeek istemi. \u00dcr\u00fcn analiti\u011fi, b\u00fcy\u00fcme stratejisi, elde tutma optimizasyonu ve veriye dayal\u0131 karar verme i\u00e7in idealdir. <\/p>\n","protected":false},"excerpt":{"rendered":"<p>Anlaml\u0131 kal\u0131plar\u0131 ortaya \u00e7\u0131karmak ve bunlar\u0131 somut, \u00f6nceliklendirilmi\u015f eylemlere d\u00f6n\u00fc\u015ft\u00fcrmek i\u00e7in m\u00fc\u015fteri davran\u0131\u015f verilerini analiz etmeye y\u00f6nelik bir DeepSeek istemi. \u00dcr\u00fcn analiti\u011fi, b\u00fcy\u00fcme stratejisi, elde tutma optimizasyonu ve veriye dayal\u0131 karar verme i\u00e7in idealdir.<\/p>\n","protected":false},"featured_media":21602,"comment_status":"open","ping_status":"closed","template":"","meta":[],"product_brand":[],"product_cat":[695,347],"product_tag":[1782,1621,1786,1644,1784,1617,1785,1783],"class_list":{"0":"post-23874","1":"product","2":"type-product","3":"status-publish","4":"has-post-thumbnail","6":"product_cat-deepseek-istemleri","7":"product_cat-modeller","8":"product_tag-davranissal-veri","9":"product_tag-deepseek","10":"product_tag-growth-insights","11":"product_tag-karar-destek","12":"product_tag-musteri-analitigi","13":"product_tag-uretime-hazir","14":"product_tag-urun-analizi","15":"product_tag-veri-analizi","17":"first","18":"instock","19":"downloadable","20":"virtual","21":"product-type-simple"},"_links":{"self":[{"href":"https:\/\/prompt-place.com\/tr\/wp-json\/wp\/v2\/product\/23874","targetHints":{"allow":["GET"]}}],"collection":[{"href":"https:\/\/prompt-place.com\/tr\/wp-json\/wp\/v2\/product"}],"about":[{"href":"https:\/\/prompt-place.com\/tr\/wp-json\/wp\/v2\/types\/product"}],"replies":[{"embeddable":true,"href":"https:\/\/prompt-place.com\/tr\/wp-json\/wp\/v2\/comments?post=23874"}],"wp:featuredmedia":[{"embeddable":true,"href":"https:\/\/prompt-place.com\/tr\/wp-json\/wp\/v2\/media\/21602"}],"wp:attachment":[{"href":"https:\/\/prompt-place.com\/tr\/wp-json\/wp\/v2\/media?parent=23874"}],"wp:term":[{"taxonomy":"product_brand","embeddable":true,"href":"https:\/\/prompt-place.com\/tr\/wp-json\/wp\/v2\/product_brand?post=23874"},{"taxonomy":"product_cat","embeddable":true,"href":"https:\/\/prompt-place.com\/tr\/wp-json\/wp\/v2\/product_cat?post=23874"},{"taxonomy":"product_tag","embeddable":true,"href":"https:\/\/prompt-place.com\/tr\/wp-json\/wp\/v2\/product_tag?post=23874"}],"curies":[{"name":"wp","href":"https:\/\/api.w.org\/{rel}","templated":true}]}}