{"id":23870,"date":"2026-01-06T09:42:39","date_gmt":"2026-01-06T09:42:39","guid":{"rendered":"http:\/\/prompt-place.com\/product\/objektif-bir-satici-degerlendirme-puanlama-cercevesi-tasarlayin-deepseek\/"},"modified":"2026-01-06T09:42:39","modified_gmt":"2026-01-06T09:42:39","slug":"objektif-bir-satici-degerlendirme-puanlama-cercevesi-tasarlayin-deepseek","status":"publish","type":"product","link":"https:\/\/prompt-place.com\/tr\/urun\/objektif-bir-satici-degerlendirme-puanlama-cercevesi-tasarlayin-deepseek\/","title":{"rendered":"Objektif Bir Sat\u0131c\u0131 De\u011ferlendirme Puanlama \u00c7er\u00e7evesi Tasarlay\u0131n (DeepSeek)"},"content":{"rendered":"<p>Net kriterler, a\u011f\u0131rl\u0131klar ve puanlama anahtarlar\u0131 ile objektif, denetlenebilir bir sat\u0131c\u0131 de\u011ferlendirme \u00e7er\u00e7evesi olu\u015fturmak i\u00e7in bir DeepSeek istemi. \u015eeffaf sat\u0131n alma kararlar\u0131n\u0131, hassasiyet analizini ve payda\u015flar aras\u0131nda savunulabilir \u00f6nerileri desteklemek i\u00e7in tasarlanm\u0131\u015ft\u0131r. <\/p>\n","protected":false},"excerpt":{"rendered":"<p>Net kriterler, a\u011f\u0131rl\u0131klar ve puanlama anahtarlar\u0131 ile objektif, denetlenebilir bir sat\u0131c\u0131 de\u011ferlendirme \u00e7er\u00e7evesi olu\u015fturmak i\u00e7in bir DeepSeek istemi. \u015eeffaf sat\u0131n alma kararlar\u0131n\u0131, hassasiyet analizini ve payda\u015flar aras\u0131nda savunulabilir \u00f6nerileri desteklemek i\u00e7in tasarlanm\u0131\u015ft\u0131r.<\/p>\n","protected":false},"featured_media":21602,"comment_status":"open","ping_status":"closed","template":"","meta":[],"product_brand":[],"product_cat":[695,347],"product_tag":[1765,1621,1761,1766,1762,1655,1763,1764,1617],"class_list":{"0":"post-23870","1":"product","2":"type-product","3":"status-publish","4":"has-post-thumbnail","6":"product_cat-deepseek-istemleri","7":"product_cat-modeller","8":"product_tag-agirliklandirma","9":"product_tag-deepseek","10":"product_tag-karar-modeli","11":"product_tag-kurumsal","12":"product_tag-puanlama-cercevesi","13":"product_tag-risk-degerlendirmesi","14":"product_tag-satici-degerlendirme","15":"product_tag-tedarik","16":"product_tag-uretime-hazir","18":"first","19":"instock","20":"downloadable","21":"virtual","22":"product-type-simple"},"_links":{"self":[{"href":"https:\/\/prompt-place.com\/tr\/wp-json\/wp\/v2\/product\/23870","targetHints":{"allow":["GET"]}}],"collection":[{"href":"https:\/\/prompt-place.com\/tr\/wp-json\/wp\/v2\/product"}],"about":[{"href":"https:\/\/prompt-place.com\/tr\/wp-json\/wp\/v2\/types\/product"}],"replies":[{"embeddable":true,"href":"https:\/\/prompt-place.com\/tr\/wp-json\/wp\/v2\/comments?post=23870"}],"wp:featuredmedia":[{"embeddable":true,"href":"https:\/\/prompt-place.com\/tr\/wp-json\/wp\/v2\/media\/21602"}],"wp:attachment":[{"href":"https:\/\/prompt-place.com\/tr\/wp-json\/wp\/v2\/media?parent=23870"}],"wp:term":[{"taxonomy":"product_brand","embeddable":true,"href":"https:\/\/prompt-place.com\/tr\/wp-json\/wp\/v2\/product_brand?post=23870"},{"taxonomy":"product_cat","embeddable":true,"href":"https:\/\/prompt-place.com\/tr\/wp-json\/wp\/v2\/product_cat?post=23870"},{"taxonomy":"product_tag","embeddable":true,"href":"https:\/\/prompt-place.com\/tr\/wp-json\/wp\/v2\/product_tag?post=23870"}],"curies":[{"name":"wp","href":"https:\/\/api.w.org\/{rel}","templated":true}]}}