{"id":23867,"date":"2026-01-06T09:42:39","date_gmt":"2026-01-06T09:42:39","guid":{"rendered":"http:\/\/prompt-place.com\/product\/uzun-bir-arguman-veya-tartismadaki-mantiksal-bosluklari-analiz-etme-deepseek\/"},"modified":"2026-01-06T09:42:39","modified_gmt":"2026-01-06T09:42:39","slug":"uzun-bir-arguman-veya-tartismadaki-mantiksal-bosluklari-analiz-etme-deepseek","status":"publish","type":"product","link":"https:\/\/prompt-place.com\/tr\/urun\/uzun-bir-arguman-veya-tartismadaki-mantiksal-bosluklari-analiz-etme-deepseek\/","title":{"rendered":"Uzun Bir Arg\u00fcman veya Tart\u0131\u015fmadaki Mant\u0131ksal Bo\u015fluklar\u0131 Analiz Etme (DeepSeek)"},"content":{"rendered":"<p>Mant\u0131ksal bo\u015fluklar\u0131, gizli varsay\u0131mlar\u0131 ve zay\u0131f ak\u0131l y\u00fcr\u00fctmeleri ortaya \u00e7\u0131karmak i\u00e7in uzun arg\u00fcmanlar\u0131 veya tart\u0131\u015fmalar\u0131 titizlikle analiz etmeye y\u00f6nelik bir DeepSeek istemi. Arg\u00fcman\u0131 yeniden yap\u0131land\u0131r\u0131r, kan\u0131t kalitesini de\u011ferlendirir ve sonu\u00e7lar\u0131 ve karar kalitesini g\u00fc\u00e7lendirmek i\u00e7in somut d\u00fczeltmeler sa\u011flar. <\/p>\n","protected":false},"excerpt":{"rendered":"<p>Mant\u0131ksal bo\u015fluklar\u0131, gizli varsay\u0131mlar\u0131 ve zay\u0131f ak\u0131l y\u00fcr\u00fctmeleri ortaya \u00e7\u0131karmak i\u00e7in uzun arg\u00fcmanlar\u0131 veya tart\u0131\u015fmalar\u0131 titizlikle analiz etmeye y\u00f6nelik bir DeepSeek istemi. Arg\u00fcman\u0131 yeniden yap\u0131land\u0131r\u0131r, kan\u0131t kalitesini de\u011ferlendirir ve sonu\u00e7lar\u0131 ve karar kalitesini g\u00fc\u00e7lendirmek i\u00e7in somut d\u00fczeltmeler sa\u011flar.<\/p>\n","protected":false},"featured_media":21602,"comment_status":"open","ping_status":"closed","template":"","meta":[],"product_brand":[],"product_cat":[695,347],"product_tag":[1744,1621,1743,1746,1742,1745,1747,1617],"class_list":{"0":"post-23867","1":"product","2":"type-product","3":"status-publish","4":"has-post-thumbnail","6":"product_cat-deepseek-istemleri","7":"product_cat-modeller","8":"product_tag-arguman-inceleme","9":"product_tag-deepseek","10":"product_tag-elestirel-dusunme","11":"product_tag-karar-kalite","12":"product_tag-mantik-analiz","13":"product_tag-muhakeme-bosluklari","14":"product_tag-strateji-inceleme","15":"product_tag-uretime-hazir","17":"first","18":"instock","19":"downloadable","20":"virtual","21":"product-type-simple"},"_links":{"self":[{"href":"https:\/\/prompt-place.com\/tr\/wp-json\/wp\/v2\/product\/23867","targetHints":{"allow":["GET"]}}],"collection":[{"href":"https:\/\/prompt-place.com\/tr\/wp-json\/wp\/v2\/product"}],"about":[{"href":"https:\/\/prompt-place.com\/tr\/wp-json\/wp\/v2\/types\/product"}],"replies":[{"embeddable":true,"href":"https:\/\/prompt-place.com\/tr\/wp-json\/wp\/v2\/comments?post=23867"}],"wp:featuredmedia":[{"embeddable":true,"href":"https:\/\/prompt-place.com\/tr\/wp-json\/wp\/v2\/media\/21602"}],"wp:attachment":[{"href":"https:\/\/prompt-place.com\/tr\/wp-json\/wp\/v2\/media?parent=23867"}],"wp:term":[{"taxonomy":"product_brand","embeddable":true,"href":"https:\/\/prompt-place.com\/tr\/wp-json\/wp\/v2\/product_brand?post=23867"},{"taxonomy":"product_cat","embeddable":true,"href":"https:\/\/prompt-place.com\/tr\/wp-json\/wp\/v2\/product_cat?post=23867"},{"taxonomy":"product_tag","embeddable":true,"href":"https:\/\/prompt-place.com\/tr\/wp-json\/wp\/v2\/product_tag?post=23867"}],"curies":[{"name":"wp","href":"https:\/\/api.w.org\/{rel}","templated":true}]}}