{"id":23864,"date":"2026-01-06T09:42:38","date_gmt":"2026-01-06T09:42:38","guid":{"rendered":"http:\/\/prompt-place.com\/product\/bir-algoritmanin-nasil-calistigini-net-bir-muhakeme-ozetiyle-aciklayin-deepseek\/"},"modified":"2026-01-06T09:42:38","modified_gmt":"2026-01-06T09:42:38","slug":"bir-algoritmanin-nasil-calistigini-net-bir-muhakeme-ozetiyle-aciklayin-deepseek","status":"publish","type":"product","link":"https:\/\/prompt-place.com\/tr\/urun\/bir-algoritmanin-nasil-calistigini-net-bir-muhakeme-ozetiyle-aciklayin-deepseek\/","title":{"rendered":"Bir Algoritman\u0131n Nas\u0131l \u00c7al\u0131\u015ft\u0131\u011f\u0131n\u0131 Net Bir Muhakeme \u00d6zetiyle A\u00e7\u0131klay\u0131n (DeepSeek)"},"content":{"rendered":"<p>Bir algoritman\u0131n nas\u0131l \u00e7al\u0131\u015ft\u0131\u011f\u0131n\u0131 yap\u0131land\u0131r\u0131lm\u0131\u015f bir yol g\u00f6sterme, kompakt bir \u00e7al\u0131\u015fma \u00f6rne\u011fi, de\u011fi\u015fmezler arac\u0131l\u0131\u011f\u0131yla do\u011fruluk ve a\u015f\u0131r\u0131 ayr\u0131nt\u0131l\u0131 gizli gerek\u00e7elere dayanmadan do\u011frulanabilir net bir muhakeme \u00f6zeti ile a\u00e7\u0131klamak i\u00e7in bir DeepSeek istemi. \u0130lk kat\u0131l\u0131m, kod incelemeleri ve teknik e\u011fitim i\u00e7in idealdir. <\/p>\n","protected":false},"excerpt":{"rendered":"<p>Bir algoritman\u0131n nas\u0131l \u00e7al\u0131\u015ft\u0131\u011f\u0131n\u0131 yap\u0131land\u0131r\u0131lm\u0131\u015f bir yol g\u00f6sterme, kompakt bir \u00e7al\u0131\u015fma \u00f6rne\u011fi, de\u011fi\u015fmezler arac\u0131l\u0131\u011f\u0131yla do\u011fruluk ve a\u015f\u0131r\u0131 ayr\u0131nt\u0131l\u0131 gizli gerek\u00e7elere dayanmadan do\u011frulanabilir net bir muhakeme \u00f6zeti ile a\u00e7\u0131klamak i\u00e7in bir DeepSeek istemi. \u0130lk kat\u0131l\u0131m, kod incelemeleri ve teknik e\u011fitim i\u00e7in idealdir.<\/p>\n","protected":false},"featured_media":21602,"comment_status":"open","ping_status":"closed","template":"","meta":[],"product_brand":[],"product_cat":[695,347],"product_tag":[1723,1726,1621,1729,1728,1730,1727,1617],"class_list":{"0":"post-23864","1":"product","2":"type-product","3":"status-publish","4":"has-post-thumbnail","6":"product_cat-deepseek-istemleri","7":"product_cat-modeller","8":"product_tag-adim-adim","9":"product_tag-algoritma-aciklama","10":"product_tag-deepseek","11":"product_tag-degismezler","12":"product_tag-dogruluk","13":"product_tag-karmasiklik-analizi","14":"product_tag-muhakeme-ozet","15":"product_tag-uretime-hazir","17":"first","18":"instock","19":"downloadable","20":"virtual","21":"product-type-simple"},"_links":{"self":[{"href":"https:\/\/prompt-place.com\/tr\/wp-json\/wp\/v2\/product\/23864","targetHints":{"allow":["GET"]}}],"collection":[{"href":"https:\/\/prompt-place.com\/tr\/wp-json\/wp\/v2\/product"}],"about":[{"href":"https:\/\/prompt-place.com\/tr\/wp-json\/wp\/v2\/types\/product"}],"replies":[{"embeddable":true,"href":"https:\/\/prompt-place.com\/tr\/wp-json\/wp\/v2\/comments?post=23864"}],"wp:featuredmedia":[{"embeddable":true,"href":"https:\/\/prompt-place.com\/tr\/wp-json\/wp\/v2\/media\/21602"}],"wp:attachment":[{"href":"https:\/\/prompt-place.com\/tr\/wp-json\/wp\/v2\/media?parent=23864"}],"wp:term":[{"taxonomy":"product_brand","embeddable":true,"href":"https:\/\/prompt-place.com\/tr\/wp-json\/wp\/v2\/product_brand?post=23864"},{"taxonomy":"product_cat","embeddable":true,"href":"https:\/\/prompt-place.com\/tr\/wp-json\/wp\/v2\/product_cat?post=23864"},{"taxonomy":"product_tag","embeddable":true,"href":"https:\/\/prompt-place.com\/tr\/wp-json\/wp\/v2\/product_tag?post=23864"}],"curies":[{"name":"wp","href":"https:\/\/api.w.org\/{rel}","templated":true}]}}