{"id":23854,"date":"2026-01-06T09:42:38","date_gmt":"2026-01-06T09:42:38","guid":{"rendered":"http:\/\/prompt-place.com\/product\/tarihsel-kaliplara-dayanarak-gelecekteki-is-sonuclarini-tahmin-edin-deepseek\/"},"modified":"2026-01-06T09:42:38","modified_gmt":"2026-01-06T09:42:38","slug":"tarihsel-kaliplara-dayanarak-gelecekteki-is-sonuclarini-tahmin-edin-deepseek","status":"publish","type":"product","link":"https:\/\/prompt-place.com\/tr\/urun\/tarihsel-kaliplara-dayanarak-gelecekteki-is-sonuclarini-tahmin-edin-deepseek\/","title":{"rendered":"Tarihsel Kal\u0131plara Dayanarak Gelecekteki \u0130\u015f Sonu\u00e7lar\u0131n\u0131 Tahmin Edin (DeepSeek)"},"content":{"rendered":"<p>Ge\u00e7mi\u015f kal\u0131plar\u0131, zaman serisi analizini ve senaryo modellemesini kullanarak gelecekteki i\u015f sonu\u00e7lar\u0131n\u0131 tahmin etmek i\u00e7in bir DeepSeek istemi. Belirsizli\u011fi, temel etkenleri ve planlama, b\u00fct\u00e7eleme ve kapasite y\u00f6netimi i\u00e7in karara haz\u0131r i\u00e7g\u00f6r\u00fcleri vurgular. <\/p>\n","protected":false},"excerpt":{"rendered":"<p>Ge\u00e7mi\u015f kal\u0131plar\u0131, zaman serisi analizini ve senaryo modellemesini kullanarak gelecekteki i\u015f sonu\u00e7lar\u0131n\u0131 tahmin etmek i\u00e7in bir DeepSeek istemi. Belirsizli\u011fi, temel etkenleri ve planlama, b\u00fct\u00e7eleme ve kapasite y\u00f6netimi i\u00e7in karara haz\u0131r i\u00e7g\u00f6r\u00fcleri vurgular.<\/p>\n","protected":false},"featured_media":21602,"comment_status":"open","ping_status":"closed","template":"","meta":[],"product_brand":[],"product_cat":[695,347],"product_tag":[1621,1672,1644,1671,1670,1617,1669,1668],"class_list":{"0":"post-23854","1":"product","2":"type-product","3":"status-publish","4":"has-post-thumbnail","6":"product_cat-deepseek-istemleri","7":"product_cat-modeller","8":"product_tag-deepseek","9":"product_tag-is-tahmini","10":"product_tag-karar-destek","11":"product_tag-senaryo-analiz","12":"product_tag-tahmin","13":"product_tag-uretime-hazir","14":"product_tag-veri-bilim","15":"product_tag-zaman-serileri","17":"first","18":"instock","19":"downloadable","20":"virtual","21":"product-type-simple"},"_links":{"self":[{"href":"https:\/\/prompt-place.com\/tr\/wp-json\/wp\/v2\/product\/23854","targetHints":{"allow":["GET"]}}],"collection":[{"href":"https:\/\/prompt-place.com\/tr\/wp-json\/wp\/v2\/product"}],"about":[{"href":"https:\/\/prompt-place.com\/tr\/wp-json\/wp\/v2\/types\/product"}],"replies":[{"embeddable":true,"href":"https:\/\/prompt-place.com\/tr\/wp-json\/wp\/v2\/comments?post=23854"}],"wp:featuredmedia":[{"embeddable":true,"href":"https:\/\/prompt-place.com\/tr\/wp-json\/wp\/v2\/media\/21602"}],"wp:attachment":[{"href":"https:\/\/prompt-place.com\/tr\/wp-json\/wp\/v2\/media?parent=23854"}],"wp:term":[{"taxonomy":"product_brand","embeddable":true,"href":"https:\/\/prompt-place.com\/tr\/wp-json\/wp\/v2\/product_brand?post=23854"},{"taxonomy":"product_cat","embeddable":true,"href":"https:\/\/prompt-place.com\/tr\/wp-json\/wp\/v2\/product_cat?post=23854"},{"taxonomy":"product_tag","embeddable":true,"href":"https:\/\/prompt-place.com\/tr\/wp-json\/wp\/v2\/product_tag?post=23854"}],"curies":[{"name":"wp","href":"https:\/\/api.w.org\/{rel}","templated":true}]}}