{"id":23853,"date":"2026-01-06T09:42:38","date_gmt":"2026-01-06T09:42:38","guid":{"rendered":"http:\/\/prompt-place.com\/product\/buyuk-bir-kod-tabanini-sahiplik-ile-net-modullere-ayirin-deepseek\/"},"modified":"2026-01-06T09:42:38","modified_gmt":"2026-01-06T09:42:38","slug":"buyuk-bir-kod-tabanini-sahiplik-ile-net-modullere-ayirin-deepseek","status":"publish","type":"product","link":"https:\/\/prompt-place.com\/tr\/urun\/buyuk-bir-kod-tabanini-sahiplik-ile-net-modullere-ayirin-deepseek\/","title":{"rendered":"B\u00fcy\u00fck Bir Kod Taban\u0131n\u0131 Sahiplik ile Net Mod\u00fcllere Ay\u0131r\u0131n (DeepSeek)"},"content":{"rendered":"<p>B\u00fcy\u00fck, karma\u015f\u0131k kod tabanlar\u0131n\u0131 net s\u0131n\u0131rlara ve sahipli\u011fe sahip iyi tan\u0131mlanm\u0131\u015f mod\u00fcllere ay\u0131rmak i\u00e7in bir DeepSeek istemi. Ba\u011flant\u0131y\u0131 azaltmaya, s\u00fcrd\u00fcr\u00fclebilirli\u011fi geli\u015ftirmeye ve g\u00fcvenli, art\u0131ml\u0131 bir ge\u00e7i\u015f plan\u0131 ile \u00f6l\u00e7eklenebilir ekip sahipli\u011fini sa\u011flamaya odaklan\u0131r. <\/p>\n","protected":false},"excerpt":{"rendered":"<p>B\u00fcy\u00fck, karma\u015f\u0131k kod tabanlar\u0131n\u0131 net s\u0131n\u0131rlara ve sahipli\u011fe sahip iyi tan\u0131mlanm\u0131\u015f mod\u00fcllere ay\u0131rmak i\u00e7in bir DeepSeek istemi. Ba\u011flant\u0131y\u0131 azaltmaya, s\u00fcrd\u00fcr\u00fclebilirli\u011fi geli\u015ftirmeye ve g\u00fcvenli, art\u0131ml\u0131 bir ge\u00e7i\u015f plan\u0131 ile \u00f6l\u00e7eklenebilir ekip sahipli\u011fini sa\u011flamaya odaklan\u0131r.<\/p>\n","protected":false},"featured_media":21602,"comment_status":"open","ping_status":"closed","template":"","meta":[],"product_brand":[],"product_cat":[695,347],"product_tag":[1621,1663,1665,1667,1666,1661,1617,1659],"class_list":{"0":"post-23853","1":"product","2":"type-product","3":"status-publish","4":"has-post-thumbnail","6":"product_cat-deepseek-istemleri","7":"product_cat-modeller","8":"product_tag-deepseek","9":"product_tag-kod-tabani-refactoring","10":"product_tag-moduler-mimari","11":"product_tag-muhendislik-yonetimi","12":"product_tag-sahiplik-modeli","13":"product_tag-surdurulebilirlik","14":"product_tag-uretime-hazir","15":"product_tag-yazilim-mimarisi","17":"first","18":"instock","19":"downloadable","20":"virtual","21":"product-type-simple"},"_links":{"self":[{"href":"https:\/\/prompt-place.com\/tr\/wp-json\/wp\/v2\/product\/23853","targetHints":{"allow":["GET"]}}],"collection":[{"href":"https:\/\/prompt-place.com\/tr\/wp-json\/wp\/v2\/product"}],"about":[{"href":"https:\/\/prompt-place.com\/tr\/wp-json\/wp\/v2\/types\/product"}],"replies":[{"embeddable":true,"href":"https:\/\/prompt-place.com\/tr\/wp-json\/wp\/v2\/comments?post=23853"}],"wp:featuredmedia":[{"embeddable":true,"href":"https:\/\/prompt-place.com\/tr\/wp-json\/wp\/v2\/media\/21602"}],"wp:attachment":[{"href":"https:\/\/prompt-place.com\/tr\/wp-json\/wp\/v2\/media?parent=23853"}],"wp:term":[{"taxonomy":"product_brand","embeddable":true,"href":"https:\/\/prompt-place.com\/tr\/wp-json\/wp\/v2\/product_brand?post=23853"},{"taxonomy":"product_cat","embeddable":true,"href":"https:\/\/prompt-place.com\/tr\/wp-json\/wp\/v2\/product_cat?post=23853"},{"taxonomy":"product_tag","embeddable":true,"href":"https:\/\/prompt-place.com\/tr\/wp-json\/wp\/v2\/product_tag?post=23853"}],"curies":[{"name":"wp","href":"https:\/\/api.w.org\/{rel}","templated":true}]}}