{"id":23852,"date":"2026-01-06T09:42:39","date_gmt":"2026-01-06T09:42:39","guid":{"rendered":"http:\/\/prompt-place.com\/product\/dagitik-sistemlerde-dagitim-stratejisi-risklerini-degerlendirin-deepseek\/"},"modified":"2026-01-06T09:42:39","modified_gmt":"2026-01-06T09:42:39","slug":"dagitik-sistemlerde-dagitim-stratejisi-risklerini-degerlendirin-deepseek","status":"publish","type":"product","link":"https:\/\/prompt-place.com\/tr\/urun\/dagitik-sistemlerde-dagitim-stratejisi-risklerini-degerlendirin-deepseek\/","title":{"rendered":"Da\u011f\u0131t\u0131k Sistemlerde Da\u011f\u0131t\u0131m Stratejisi Risklerini De\u011ferlendirin (DeepSeek)"},"content":{"rendered":"<p>Da\u011f\u0131t\u0131k sistemlerde da\u011f\u0131t\u0131m stratejisi risklerini de\u011ferlendirmek i\u00e7in bir DeepSeek istemi. Ar\u0131za modlar\u0131n\u0131, patlama yar\u0131\u00e7ap\u0131 etkilerini ve hizmetler aras\u0131ndaki koordinasyon risklerini tan\u0131mlar ve kesintileri ve kurtarma s\u00fcresini azaltmak i\u00e7in somut hafifletmeler, do\u011frulama ad\u0131mlar\u0131 ve g\u00fcvenlik kontrolleri \u00f6nerir. <\/p>\n","protected":false},"excerpt":{"rendered":"<p>Da\u011f\u0131t\u0131k sistemlerde da\u011f\u0131t\u0131m stratejisi risklerini de\u011ferlendirmek i\u00e7in bir DeepSeek istemi. Ar\u0131za modlar\u0131n\u0131, patlama yar\u0131\u00e7ap\u0131 etkilerini ve hizmetler aras\u0131ndaki koordinasyon risklerini tan\u0131mlar ve kesintileri ve kurtarma s\u00fcresini azaltmak i\u00e7in somut hafifletmeler, do\u011frulama ad\u0131mlar\u0131 ve g\u00fcvenlik kontrolleri \u00f6nerir.<\/p>\n","protected":false},"featured_media":21602,"comment_status":"open","ping_status":"closed","template":"","meta":[],"product_brand":[],"product_cat":[695,347],"product_tag":[1662,1657,1660,1621,1656,1664,1655,1658,1617],"class_list":{"0":"post-23852","1":"product","2":"type-product","3":"status-publish","4":"has-post-thumbnail","6":"product_cat-deepseek-istemleri","7":"product_cat-modeller","8":"product_tag-canary-deployments","9":"product_tag-dagitilmis-sistemler","10":"product_tag-dagitim-stratejisi","11":"product_tag-deepseek","12":"product_tag-devops","13":"product_tag-guvenilirlik","14":"product_tag-risk-degerlendirmesi","15":"product_tag-sre","16":"product_tag-uretime-hazir","18":"first","19":"instock","20":"downloadable","21":"virtual","22":"product-type-simple"},"_links":{"self":[{"href":"https:\/\/prompt-place.com\/tr\/wp-json\/wp\/v2\/product\/23852","targetHints":{"allow":["GET"]}}],"collection":[{"href":"https:\/\/prompt-place.com\/tr\/wp-json\/wp\/v2\/product"}],"about":[{"href":"https:\/\/prompt-place.com\/tr\/wp-json\/wp\/v2\/types\/product"}],"replies":[{"embeddable":true,"href":"https:\/\/prompt-place.com\/tr\/wp-json\/wp\/v2\/comments?post=23852"}],"wp:featuredmedia":[{"embeddable":true,"href":"https:\/\/prompt-place.com\/tr\/wp-json\/wp\/v2\/media\/21602"}],"wp:attachment":[{"href":"https:\/\/prompt-place.com\/tr\/wp-json\/wp\/v2\/media?parent=23852"}],"wp:term":[{"taxonomy":"product_brand","embeddable":true,"href":"https:\/\/prompt-place.com\/tr\/wp-json\/wp\/v2\/product_brand?post=23852"},{"taxonomy":"product_cat","embeddable":true,"href":"https:\/\/prompt-place.com\/tr\/wp-json\/wp\/v2\/product_cat?post=23852"},{"taxonomy":"product_tag","embeddable":true,"href":"https:\/\/prompt-place.com\/tr\/wp-json\/wp\/v2\/product_tag?post=23852"}],"curies":[{"name":"wp","href":"https:\/\/api.w.org\/{rel}","templated":true}]}}