{"id":23847,"date":"2026-01-06T09:42:39","date_gmt":"2026-01-06T09:42:39","guid":{"rendered":"http:\/\/prompt-place.com\/product\/is-raporlama-is-akislarindaki-gizli-verimsizlikleri-belirleyin-deepseek\/"},"modified":"2026-01-06T09:42:39","modified_gmt":"2026-01-06T09:42:39","slug":"is-raporlama-is-akislarindaki-gizli-verimsizlikleri-belirleyin-deepseek","status":"publish","type":"product","link":"https:\/\/prompt-place.com\/tr\/urun\/is-raporlama-is-akislarindaki-gizli-verimsizlikleri-belirleyin-deepseek\/","title":{"rendered":"\u0130\u015f Raporlama \u0130\u015f Ak\u0131\u015flar\u0131ndaki Gizli Verimsizlikleri Belirleyin (DeepSeek)"},"content":{"rendered":"<p>\u0130\u015f raporlama i\u015f ak\u0131\u015flar\u0131ndaki gizli verimsizlikleri ortaya \u00e7\u0131karmak i\u00e7in bir DeepSeek istemi &#8211; manuel yeniden \u00e7al\u0131\u015fma, k\u0131r\u0131lgan ba\u011f\u0131ml\u0131l\u0131klar, gecikme kaynaklar\u0131 ve veri kalitesi risklerini belirleyerek &#8211; ard\u0131ndan i\u00e7g\u00f6r\u00fcleri h\u0131zland\u0131rmak ve g\u00fcveni art\u0131rmak i\u00e7in \u00f6ncelikli, eyleme ge\u00e7irilebilir iyile\u015ftirmeler sunar.<\/p>\n","protected":false},"excerpt":{"rendered":"<p>\u0130\u015f raporlama i\u015f ak\u0131\u015flar\u0131ndaki gizli verimsizlikleri ortaya \u00e7\u0131karmak i\u00e7in bir DeepSeek istemi &#8211; manuel yeniden \u00e7al\u0131\u015fma, k\u0131r\u0131lgan ba\u011f\u0131ml\u0131l\u0131klar, gecikme kaynaklar\u0131 ve veri kalitesi risklerini belirleyerek &#8211; ard\u0131ndan i\u00e7g\u00f6r\u00fcleri h\u0131zland\u0131rmak ve g\u00fcveni art\u0131rmak i\u00e7in \u00f6ncelikli, eyleme ge\u00e7irilebilir iyile\u015ftirmeler sunar.<\/p>\n","protected":false},"featured_media":21602,"comment_status":"open","ping_status":"closed","template":"","meta":[],"product_brand":[],"product_cat":[695,347],"product_tag":[1627,1621,1619,1625,1614,1623,1617,1628],"class_list":{"0":"post-23847","1":"product","2":"type-product","3":"status-publish","4":"has-post-thumbnail","6":"product_cat-deepseek-istemleri","7":"product_cat-modeller","8":"product_tag-bi-analytics","9":"product_tag-deepseek","10":"product_tag-is-akisi-optimizasyonu","11":"product_tag-is-raporlama","12":"product_tag-otomasyon","13":"product_tag-surec-analizi","14":"product_tag-uretime-hazir","15":"product_tag-veri-yonetimi","17":"first","18":"instock","19":"downloadable","20":"virtual","21":"product-type-simple"},"_links":{"self":[{"href":"https:\/\/prompt-place.com\/tr\/wp-json\/wp\/v2\/product\/23847","targetHints":{"allow":["GET"]}}],"collection":[{"href":"https:\/\/prompt-place.com\/tr\/wp-json\/wp\/v2\/product"}],"about":[{"href":"https:\/\/prompt-place.com\/tr\/wp-json\/wp\/v2\/types\/product"}],"replies":[{"embeddable":true,"href":"https:\/\/prompt-place.com\/tr\/wp-json\/wp\/v2\/comments?post=23847"}],"wp:featuredmedia":[{"embeddable":true,"href":"https:\/\/prompt-place.com\/tr\/wp-json\/wp\/v2\/media\/21602"}],"wp:attachment":[{"href":"https:\/\/prompt-place.com\/tr\/wp-json\/wp\/v2\/media?parent=23847"}],"wp:term":[{"taxonomy":"product_brand","embeddable":true,"href":"https:\/\/prompt-place.com\/tr\/wp-json\/wp\/v2\/product_brand?post=23847"},{"taxonomy":"product_cat","embeddable":true,"href":"https:\/\/prompt-place.com\/tr\/wp-json\/wp\/v2\/product_cat?post=23847"},{"taxonomy":"product_tag","embeddable":true,"href":"https:\/\/prompt-place.com\/tr\/wp-json\/wp\/v2\/product_tag?post=23847"}],"curies":[{"name":"wp","href":"https:\/\/api.w.org\/{rel}","templated":true}]}}