{"id":25139,"date":"2026-04-14T11:39:11","date_gmt":"2026-04-14T11:39:11","guid":{"rendered":"https:\/\/prompt-place.com\/urun-konseptleri\/"},"modified":"2026-04-14T11:42:32","modified_gmt":"2026-04-14T11:42:32","slug":"urun-konseptleri","status":"publish","type":"page","link":"https:\/\/prompt-place.com\/tr\/urun-konseptleri\/","title":{"rendered":"\u00dcr\u00fcn Konseptleri"},"content":{"rendered":"\t\t<div data-elementor-type=\"wp-page\" data-elementor-id=\"25139\" class=\"elementor elementor-25139 elementor-25130\" data-elementor-post-type=\"page\">\n\t\t\t\t<div class=\"elementor-element elementor-element-79f9f92 e-grid e-con-boxed e-con e-parent\" data-id=\"79f9f92\" data-element_type=\"container\">\n\t\t\t\t\t<div class=\"e-con-inner\">\n\t\t\t\t<div class=\"elementor-element elementor-element-e98b5ad elementor-grid-1 elementor-grid-tablet-3 elementor-grid-mobile-2 elementor-products-grid elementor-wc-products elementor-widget elementor-widget-woocommerce-products\" data-id=\"e98b5ad\" data-element_type=\"widget\" data-widget_type=\"woocommerce-products.default\">\n\t\t\t\t<div class=\"elementor-widget-container\">\n\t\t\t\t\t<div class=\"woocommerce columns-1 \"><ul class=\"products elementor-grid columns-1\">\n<li class=\"first last post-25195 product type-product status-publish has-post-thumbnail product_cat-urun-konseptleri instock shipping-taxable product-type-simple\">\n\t<div class=\"products-wrapper\">\n\t\n\t\n\n\t\t<div class=\"thumbnail-and-details\"><div class=\"overlay-container\"><div class=\"hover-container\"><div class=\"component add-to-cart\"><a href=\"https:\/\/prompt-place.com\/tr\/urun\/yapay-zeka-is-akisi-optimizasyon-sistemi\/\" data-quantity=\"1\" data-tooltip=\"Sepete ekle\" class=\"button product_type_simple\" data-product_id=\"25195\" data-product_sku=\"\" aria-label=\"&ldquo;Yapay Zek\u00e2 \u0130\u015f Ak\u0131\u015f\u0131 Optimizasyon Sistemi&rdquo; hakk\u0131nda daha fazla bilgi edinin\" rel=\"nofollow\" data-success_message=\"\"><i class=\"fa fa-shopping-basket\"><\/i>Sepete ekle<\/a><\/div><\/div><\/div><a class=\"woo_catalog_media_images\" title=\"Yapay Zek\u00e2 \u0130\u015f Ak\u0131\u015f\u0131 Optimizasyon Sistemi\" href=\"https:\/\/prompt-place.com\/tr\/urun\/yapay-zeka-is-akisi-optimizasyon-sistemi\/\"><img fetchpriority=\"high\" decoding=\"async\" width=\"300\" height=\"300\" src=\"https:\/\/prompt-place.com\/wp-content\/uploads\/2026\/04\/ChatGPT-Image-14-\u043a\u0432\u0456\u0442.-2026-\u0440.-14_17_11-300x300.png\" class=\"attachment-woocommerce_thumbnail size-woocommerce_thumbnail\" alt=\"Yapay Zek\u00e2 \u0130\u015f Ak\u0131\u015f\u0131 Optimizasyon Sistemi\" srcset=\"https:\/\/prompt-place.com\/wp-content\/uploads\/2026\/04\/ChatGPT-Image-14-\u043a\u0432\u0456\u0442.-2026-\u0440.-14_17_11-300x300.png 300w, https:\/\/prompt-place.com\/wp-content\/uploads\/2026\/04\/ChatGPT-Image-14-\u043a\u0432\u0456\u0442.-2026-\u0440.-14_17_11-150x150.png 150w, https:\/\/prompt-place.com\/wp-content\/uploads\/2026\/04\/ChatGPT-Image-14-\u043a\u0432\u0456\u0442.-2026-\u0440.-14_17_11-400x400.png 400w, https:\/\/prompt-place.com\/wp-content\/uploads\/2026\/04\/ChatGPT-Image-14-\u043a\u0432\u0456\u0442.-2026-\u0440.-14_17_11-200x200.png 200w\" sizes=\"(max-width: 300px) 100vw, 300px\" \/><\/a><\/div>\n\t\t\t<div class=\"woocommerce-title-metas\">\n\t\t\t\t<div class=\"title-wishlist-wrapper\">\n\t\t\t\t\t\t                        <div class=\"woopt-aimodel-badge\">\n\t\t\t\t\t\t\t\t\t\t\t\t\t\t\t\t\t<img decoding=\"async\" src=\"https:\/\/prompt-place.com\/wp-content\/uploads\/2026\/04\/\u0420\u043e\u0437\u0440\u043e\u0431\u043a\u0430-\u043a\u043e\u043d\u0446\u0435\u043f\u0446\u0456\u0457-\u0440\u043e\u0437\u0443\u043c\u043d\u043e\u0457-\u043a\u043e\u043b\u043e\u043d\u043a\u0438.png\" alt=\"\u00dcr\u00fcn Konseptleri\">\n\t\t\t\t\t\t\t\t\t                        \t\u00dcr\u00fcn Konseptleri\t                        <\/div>\n\t\t\t\t\t<h3 class=\"archive-product-title\">\n\t\t\t\t\t\t<a href=\"https:\/\/prompt-place.com\/tr\/urun\/yapay-zeka-is-akisi-optimizasyon-sistemi\/\">\n\t\t\t\t\t\t\tYapay Zek\u00e2 \u0130\u015f Ak\u0131\u015f\u0131 Optimizasyon Sistemi\t\t\t\t\t\t<\/a>\n\t\t\t\t\t<\/h3>\n\t\t        <\/div>\n\n\t\t\t<div class=\"details-container\"><div class=\"details-price-container details-item\"><div class=\"details-price-wrapper\">\n\t<span class=\"price\"><span class=\"woocommerce-Price-amount amount\"><bdi><span class=\"woocommerce-Price-currencySymbol\">&#36;<\/span>329.00<\/bdi><\/span><\/span>\n<\/div><\/div><\/div><div class=\"bottom-components-list\"><div class=\"component add-to-cart\"><a href=\"https:\/\/prompt-place.com\/tr\/urun\/yapay-zeka-is-akisi-optimizasyon-sistemi\/\" data-quantity=\"1\" data-tooltip=\"Sepete ekle\" class=\"button product_type_simple\" data-product_id=\"25195\" data-product_sku=\"\" aria-label=\"&ldquo;Yapay Zek\u00e2 \u0130\u015f Ak\u0131\u015f\u0131 Optimizasyon Sistemi&rdquo; hakk\u0131nda daha fazla bilgi edinin\" rel=\"nofollow\" data-success_message=\"\"><i class=\"fa fa-shopping-basket\"><\/i>Sepete ekle<\/a><\/div><\/div>\t\t<\/div>\n\t<\/div>\n<\/li><\/ul>\n<\/div>\t\t\t\t<\/div>\n\t\t\t\t<\/div>\n\t\t\t\t<div class=\"elementor-element elementor-element-4ad4997 elementor-grid-1 elementor-grid-tablet-3 elementor-grid-mobile-2 elementor-products-grid elementor-wc-products elementor-widget elementor-widget-woocommerce-products\" data-id=\"4ad4997\" data-element_type=\"widget\" data-widget_type=\"woocommerce-products.default\">\n\t\t\t\t<div class=\"elementor-widget-container\">\n\t\t\t\t\t<div class=\"woocommerce columns-1 \"><ul class=\"products elementor-grid columns-1\">\n<li class=\"first last post-25201 product type-product status-publish has-post-thumbnail product_cat-urun-konseptleri instock shipping-taxable product-type-simple\">\n\t<div class=\"products-wrapper\">\n\t\n\t\n\n\t\t<div class=\"thumbnail-and-details\"><div class=\"overlay-container\"><div class=\"hover-container\"><div class=\"component add-to-cart\"><a href=\"https:\/\/prompt-place.com\/tr\/urun\/akilli-operasyonlar-gosterge-paneli-konsepti\/\" data-quantity=\"1\" data-tooltip=\"Sepete ekle\" class=\"button product_type_simple\" data-product_id=\"25201\" data-product_sku=\"\" aria-label=\"&ldquo;Ak\u0131ll\u0131 Operasyonlar G\u00f6sterge Paneli Konsepti&rdquo; hakk\u0131nda daha fazla bilgi edinin\" rel=\"nofollow\" data-success_message=\"\"><i class=\"fa fa-shopping-basket\"><\/i>Sepete ekle<\/a><\/div><\/div><\/div><a class=\"woo_catalog_media_images\" title=\"Ak\u0131ll\u0131 Operasyonlar G\u00f6sterge Paneli Konsepti\" href=\"https:\/\/prompt-place.com\/tr\/urun\/akilli-operasyonlar-gosterge-paneli-konsepti\/\"><img decoding=\"async\" width=\"300\" height=\"300\" src=\"https:\/\/prompt-place.com\/wp-content\/uploads\/2026\/04\/b5bd6ea7-c0f9-463d-89ff-9d6d1c93def1-300x300.png\" class=\"attachment-woocommerce_thumbnail size-woocommerce_thumbnail\" alt=\"Ak\u0131ll\u0131 Operasyonlar G\u00f6sterge Paneli Konsepti\" srcset=\"https:\/\/prompt-place.com\/wp-content\/uploads\/2026\/04\/b5bd6ea7-c0f9-463d-89ff-9d6d1c93def1-300x300.png 300w, https:\/\/prompt-place.com\/wp-content\/uploads\/2026\/04\/b5bd6ea7-c0f9-463d-89ff-9d6d1c93def1-150x150.png 150w, https:\/\/prompt-place.com\/wp-content\/uploads\/2026\/04\/b5bd6ea7-c0f9-463d-89ff-9d6d1c93def1-400x400.png 400w, https:\/\/prompt-place.com\/wp-content\/uploads\/2026\/04\/b5bd6ea7-c0f9-463d-89ff-9d6d1c93def1-200x200.png 200w\" sizes=\"(max-width: 300px) 100vw, 300px\" \/><\/a><\/div>\n\t\t\t<div class=\"woocommerce-title-metas\">\n\t\t\t\t<div class=\"title-wishlist-wrapper\">\n\t\t\t\t\t\t                        <div class=\"woopt-aimodel-badge\">\n\t\t\t\t\t\t\t\t\t\t\t\t\t\t\t\t\t<img decoding=\"async\" src=\"https:\/\/prompt-place.com\/wp-content\/uploads\/2026\/04\/\u0420\u043e\u0437\u0440\u043e\u0431\u043a\u0430-\u043a\u043e\u043d\u0446\u0435\u043f\u0446\u0456\u0457-\u0440\u043e\u0437\u0443\u043c\u043d\u043e\u0457-\u043a\u043e\u043b\u043e\u043d\u043a\u0438.png\" alt=\"\u00dcr\u00fcn Konseptleri\">\n\t\t\t\t\t\t\t\t\t                        \t\u00dcr\u00fcn Konseptleri\t                        <\/div>\n\t\t\t\t\t<h3 class=\"archive-product-title\">\n\t\t\t\t\t\t<a href=\"https:\/\/prompt-place.com\/tr\/urun\/akilli-operasyonlar-gosterge-paneli-konsepti\/\">\n\t\t\t\t\t\t\tAk\u0131ll\u0131 Operasyonlar G\u00f6sterge Paneli Konsepti\t\t\t\t\t\t<\/a>\n\t\t\t\t\t<\/h3>\n\t\t        <\/div>\n\n\t\t\t<div class=\"details-container\"><div class=\"details-price-container details-item\"><div class=\"details-price-wrapper\">\n\t<span class=\"price\"><span class=\"woocommerce-Price-amount amount\"><bdi><span class=\"woocommerce-Price-currencySymbol\">&#36;<\/span>369.00<\/bdi><\/span><\/span>\n<\/div><\/div><\/div><div class=\"bottom-components-list\"><div class=\"component add-to-cart\"><a href=\"https:\/\/prompt-place.com\/tr\/urun\/akilli-operasyonlar-gosterge-paneli-konsepti\/\" data-quantity=\"1\" data-tooltip=\"Sepete ekle\" class=\"button product_type_simple\" data-product_id=\"25201\" data-product_sku=\"\" aria-label=\"&ldquo;Ak\u0131ll\u0131 Operasyonlar G\u00f6sterge Paneli Konsepti&rdquo; hakk\u0131nda daha fazla bilgi edinin\" rel=\"nofollow\" data-success_message=\"\"><i class=\"fa fa-shopping-basket\"><\/i>Sepete ekle<\/a><\/div><\/div>\t\t<\/div>\n\t<\/div>\n<\/li><\/ul>\n<\/div>\t\t\t\t<\/div>\n\t\t\t\t<\/div>\n\t\t\t\t<div class=\"elementor-element elementor-element-2e7bf96 elementor-grid-1 elementor-grid-tablet-3 elementor-grid-mobile-2 elementor-products-grid elementor-wc-products elementor-widget elementor-widget-woocommerce-products\" data-id=\"2e7bf96\" data-element_type=\"widget\" data-widget_type=\"woocommerce-products.default\">\n\t\t\t\t<div class=\"elementor-widget-container\">\n\t\t\t\t\t<div class=\"woocommerce columns-1 \"><ul class=\"products elementor-grid columns-1\">\n<li class=\"first last post-25207 product type-product status-publish has-post-thumbnail product_cat-urun-konseptleri instock shipping-taxable product-type-simple\">\n\t<div class=\"products-wrapper\">\n\t\n\t\n\n\t\t<div class=\"thumbnail-and-details\"><div class=\"overlay-container\"><div class=\"hover-container\"><div class=\"component add-to-cart\"><a href=\"https:\/\/prompt-place.com\/tr\/urun\/yapay-zeka-surec-otomasyonu-merkezi\/\" data-quantity=\"1\" data-tooltip=\"Sepete ekle\" class=\"button product_type_simple\" data-product_id=\"25207\" data-product_sku=\"\" aria-label=\"&ldquo;Yapay Zek\u00e2 S\u00fcre\u00e7 Otomasyonu Merkezi&rdquo; hakk\u0131nda daha fazla bilgi edinin\" rel=\"nofollow\" data-success_message=\"\"><i class=\"fa fa-shopping-basket\"><\/i>Sepete ekle<\/a><\/div><\/div><\/div><a class=\"woo_catalog_media_images\" title=\"Yapay Zek\u00e2 S\u00fcre\u00e7 Otomasyonu Merkezi\" href=\"https:\/\/prompt-place.com\/tr\/urun\/yapay-zeka-surec-otomasyonu-merkezi\/\"><img decoding=\"async\" width=\"300\" height=\"300\" src=\"https:\/\/prompt-place.com\/wp-content\/uploads\/2026\/04\/10f75db0-9eca-4244-b06a-6e1befe71be6-300x300.png\" class=\"attachment-woocommerce_thumbnail size-woocommerce_thumbnail\" alt=\"Yapay Zek\u00e2 S\u00fcre\u00e7 Otomasyonu Merkezi\" srcset=\"https:\/\/prompt-place.com\/wp-content\/uploads\/2026\/04\/10f75db0-9eca-4244-b06a-6e1befe71be6-300x300.png 300w, https:\/\/prompt-place.com\/wp-content\/uploads\/2026\/04\/10f75db0-9eca-4244-b06a-6e1befe71be6-150x150.png 150w, https:\/\/prompt-place.com\/wp-content\/uploads\/2026\/04\/10f75db0-9eca-4244-b06a-6e1befe71be6-400x400.png 400w, https:\/\/prompt-place.com\/wp-content\/uploads\/2026\/04\/10f75db0-9eca-4244-b06a-6e1befe71be6-200x200.png 200w\" sizes=\"(max-width: 300px) 100vw, 300px\" \/><\/a><\/div>\n\t\t\t<div class=\"woocommerce-title-metas\">\n\t\t\t\t<div class=\"title-wishlist-wrapper\">\n\t\t\t\t\t\t                        <div class=\"woopt-aimodel-badge\">\n\t\t\t\t\t\t\t\t\t\t\t\t\t\t\t\t\t<img decoding=\"async\" src=\"https:\/\/prompt-place.com\/wp-content\/uploads\/2026\/04\/\u0420\u043e\u0437\u0440\u043e\u0431\u043a\u0430-\u043a\u043e\u043d\u0446\u0435\u043f\u0446\u0456\u0457-\u0440\u043e\u0437\u0443\u043c\u043d\u043e\u0457-\u043a\u043e\u043b\u043e\u043d\u043a\u0438.png\" alt=\"\u00dcr\u00fcn Konseptleri\">\n\t\t\t\t\t\t\t\t\t                        \t\u00dcr\u00fcn Konseptleri\t                        <\/div>\n\t\t\t\t\t<h3 class=\"archive-product-title\">\n\t\t\t\t\t\t<a href=\"https:\/\/prompt-place.com\/tr\/urun\/yapay-zeka-surec-otomasyonu-merkezi\/\">\n\t\t\t\t\t\t\tYapay Zek\u00e2 S\u00fcre\u00e7 Otomasyonu Merkezi\t\t\t\t\t\t<\/a>\n\t\t\t\t\t<\/h3>\n\t\t        <\/div>\n\n\t\t\t<div class=\"details-container\"><div class=\"details-price-container details-item\"><div class=\"details-price-wrapper\">\n\t<span class=\"price\"><span class=\"woocommerce-Price-amount amount\"><bdi><span class=\"woocommerce-Price-currencySymbol\">&#36;<\/span>389.00<\/bdi><\/span><\/span>\n<\/div><\/div><\/div><div class=\"bottom-components-list\"><div class=\"component add-to-cart\"><a href=\"https:\/\/prompt-place.com\/tr\/urun\/yapay-zeka-surec-otomasyonu-merkezi\/\" data-quantity=\"1\" data-tooltip=\"Sepete ekle\" class=\"button product_type_simple\" data-product_id=\"25207\" data-product_sku=\"\" aria-label=\"&ldquo;Yapay Zek\u00e2 S\u00fcre\u00e7 Otomasyonu Merkezi&rdquo; hakk\u0131nda daha fazla bilgi edinin\" rel=\"nofollow\" data-success_message=\"\"><i class=\"fa fa-shopping-basket\"><\/i>Sepete ekle<\/a><\/div><\/div>\t\t<\/div>\n\t<\/div>\n<\/li><\/ul>\n<\/div>\t\t\t\t<\/div>\n\t\t\t\t<\/div>\n\t\t\t\t\t<\/div>\n\t\t\t\t<\/div>\n\t\t\t\t<\/div>\n\t\t","protected":false},"excerpt":{"rendered":"","protected":false},"author":1,"featured_media":0,"parent":0,"menu_order":0,"comment_status":"closed","ping_status":"closed","template":"","meta":{"footnotes":""},"class_list":["post-25139","page","type-page","status-publish","hentry"],"_links":{"self":[{"href":"https:\/\/prompt-place.com\/tr\/wp-json\/wp\/v2\/pages\/25139","targetHints":{"allow":["GET"]}}],"collection":[{"href":"https:\/\/prompt-place.com\/tr\/wp-json\/wp\/v2\/pages"}],"about":[{"href":"https:\/\/prompt-place.com\/tr\/wp-json\/wp\/v2\/types\/page"}],"author":[{"embeddable":true,"href":"https:\/\/prompt-place.com\/tr\/wp-json\/wp\/v2\/users\/1"}],"replies":[{"embeddable":true,"href":"https:\/\/prompt-place.com\/tr\/wp-json\/wp\/v2\/comments?post=25139"}],"version-history":[{"count":1,"href":"https:\/\/prompt-place.com\/tr\/wp-json\/wp\/v2\/pages\/25139\/revisions"}],"predecessor-version":[{"id":25140,"href":"https:\/\/prompt-place.com\/tr\/wp-json\/wp\/v2\/pages\/25139\/revisions\/25140"}],"wp:attachment":[{"href":"https:\/\/prompt-place.com\/tr\/wp-json\/wp\/v2\/media?parent=25139"}],"curies":[{"name":"wp","href":"https:\/\/api.w.org\/{rel}","templated":true}]}}