{"id":25126,"date":"2026-04-14T09:33:02","date_gmt":"2026-04-14T09:33:02","guid":{"rendered":"https:\/\/prompt-place.com\/kurslar\/"},"modified":"2026-04-14T11:38:49","modified_gmt":"2026-04-14T11:38:49","slug":"kurslar","status":"publish","type":"page","link":"https:\/\/prompt-place.com\/tr\/kurslar\/","title":{"rendered":"Kurslar"},"content":{"rendered":"\t\t<div data-elementor-type=\"wp-page\" data-elementor-id=\"25126\" class=\"elementor elementor-25126 elementor-25097\" data-elementor-post-type=\"page\">\n\t\t\t\t<div class=\"elementor-element elementor-element-d860120 e-grid e-con-boxed e-con e-parent\" data-id=\"d860120\" data-element_type=\"container\">\n\t\t\t\t\t<div class=\"e-con-inner\">\n\t\t\t\t<div class=\"elementor-element elementor-element-c9d1188 elementor-grid-1 elementor-grid-tablet-3 elementor-grid-mobile-2 elementor-products-grid elementor-wc-products elementor-widget elementor-widget-woocommerce-products\" data-id=\"c9d1188\" data-element_type=\"widget\" data-widget_type=\"woocommerce-products.default\">\n\t\t\t\t<div class=\"elementor-widget-container\">\n\t\t\t\t\t<div class=\"woocommerce columns-1 \"><ul class=\"products elementor-grid columns-1\">\n<li class=\"first last post-25176 product type-product status-publish has-post-thumbnail product_cat-kurslar instock shipping-taxable product-type-simple\">\n\t<div class=\"products-wrapper\">\n\t\n\t\n\n\t\t<div class=\"thumbnail-and-details\"><div class=\"overlay-container\"><div class=\"hover-container\"><div class=\"component add-to-cart\"><a href=\"https:\/\/prompt-place.com\/tr\/urun\/is-dunyasi-icin-prompt-engineering-ogrenin\/\" data-quantity=\"1\" data-tooltip=\"Sepete ekle\" class=\"button product_type_simple\" data-product_id=\"25176\" data-product_sku=\"\" aria-label=\"&ldquo;\u0130\u015f D\u00fcnyas\u0131 \u0130\u00e7in Prompt Engineering \u00d6\u011frenin&rdquo; hakk\u0131nda daha fazla bilgi edinin\" rel=\"nofollow\" data-success_message=\"\"><i class=\"fa fa-shopping-basket\"><\/i>Sepete ekle<\/a><\/div><\/div><\/div><a class=\"woo_catalog_media_images\" title=\"\u0130\u015f D\u00fcnyas\u0131 \u0130\u00e7in Prompt Engineering \u00d6\u011frenin\" href=\"https:\/\/prompt-place.com\/tr\/urun\/is-dunyasi-icin-prompt-engineering-ogrenin\/\"><img fetchpriority=\"high\" decoding=\"async\" width=\"300\" height=\"300\" src=\"https:\/\/prompt-place.com\/wp-content\/uploads\/2026\/04\/\u0421\u0443\u0447\u0430\u0441\u043d\u0435-\u0440\u043e\u0431\u043e\u0447\u0435-\u0441\u0435\u0440\u0435\u0434\u043e\u0432\u0438\u0449\u0435-\u0437-MacBook-Pro-300x300.png\" class=\"attachment-woocommerce_thumbnail size-woocommerce_thumbnail\" alt=\"\u0130\u015f D\u00fcnyas\u0131 \u0130\u00e7in Prompt Engineering \u00d6\u011frenin\" srcset=\"https:\/\/prompt-place.com\/wp-content\/uploads\/2026\/04\/\u0421\u0443\u0447\u0430\u0441\u043d\u0435-\u0440\u043e\u0431\u043e\u0447\u0435-\u0441\u0435\u0440\u0435\u0434\u043e\u0432\u0438\u0449\u0435-\u0437-MacBook-Pro-300x300.png 300w, https:\/\/prompt-place.com\/wp-content\/uploads\/2026\/04\/\u0421\u0443\u0447\u0430\u0441\u043d\u0435-\u0440\u043e\u0431\u043e\u0447\u0435-\u0441\u0435\u0440\u0435\u0434\u043e\u0432\u0438\u0449\u0435-\u0437-MacBook-Pro-150x150.png 150w, https:\/\/prompt-place.com\/wp-content\/uploads\/2026\/04\/\u0421\u0443\u0447\u0430\u0441\u043d\u0435-\u0440\u043e\u0431\u043e\u0447\u0435-\u0441\u0435\u0440\u0435\u0434\u043e\u0432\u0438\u0449\u0435-\u0437-MacBook-Pro-400x400.png 400w, https:\/\/prompt-place.com\/wp-content\/uploads\/2026\/04\/\u0421\u0443\u0447\u0430\u0441\u043d\u0435-\u0440\u043e\u0431\u043e\u0447\u0435-\u0441\u0435\u0440\u0435\u0434\u043e\u0432\u0438\u0449\u0435-\u0437-MacBook-Pro-200x200.png 200w\" sizes=\"(max-width: 300px) 100vw, 300px\" \/><\/a><\/div>\n\t\t\t<div class=\"woocommerce-title-metas\">\n\t\t\t\t<div class=\"title-wishlist-wrapper\">\n\t\t\t\t\t\t                        <div class=\"woopt-aimodel-badge\">\n\t\t\t\t\t\t\t\t\t\t\t\t\t\t\t\t\t<img decoding=\"async\" src=\"https:\/\/prompt-place.com\/wp-content\/uploads\/2026\/04\/ChatGPT-Image-10-\u043a\u0432\u0456\u0442.-2026-\u0440.-11_39_33.png\" alt=\"Kurslar\">\n\t\t\t\t\t\t\t\t\t                        \tKurslar\t                        <\/div>\n\t\t\t\t\t<h3 class=\"archive-product-title\">\n\t\t\t\t\t\t<a href=\"https:\/\/prompt-place.com\/tr\/urun\/is-dunyasi-icin-prompt-engineering-ogrenin\/\">\n\t\t\t\t\t\t\t\u0130\u015f D\u00fcnyas\u0131 \u0130\u00e7in Prompt Engineering \u00d6\u011frenin\t\t\t\t\t\t<\/a>\n\t\t\t\t\t<\/h3>\n\t\t        <\/div>\n\n\t\t\t<div class=\"details-container\"><div class=\"details-price-container details-item\"><div class=\"details-price-wrapper\">\n\t<span class=\"price\"><span class=\"woocommerce-Price-amount amount\"><bdi><span class=\"woocommerce-Price-currencySymbol\">&#36;<\/span>399.00<\/bdi><\/span><\/span>\n<\/div><\/div><\/div><div class=\"bottom-components-list\"><div class=\"component add-to-cart\"><a href=\"https:\/\/prompt-place.com\/tr\/urun\/is-dunyasi-icin-prompt-engineering-ogrenin\/\" data-quantity=\"1\" data-tooltip=\"Sepete ekle\" class=\"button product_type_simple\" data-product_id=\"25176\" data-product_sku=\"\" aria-label=\"&ldquo;\u0130\u015f D\u00fcnyas\u0131 \u0130\u00e7in Prompt Engineering \u00d6\u011frenin&rdquo; hakk\u0131nda daha fazla bilgi edinin\" rel=\"nofollow\" data-success_message=\"\"><i class=\"fa fa-shopping-basket\"><\/i>Sepete ekle<\/a><\/div><\/div>\t\t<\/div>\n\t<\/div>\n<\/li><\/ul>\n<\/div>\t\t\t\t<\/div>\n\t\t\t\t<\/div>\n\t\t\t\t<div class=\"elementor-element elementor-element-60a0e0d elementor-grid-1 elementor-grid-tablet-3 elementor-grid-mobile-2 elementor-products-grid elementor-wc-products elementor-widget elementor-widget-woocommerce-products\" data-id=\"60a0e0d\" data-element_type=\"widget\" data-widget_type=\"woocommerce-products.default\">\n\t\t\t\t<div class=\"elementor-widget-container\">\n\t\t\t\t\t<div class=\"woocommerce columns-1 \"><ul class=\"products elementor-grid columns-1\">\n<li class=\"first last post-25183 product type-product status-publish has-post-thumbnail product_cat-kurslar instock shipping-taxable product-type-simple\">\n\t<div class=\"products-wrapper\">\n\t\n\t\n\n\t\t<div class=\"thumbnail-and-details\"><div class=\"overlay-container\"><div class=\"hover-container\"><div class=\"component add-to-cart\"><a href=\"https:\/\/prompt-place.com\/tr\/urun\/yapay-zeka-otomasyon-kursu\/\" data-quantity=\"1\" data-tooltip=\"Sepete ekle\" class=\"button product_type_simple\" data-product_id=\"25183\" data-product_sku=\"\" aria-label=\"&ldquo;Yapay Zek\u00e2 Otomasyon Kursu&rdquo; hakk\u0131nda daha fazla bilgi edinin\" rel=\"nofollow\" data-success_message=\"\"><i class=\"fa fa-shopping-basket\"><\/i>Sepete ekle<\/a><\/div><\/div><\/div><a class=\"woo_catalog_media_images\" title=\"Yapay Zek\u00e2 Otomasyon Kursu\" href=\"https:\/\/prompt-place.com\/tr\/urun\/yapay-zeka-otomasyon-kursu\/\"><img decoding=\"async\" width=\"300\" height=\"300\" src=\"https:\/\/prompt-place.com\/wp-content\/uploads\/2026\/04\/e5a23f21-c255-4925-9ff2-d9a169147e93-300x300.png\" class=\"attachment-woocommerce_thumbnail size-woocommerce_thumbnail\" alt=\"Yapay Zek\u00e2 Otomasyon Kursu\" srcset=\"https:\/\/prompt-place.com\/wp-content\/uploads\/2026\/04\/e5a23f21-c255-4925-9ff2-d9a169147e93-300x300.png 300w, https:\/\/prompt-place.com\/wp-content\/uploads\/2026\/04\/e5a23f21-c255-4925-9ff2-d9a169147e93-150x150.png 150w, https:\/\/prompt-place.com\/wp-content\/uploads\/2026\/04\/e5a23f21-c255-4925-9ff2-d9a169147e93-400x400.png 400w, https:\/\/prompt-place.com\/wp-content\/uploads\/2026\/04\/e5a23f21-c255-4925-9ff2-d9a169147e93-200x200.png 200w\" sizes=\"(max-width: 300px) 100vw, 300px\" \/><\/a><\/div>\n\t\t\t<div class=\"woocommerce-title-metas\">\n\t\t\t\t<div class=\"title-wishlist-wrapper\">\n\t\t\t\t\t\t                        <div class=\"woopt-aimodel-badge\">\n\t\t\t\t\t\t\t\t\t\t\t\t\t\t\t\t\t<img decoding=\"async\" src=\"https:\/\/prompt-place.com\/wp-content\/uploads\/2026\/04\/ChatGPT-Image-10-\u043a\u0432\u0456\u0442.-2026-\u0440.-11_39_33.png\" alt=\"Kurslar\">\n\t\t\t\t\t\t\t\t\t                        \tKurslar\t                        <\/div>\n\t\t\t\t\t<h3 class=\"archive-product-title\">\n\t\t\t\t\t\t<a href=\"https:\/\/prompt-place.com\/tr\/urun\/yapay-zeka-otomasyon-kursu\/\">\n\t\t\t\t\t\t\tYapay Zek\u00e2 Otomasyon Kursu\t\t\t\t\t\t<\/a>\n\t\t\t\t\t<\/h3>\n\t\t        <\/div>\n\n\t\t\t<div class=\"details-container\"><div class=\"details-price-container details-item\"><div class=\"details-price-wrapper\">\n\t<span class=\"price\"><span class=\"woocommerce-Price-amount amount\"><bdi><span class=\"woocommerce-Price-currencySymbol\">&#36;<\/span>499.00<\/bdi><\/span><\/span>\n<\/div><\/div><\/div><div class=\"bottom-components-list\"><div class=\"component add-to-cart\"><a href=\"https:\/\/prompt-place.com\/tr\/urun\/yapay-zeka-otomasyon-kursu\/\" data-quantity=\"1\" data-tooltip=\"Sepete ekle\" class=\"button product_type_simple\" data-product_id=\"25183\" data-product_sku=\"\" aria-label=\"&ldquo;Yapay Zek\u00e2 Otomasyon Kursu&rdquo; hakk\u0131nda daha fazla bilgi edinin\" rel=\"nofollow\" data-success_message=\"\"><i class=\"fa fa-shopping-basket\"><\/i>Sepete ekle<\/a><\/div><\/div>\t\t<\/div>\n\t<\/div>\n<\/li><\/ul>\n<\/div>\t\t\t\t<\/div>\n\t\t\t\t<\/div>\n\t\t\t\t<div class=\"elementor-element elementor-element-628c6be elementor-grid-1 elementor-grid-tablet-3 elementor-grid-mobile-2 elementor-products-grid elementor-wc-products elementor-widget elementor-widget-woocommerce-products\" data-id=\"628c6be\" data-element_type=\"widget\" data-widget_type=\"woocommerce-products.default\">\n\t\t\t\t<div class=\"elementor-widget-container\">\n\t\t\t\t\t<div class=\"woocommerce columns-1 \"><ul class=\"products elementor-grid columns-1\">\n<li class=\"first last post-25189 product type-product status-publish has-post-thumbnail product_cat-kurslar instock shipping-taxable product-type-simple\">\n\t<div class=\"products-wrapper\">\n\t\n\t\n\n\t\t<div class=\"thumbnail-and-details\"><div class=\"overlay-container\"><div class=\"hover-container\"><div class=\"component add-to-cart\"><a href=\"https:\/\/prompt-place.com\/tr\/urun\/yapay-zeka-icerik-sistemleri-kursu\/\" data-quantity=\"1\" data-tooltip=\"Sepete ekle\" class=\"button product_type_simple\" data-product_id=\"25189\" data-product_sku=\"\" aria-label=\"&ldquo;Yapay Zek\u00e2 \u0130\u00e7erik Sistemleri Kursu&rdquo; hakk\u0131nda daha fazla bilgi edinin\" rel=\"nofollow\" data-success_message=\"\"><i class=\"fa fa-shopping-basket\"><\/i>Sepete ekle<\/a><\/div><\/div><\/div><a class=\"woo_catalog_media_images\" title=\"Yapay Zek\u00e2 \u0130\u00e7erik Sistemleri Kursu\" href=\"https:\/\/prompt-place.com\/tr\/urun\/yapay-zeka-icerik-sistemleri-kursu\/\"><img decoding=\"async\" width=\"300\" height=\"300\" src=\"https:\/\/prompt-place.com\/wp-content\/uploads\/2026\/04\/\u0417\u043e\u043b\u043e\u0442\u0438\u0439-\u0441\u0432\u0456\u0442-\u0442\u0435\u0445\u043d\u043e\u043b\u043e\u0433\u0456\u0447\u043d\u043e\u0433\u043e-\u043c\u0430\u0439\u0431\u0443\u0442\u043d\u044c\u043e\u0433\u043e-300x300.png\" class=\"attachment-woocommerce_thumbnail size-woocommerce_thumbnail\" alt=\"Yapay Zek\u00e2 \u0130\u00e7erik Sistemleri Kursu\" srcset=\"https:\/\/prompt-place.com\/wp-content\/uploads\/2026\/04\/\u0417\u043e\u043b\u043e\u0442\u0438\u0439-\u0441\u0432\u0456\u0442-\u0442\u0435\u0445\u043d\u043e\u043b\u043e\u0433\u0456\u0447\u043d\u043e\u0433\u043e-\u043c\u0430\u0439\u0431\u0443\u0442\u043d\u044c\u043e\u0433\u043e-300x300.png 300w, https:\/\/prompt-place.com\/wp-content\/uploads\/2026\/04\/\u0417\u043e\u043b\u043e\u0442\u0438\u0439-\u0441\u0432\u0456\u0442-\u0442\u0435\u0445\u043d\u043e\u043b\u043e\u0433\u0456\u0447\u043d\u043e\u0433\u043e-\u043c\u0430\u0439\u0431\u0443\u0442\u043d\u044c\u043e\u0433\u043e-150x150.png 150w, https:\/\/prompt-place.com\/wp-content\/uploads\/2026\/04\/\u0417\u043e\u043b\u043e\u0442\u0438\u0439-\u0441\u0432\u0456\u0442-\u0442\u0435\u0445\u043d\u043e\u043b\u043e\u0433\u0456\u0447\u043d\u043e\u0433\u043e-\u043c\u0430\u0439\u0431\u0443\u0442\u043d\u044c\u043e\u0433\u043e-400x400.png 400w, https:\/\/prompt-place.com\/wp-content\/uploads\/2026\/04\/\u0417\u043e\u043b\u043e\u0442\u0438\u0439-\u0441\u0432\u0456\u0442-\u0442\u0435\u0445\u043d\u043e\u043b\u043e\u0433\u0456\u0447\u043d\u043e\u0433\u043e-\u043c\u0430\u0439\u0431\u0443\u0442\u043d\u044c\u043e\u0433\u043e-200x200.png 200w\" sizes=\"(max-width: 300px) 100vw, 300px\" \/><\/a><\/div>\n\t\t\t<div class=\"woocommerce-title-metas\">\n\t\t\t\t<div class=\"title-wishlist-wrapper\">\n\t\t\t\t\t\t                        <div class=\"woopt-aimodel-badge\">\n\t\t\t\t\t\t\t\t\t\t\t\t\t\t\t\t\t<img decoding=\"async\" src=\"https:\/\/prompt-place.com\/wp-content\/uploads\/2026\/04\/ChatGPT-Image-10-\u043a\u0432\u0456\u0442.-2026-\u0440.-11_39_33.png\" alt=\"Kurslar\">\n\t\t\t\t\t\t\t\t\t                        \tKurslar\t                        <\/div>\n\t\t\t\t\t<h3 class=\"archive-product-title\">\n\t\t\t\t\t\t<a href=\"https:\/\/prompt-place.com\/tr\/urun\/yapay-zeka-icerik-sistemleri-kursu\/\">\n\t\t\t\t\t\t\tYapay Zek\u00e2 \u0130\u00e7erik Sistemleri Kursu\t\t\t\t\t\t<\/a>\n\t\t\t\t\t<\/h3>\n\t\t        <\/div>\n\n\t\t\t<div class=\"details-container\"><div class=\"details-price-container details-item\"><div class=\"details-price-wrapper\">\n\t<span class=\"price\"><span class=\"woocommerce-Price-amount amount\"><bdi><span class=\"woocommerce-Price-currencySymbol\">&#36;<\/span>349.00<\/bdi><\/span><\/span>\n<\/div><\/div><\/div><div class=\"bottom-components-list\"><div class=\"component add-to-cart\"><a href=\"https:\/\/prompt-place.com\/tr\/urun\/yapay-zeka-icerik-sistemleri-kursu\/\" data-quantity=\"1\" data-tooltip=\"Sepete ekle\" class=\"button product_type_simple\" data-product_id=\"25189\" data-product_sku=\"\" aria-label=\"&ldquo;Yapay Zek\u00e2 \u0130\u00e7erik Sistemleri Kursu&rdquo; hakk\u0131nda daha fazla bilgi edinin\" rel=\"nofollow\" data-success_message=\"\"><i class=\"fa fa-shopping-basket\"><\/i>Sepete ekle<\/a><\/div><\/div>\t\t<\/div>\n\t<\/div>\n<\/li><\/ul>\n<\/div>\t\t\t\t<\/div>\n\t\t\t\t<\/div>\n\t\t\t\t\t<\/div>\n\t\t\t\t<\/div>\n\t\t\t\t<\/div>\n\t\t","protected":false},"excerpt":{"rendered":"","protected":false},"author":1,"featured_media":0,"parent":0,"menu_order":0,"comment_status":"closed","ping_status":"closed","template":"","meta":{"footnotes":""},"class_list":["post-25126","page","type-page","status-publish","hentry"],"_links":{"self":[{"href":"https:\/\/prompt-place.com\/tr\/wp-json\/wp\/v2\/pages\/25126","targetHints":{"allow":["GET"]}}],"collection":[{"href":"https:\/\/prompt-place.com\/tr\/wp-json\/wp\/v2\/pages"}],"about":[{"href":"https:\/\/prompt-place.com\/tr\/wp-json\/wp\/v2\/types\/page"}],"author":[{"embeddable":true,"href":"https:\/\/prompt-place.com\/tr\/wp-json\/wp\/v2\/users\/1"}],"replies":[{"embeddable":true,"href":"https:\/\/prompt-place.com\/tr\/wp-json\/wp\/v2\/comments?post=25126"}],"version-history":[{"count":1,"href":"https:\/\/prompt-place.com\/tr\/wp-json\/wp\/v2\/pages\/25126\/revisions"}],"predecessor-version":[{"id":25127,"href":"https:\/\/prompt-place.com\/tr\/wp-json\/wp\/v2\/pages\/25126\/revisions\/25127"}],"wp:attachment":[{"href":"https:\/\/prompt-place.com\/tr\/wp-json\/wp\/v2\/media?parent=25126"}],"curies":[{"name":"wp","href":"https:\/\/api.w.org\/{rel}","templated":true}]}}