{"id":25083,"date":"2026-04-10T08:46:34","date_gmt":"2026-04-10T08:46:34","guid":{"rendered":"https:\/\/prompt-place.com\/premium-yapay-zeka-cozumleri\/"},"modified":"2026-04-14T11:57:27","modified_gmt":"2026-04-14T11:57:27","slug":"premium-yapay-zeka-cozumleri","status":"publish","type":"page","link":"https:\/\/prompt-place.com\/tr\/premium-yapay-zeka-cozumleri\/","title":{"rendered":"Premium Yapay Zek\u00e2 \u00c7\u00f6z\u00fcmleri"},"content":{"rendered":"\t\t<div data-elementor-type=\"wp-page\" data-elementor-id=\"25083\" class=\"elementor elementor-25083 elementor-25027\" data-elementor-post-type=\"page\">\n\t\t\t\t<div class=\"elementor-element elementor-element-1b89db9 e-flex e-con-boxed e-con e-parent\" data-id=\"1b89db9\" data-element_type=\"container\">\n\t\t\t\t\t<div class=\"e-con-inner\">\n\t\t<div class=\"elementor-element elementor-element-db47b61 e-con-full e-flex e-con e-child\" data-id=\"db47b61\" data-element_type=\"container\" data-settings=\"{&quot;background_background&quot;:&quot;classic&quot;}\">\n\t\t\t\t<div class=\"elementor-element elementor-element-cc7304d elementor-widget elementor-widget-image\" data-id=\"cc7304d\" data-element_type=\"widget\" data-widget_type=\"image.default\">\n\t\t\t\t\t\t\t\t\t\t\t\t\t\t\t\t<a href=\"https:\/\/prompt-place.com\/tr\/paketler\/\">\n\t\t\t\t\t\t\t<img fetchpriority=\"high\" decoding=\"async\" width=\"640\" height=\"427\" src=\"https:\/\/prompt-place.com\/wp-content\/uploads\/2026\/04\/image-1024x683.png\" class=\"attachment-large size-large wp-image-25080\" alt=\"\" srcset=\"https:\/\/prompt-place.com\/wp-content\/uploads\/2026\/04\/image-1024x683.png 1024w, https:\/\/prompt-place.com\/wp-content\/uploads\/2026\/04\/image-300x200.png 300w, https:\/\/prompt-place.com\/wp-content\/uploads\/2026\/04\/image-768x512.png 768w, https:\/\/prompt-place.com\/wp-content\/uploads\/2026\/04\/image-1536x1024.png 1536w, https:\/\/prompt-place.com\/wp-content\/uploads\/2026\/04\/image-600x400.png 600w, https:\/\/prompt-place.com\/wp-content\/uploads\/2026\/04\/image.png 2048w\" sizes=\"(max-width: 640px) 100vw, 640px\" \/>\t\t\t\t\t\t\t\t<\/a>\n\t\t\t\t\t\t\t\t\t\t\t\t\t\t\t<\/div>\n\t\t\t\t<div class=\"elementor-element elementor-element-7323114 elementor-widget elementor-widget-text-editor\" data-id=\"7323114\" data-element_type=\"widget\" data-widget_type=\"text-editor.default\">\n\t\t\t\t\t\t\t\t\t<h2 style=\"font-size: 35px; font-weight: 600; line-height: 2.3; color: #ffffff; text-align: center; margin-top: 0px;\">Paketler<\/h2>\t\t\t\t\t\t\t\t<\/div>\n\t\t\t\t<div class=\"elementor-element elementor-element-2bab4aa elementor-widget elementor-widget-text-editor\" data-id=\"2bab4aa\" data-element_type=\"widget\" data-widget_type=\"text-editor.default\">\n\t\t\t\t\t\t\t\t\t<p>Zamandan tasarruf etmek ve sonu\u00e7lar\u0131 iyile\u015ftirmek i\u00e7in tasarlanm\u0131\u015f premium prompt paketleri.<\/p>\t\t\t\t\t\t\t\t<\/div>\n\t\t\t\t<div class=\"elementor-element elementor-element-8e54c5f elementor-align-center gradient-btn elementor-widget elementor-widget-button\" data-id=\"8e54c5f\" data-element_type=\"widget\" data-widget_type=\"button.default\">\n\t\t\t\t\t\t\t\t\t\t<a class=\"elementor-button elementor-button-link elementor-size-sm\" href=\"https:\/\/prompt-place.com\/tr\/paketler\/\">\n\t\t\t\t\t\t<span class=\"elementor-button-content-wrapper\">\n\t\t\t\t\t\t\t\t\t<span class=\"elementor-button-text\">Paketleri Ke\u015ffet<\/span>\n\t\t\t\t\t<\/span>\n\t\t\t\t\t<\/a>\n\t\t\t\t\t\t\t\t<\/div>\n\t\t\t\t<\/div>\n\t\t<div class=\"elementor-element elementor-element-f399cab e-con-full e-flex e-con e-child\" data-id=\"f399cab\" data-element_type=\"container\" data-settings=\"{&quot;background_background&quot;:&quot;classic&quot;}\">\n\t\t\t\t<div class=\"elementor-element elementor-element-ff5d5b1 elementor-widget elementor-widget-image\" data-id=\"ff5d5b1\" data-element_type=\"widget\" data-widget_type=\"image.default\">\n\t\t\t\t\t\t\t\t\t\t\t\t\t\t\t\t<a href=\"https:\/\/prompt-place.com\/tr\/paketler\/\">\n\t\t\t\t\t\t\t<img decoding=\"async\" width=\"640\" height=\"427\" src=\"https:\/\/prompt-place.com\/wp-content\/uploads\/2026\/04\/ChatGPT-Image-10-\u043a\u0432\u0456\u0442.-2026-\u0440.-11_39_33-1024x683.png\" class=\"attachment-large size-large wp-image-25081\" alt=\"\" srcset=\"https:\/\/prompt-place.com\/wp-content\/uploads\/2026\/04\/ChatGPT-Image-10-\u043a\u0432\u0456\u0442.-2026-\u0440.-11_39_33-1024x683.png 1024w, https:\/\/prompt-place.com\/wp-content\/uploads\/2026\/04\/ChatGPT-Image-10-\u043a\u0432\u0456\u0442.-2026-\u0440.-11_39_33-300x200.png 300w, https:\/\/prompt-place.com\/wp-content\/uploads\/2026\/04\/ChatGPT-Image-10-\u043a\u0432\u0456\u0442.-2026-\u0440.-11_39_33-768x512.png 768w, https:\/\/prompt-place.com\/wp-content\/uploads\/2026\/04\/ChatGPT-Image-10-\u043a\u0432\u0456\u0442.-2026-\u0440.-11_39_33-600x400.png 600w, https:\/\/prompt-place.com\/wp-content\/uploads\/2026\/04\/ChatGPT-Image-10-\u043a\u0432\u0456\u0442.-2026-\u0440.-11_39_33.png 1536w\" sizes=\"(max-width: 640px) 100vw, 640px\" \/>\t\t\t\t\t\t\t\t<\/a>\n\t\t\t\t\t\t\t\t\t\t\t\t\t\t\t<\/div>\n\t\t\t\t<div class=\"elementor-element elementor-element-d804686 elementor-widget elementor-widget-text-editor\" data-id=\"d804686\" data-element_type=\"widget\" data-widget_type=\"text-editor.default\">\n\t\t\t\t\t\t\t\t\t<h2 style=\"font-size: 35px; font-weight: 600; line-height: 2.3; color: #ffffff; text-align: center; margin-top: 0px;\">Kurslar<\/h2>\t\t\t\t\t\t\t\t<\/div>\n\t\t\t\t<div class=\"elementor-element elementor-element-a1f69d8 elementor-widget elementor-widget-text-editor\" data-id=\"a1f69d8\" data-element_type=\"widget\" data-widget_type=\"text-editor.default\">\n\t\t\t\t\t\t\t\t\t<p data-start=\"175\" data-end=\"264\">Ger\u00e7ek beceriler geli\u015ftirmek ve i\u015f ak\u0131\u015flar\u0131n\u0131 iyile\u015ftirmek i\u00e7in haz\u0131rlanm\u0131\u015f pratik yapay zek\u00e2 kurslar\u0131.<\/p>\t\t\t\t\t\t\t\t<\/div>\n\t\t\t\t<div class=\"elementor-element elementor-element-323be9b elementor-align-center gradient-btn elementor-widget elementor-widget-button\" data-id=\"323be9b\" data-element_type=\"widget\" data-widget_type=\"button.default\">\n\t\t\t\t\t\t\t\t\t\t<a class=\"elementor-button elementor-button-link elementor-size-sm\" href=\"https:\/\/prompt-place.com\/tr\/kurslar\/\">\n\t\t\t\t\t\t<span class=\"elementor-button-content-wrapper\">\n\t\t\t\t\t\t\t\t\t<span class=\"elementor-button-text\">Kurslar\u0131 Ke\u015ffet<\/span>\n\t\t\t\t\t<\/span>\n\t\t\t\t\t<\/a>\n\t\t\t\t\t\t\t\t<\/div>\n\t\t\t\t<\/div>\n\t\t<div class=\"elementor-element elementor-element-92ad72a e-con-full e-flex e-con e-child\" data-id=\"92ad72a\" data-element_type=\"container\" data-settings=\"{&quot;background_background&quot;:&quot;classic&quot;}\">\n\t\t\t\t<div class=\"elementor-element elementor-element-c5275b8 elementor-widget elementor-widget-image\" data-id=\"c5275b8\" data-element_type=\"widget\" data-widget_type=\"image.default\">\n\t\t\t\t\t\t\t\t\t\t\t\t\t\t\t\t<a href=\"https:\/\/prompt-place.com\/tr\/paketler\/\">\n\t\t\t\t\t\t\t<img decoding=\"async\" width=\"640\" height=\"427\" src=\"https:\/\/prompt-place.com\/wp-content\/uploads\/2026\/04\/\u0420\u043e\u0437\u0440\u043e\u0431\u043a\u0430-\u043a\u043e\u043d\u0446\u0435\u043f\u0446\u0456\u0457-\u0440\u043e\u0437\u0443\u043c\u043d\u043e\u0457-\u043a\u043e\u043b\u043e\u043d\u043a\u0438-1024x683.png\" class=\"attachment-large size-large wp-image-25082\" alt=\"\" srcset=\"https:\/\/prompt-place.com\/wp-content\/uploads\/2026\/04\/\u0420\u043e\u0437\u0440\u043e\u0431\u043a\u0430-\u043a\u043e\u043d\u0446\u0435\u043f\u0446\u0456\u0457-\u0440\u043e\u0437\u0443\u043c\u043d\u043e\u0457-\u043a\u043e\u043b\u043e\u043d\u043a\u0438-1024x683.png 1024w, https:\/\/prompt-place.com\/wp-content\/uploads\/2026\/04\/\u0420\u043e\u0437\u0440\u043e\u0431\u043a\u0430-\u043a\u043e\u043d\u0446\u0435\u043f\u0446\u0456\u0457-\u0440\u043e\u0437\u0443\u043c\u043d\u043e\u0457-\u043a\u043e\u043b\u043e\u043d\u043a\u0438-300x200.png 300w, https:\/\/prompt-place.com\/wp-content\/uploads\/2026\/04\/\u0420\u043e\u0437\u0440\u043e\u0431\u043a\u0430-\u043a\u043e\u043d\u0446\u0435\u043f\u0446\u0456\u0457-\u0440\u043e\u0437\u0443\u043c\u043d\u043e\u0457-\u043a\u043e\u043b\u043e\u043d\u043a\u0438-768x512.png 768w, https:\/\/prompt-place.com\/wp-content\/uploads\/2026\/04\/\u0420\u043e\u0437\u0440\u043e\u0431\u043a\u0430-\u043a\u043e\u043d\u0446\u0435\u043f\u0446\u0456\u0457-\u0440\u043e\u0437\u0443\u043c\u043d\u043e\u0457-\u043a\u043e\u043b\u043e\u043d\u043a\u0438-600x400.png 600w, https:\/\/prompt-place.com\/wp-content\/uploads\/2026\/04\/\u0420\u043e\u0437\u0440\u043e\u0431\u043a\u0430-\u043a\u043e\u043d\u0446\u0435\u043f\u0446\u0456\u0457-\u0440\u043e\u0437\u0443\u043c\u043d\u043e\u0457-\u043a\u043e\u043b\u043e\u043d\u043a\u0438.png 1536w\" sizes=\"(max-width: 640px) 100vw, 640px\" \/>\t\t\t\t\t\t\t\t<\/a>\n\t\t\t\t\t\t\t\t\t\t\t\t\t\t\t<\/div>\n\t\t\t\t<div class=\"elementor-element elementor-element-a7dc4e2 elementor-widget elementor-widget-text-editor\" data-id=\"a7dc4e2\" data-element_type=\"widget\" data-widget_type=\"text-editor.default\">\n\t\t\t\t\t\t\t\t\t<h2 style=\"font-size: 35px; font-weight: 600; line-height: 1.2; color: #ffffff; text-align: center; margin-top: 0px;\">\u00dcr\u00fcn Konseptleri<\/h2>\t\t\t\t\t\t\t\t<\/div>\n\t\t\t\t<div class=\"elementor-element elementor-element-ece09a0 elementor-widget elementor-widget-text-editor\" data-id=\"ece09a0\" data-element_type=\"widget\" data-widget_type=\"text-editor.default\">\n\t\t\t\t\t\t\t\t\t<p>B\u00fcy\u00fcme, verimlilik ve yenilik i\u00e7in olu\u015fturulmu\u015f haz\u0131r yapay zek\u00e2 \u00e7\u00f6z\u00fcm fikirleri.<\/p>\t\t\t\t\t\t\t\t<\/div>\n\t\t\t\t<div class=\"elementor-element elementor-element-40cab5f elementor-align-center gradient-btn elementor-widget elementor-widget-button\" data-id=\"40cab5f\" data-element_type=\"widget\" data-widget_type=\"button.default\">\n\t\t\t\t\t\t\t\t\t\t<a class=\"elementor-button elementor-button-link elementor-size-sm\" href=\"https:\/\/prompt-place.com\/tr\/urun-konseptleri\/\">\n\t\t\t\t\t\t<span class=\"elementor-button-content-wrapper\">\n\t\t\t\t\t\t\t\t\t<span class=\"elementor-button-text\">Konseptleri Ke\u015ffet<\/span>\n\t\t\t\t\t<\/span>\n\t\t\t\t\t<\/a>\n\t\t\t\t\t\t\t\t<\/div>\n\t\t\t\t<\/div>\n\t\t\t\t\t<\/div>\n\t\t\t\t<\/div>\n\t\t\t\t<\/div>\n\t\t","protected":false},"excerpt":{"rendered":"<p>Paketler Zamandan tasarruf etmek ve sonu\u00e7lar\u0131 iyile\u015ftirmek i\u00e7in tasarlanm\u0131\u015f premium prompt paketleri. Paketleri Ke\u015ffet Kurslar Ger\u00e7ek beceriler geli\u015ftirmek ve i\u015f ak\u0131\u015flar\u0131n\u0131 iyile\u015ftirmek i\u00e7in haz\u0131rlanm\u0131\u015f pratik yapay zek\u00e2 kurslar\u0131. Kurslar\u0131 Ke\u015ffet \u00dcr\u00fcn Konseptleri B\u00fcy\u00fcme, verimlilik ve yenilik i\u00e7in olu\u015fturulmu\u015f haz\u0131r yapay zek\u00e2 \u00e7\u00f6z\u00fcm fikirleri. Konseptleri Ke\u015ffet<\/p>\n","protected":false},"author":1,"featured_media":0,"parent":0,"menu_order":0,"comment_status":"closed","ping_status":"closed","template":"","meta":{"footnotes":""},"class_list":["post-25083","page","type-page","status-publish","hentry"],"_links":{"self":[{"href":"https:\/\/prompt-place.com\/tr\/wp-json\/wp\/v2\/pages\/25083","targetHints":{"allow":["GET"]}}],"collection":[{"href":"https:\/\/prompt-place.com\/tr\/wp-json\/wp\/v2\/pages"}],"about":[{"href":"https:\/\/prompt-place.com\/tr\/wp-json\/wp\/v2\/types\/page"}],"author":[{"embeddable":true,"href":"https:\/\/prompt-place.com\/tr\/wp-json\/wp\/v2\/users\/1"}],"replies":[{"embeddable":true,"href":"https:\/\/prompt-place.com\/tr\/wp-json\/wp\/v2\/comments?post=25083"}],"version-history":[{"count":3,"href":"https:\/\/prompt-place.com\/tr\/wp-json\/wp\/v2\/pages\/25083\/revisions"}],"predecessor-version":[{"id":25152,"href":"https:\/\/prompt-place.com\/tr\/wp-json\/wp\/v2\/pages\/25083\/revisions\/25152"}],"wp:attachment":[{"href":"https:\/\/prompt-place.com\/tr\/wp-json\/wp\/v2\/media?parent=25083"}],"curies":[{"name":"wp","href":"https:\/\/api.w.org\/{rel}","templated":true}]}}