{"id":22579,"date":"2025-12-04T14:39:27","date_gmt":"2025-12-04T14:39:27","guid":{"rendered":"http:\/\/prompt-place.com\/cerez-politikasi\/"},"modified":"2025-12-12T08:14:05","modified_gmt":"2025-12-12T08:14:05","slug":"cerez-politikasi","status":"publish","type":"page","link":"https:\/\/prompt-place.com\/tr\/cerez-politikasi\/","title":{"rendered":"\u00c7erez Politikas\u0131"},"content":{"rendered":"\n<p>SECUREPAY SYSTEMS LTD<\/p>\n\n<p><strong>Y\u00fcr\u00fcrl\u00fck tarihi: 22 May\u0131s 2025<\/strong><\/p>\n\n<p>1. Ama\u00e7<\/p>\n\n<p>Bu \u00c7erez Politikas\u0131 (&#8220;<strong>Politika<\/strong>&#8220;) <strong>SECUREPAY SYSTEMS LTD<\/strong> &#8216;nin (&#8220;<strong>SECUREPAY<\/strong>&#8220;, &#8220;<strong>biz<\/strong>&#8220;, &#8220;<strong>bize<\/strong>&#8220;) a\u015fa\u011f\u0131daki \u00e7erezleri ve benzer teknolojileri nas\u0131l kulland\u0131\u011f\u0131n\u0131 a\u00e7\u0131klamaktad\u0131r <a href=\"https:\/\/prompt-place.com\"><strong>https:\/\/prompt-place.com<\/strong><\/a> (&#8220;<strong>Site<\/strong>&#8220;). Gizlilik Politikam\u0131z ile birlikte okunmal\u0131d\u0131r. <\/p>\n\n<p>Birle\u015fik Krall\u0131k Gizlilik ve Elektronik \u0130leti\u015fim Y\u00f6netmelikleri 2003 (PECR), Birle\u015fik Krall\u0131k-GDPR ve AB ePrivacy Direktifi ile uyumluyuz.<\/p>\n\n<p>2. \u00c7erezler Nedir?<\/p>\n\n<p>\u00c7erezler, bir web sitesini ziyaret etti\u011finizde cihaz\u0131n\u0131za yerle\u015ftirilen k\u00fc\u00e7\u00fck metin dosyalar\u0131d\u0131r. Sitenin cihaz\u0131n\u0131z\u0131 tan\u0131mas\u0131na, tercihlerinizi hat\u0131rlamas\u0131na veya analizler i\u00e7in kullan\u0131m\u0131 izlemesine olanak tan\u0131rlar. &#8220;Benzer teknolojiler&#8221; HTML5 yerel depolama, pikseller ve etiketleri i\u00e7erir.  <\/p>\n\n<p>3. Kulland\u0131\u011f\u0131m\u0131z \u00c7erez T\u00fcrleri<\/p>\n\n<figure class=\"wp-block-table\"><table class=\"has-fixed-layout\"><tbody><tr><td><strong>Kategori<\/strong><\/td><td><strong>Neden Kullan\u0131yoruz<\/strong><\/td><td><strong>\u00d6rnekler ve Ya\u015fam S\u00fcresi<\/strong><\/td><td><strong>Yasal Dayanak<\/strong><\/td><\/tr><tr><td><strong>Kesinlikle Gerekli<\/strong><\/td><td>E-ticaret platformunu i\u015fletmek ve g\u00fcvenli\u011fi sa\u011flamak. Site onlar olmadan \u00e7al\u0131\u015famaz. <\/td><td>woocommerce_cart_hash &#8211; oturum; sepet <a href=\"https:\/\/woocommerce.com\/document\/woocommerce-cookies\/?utm_source=chatgpt.com\">de\u011fi\u015fikliklerini<\/a> tespit etmeye yard\u0131mc\u0131 olurWooCommerce, woocommerce_items_in_cart &#8211; oturum; <a href=\"https:\/\/woocommerce.com\/document\/woocommerce-cookies\/?utm_source=chatgpt.com\">sepetteki<\/a> \u00f6\u011feleri izlerWooCommerce, wp_woocommerce_session_ &#8211; 2 g\u00fcn; her <a href=\"https:\/\/woocommerce.com\/document\/woocommerce-cookies\/?utm_source=chatgpt.com\">m\u00fc\u015fteriye<\/a> benzersiz kimlik atarWooCommerce<\/td><td>Me\u015fru menfaat (Madde 6 (1) (f) UK-GDPR) <\/td><\/tr><tr><td><strong>\u0130\u015flevsellik<\/strong><\/td><td>Ma\u011faza bildirimlerinin veya \u00e7erez banner&#8217;\u0131n\u0131n kapat\u0131lmas\u0131 gibi se\u00e7enekleri hat\u0131rlay\u0131n.<\/td><td>store_notice[notice_id] &#8211; 2 g\u00fcn; promosyon afi\u015fini gizler, cookie_consent_status &#8211; 6 ay; afi\u015f se\u00e7imini kaydeder<\/td><td>Onay (gerekli oldu\u011fu durumlarda)<\/td><\/tr><tr><td><strong>Performans \/ Analitik<\/strong><\/td><td>Trafi\u011fi \u00f6l\u00e7\u00fcn, hatalar\u0131 te\u015fhis edin, i\u00e7eri\u011fi geli\u015ftirin. Analytics yaln\u0131zca banner \u00fczerinden onay verildikten sonra y\u00fcklenir. <\/td><td>_ga &#8211; 2 y\u0131l; kullan\u0131c\u0131lar\u0131 ay\u0131rt ederGoogle<a href=\"https:\/\/support.google.com\/analytics\/answer\/11397207?hl=en&amp;utm_source=chatgpt.com\">Yard\u0131m<\/a>, _ga_&lt;container-id&gt; &#8211; 2 y\u0131l; oturum durumunu korurGoogle<a href=\"https:\/\/support.google.com\/analytics\/answer\/11397207?hl=en&amp;utm_source=chatgpt.com\">Yard\u0131m<\/a>, _gid &#8211; 24 saat; sayfa g\u00f6r\u00fcnt\u00fclemelerini sayar, _gat &#8211; 1 dakika; istekleri azalt\u0131r<\/td><td>R\u0131za<\/td><\/tr><tr><td><strong>Pazarlama<\/strong><\/td><td>\u015eu anda <strong>ayarlanmam\u0131\u015ft\u0131r<\/strong>. Pazarlama \u00e7erezleri (\u00f6r. Google Reklamlar\u0131) sunarsak bu Politikay\u0131 g\u00fcncelleyece\u011fiz ve yenilenmi\u015f onay talep edece\u011fiz. <\/td><td>\u2013<\/td><td>R\u0131za<\/td><\/tr><\/tbody><\/table><\/figure>\n\n<p><em>WooCommerce \u00e7erezlerinde hi\u00e7bir ki\u015fisel veri saklanmaz; yaln\u0131zca sepet tan\u0131mlay\u0131c\u0131lar\u0131 i\u00e7erirler.<\/em><\/p>\n\n<p>4. \u00c7erezleri Y\u00f6netme<\/p>\n\n<ul class=\"wp-block-list\">\n<li><strong>Onay Banner<\/strong> &#8216;\u0131 &#8211; \u0130lk ziyaretinizde izin veren bir banner g\u00f6receksiniz: <em>T\u00fcm\u00fcn\u00fc Kabul Et<\/em>, <em>Gerekli Olmayanlar\u0131 Reddet<\/em> veya <em>\u00d6zelle\u015ftir<\/em>. Se\u00e7iminiz cookie_consent_status i\u00e7inde saklan\u0131r. <\/li>\n\n\n\n<li><strong>Tercihinizi De\u011fi\u015ftirin<\/strong> &#8211; Ba\u015fl\u0131\u011f\u0131 istedi\u011finiz zaman yeniden a\u00e7mak i\u00e7in &#8220;\u00c7erez Ayarlar\u0131 &#8220;na (altbilgi) t\u0131klay\u0131n.<\/li>\n\n\n\n<li><strong>Taray\u0131c\u0131 Kontrolleri<\/strong> &#8211; \u00c7o\u011fu taray\u0131c\u0131 \u00e7erezleri silmenize veya engellemenize izin verir. Kesinlikle Gerekli \u00e7erezlerin engellenmesi, \u00f6deme veya hesap giri\u015finin \u00e7al\u0131\u015fmas\u0131n\u0131 engelleyebilir. Talimatlar i\u00e7in taray\u0131c\u0131n\u0131n yard\u0131m sayfalar\u0131na bak\u0131n.  <\/li>\n<\/ul>\n\n<p>5. \u00dc\u00e7\u00fcnc\u00fc Taraf \u00c7erezleri ve Aktar\u0131mlar\u0131<\/p>\n\n<p>Analitik \u00e7erezler (_ga vb.) Google Analytics taraf\u0131ndan olu\u015fturulur 4. Veriler, AB-ABD Veri Gizlili\u011fi \u00c7er\u00e7evesi \/ Standart S\u00f6zle\u015fme Maddeleri ile \u0130ngiltere Eki kapsam\u0131nda Amerika Birle\u015fik Devletleri&#8217;ne aktar\u0131labilir (Gizlilik Politikam\u0131za bak\u0131n). <\/p>\n\n<p>Reklam a\u011flar\u0131n\u0131n Siteye \u00e7erez yerle\u015ftirmesine izin vermiyoruz.<\/p>\n\n<p>6. Saklama<\/p>\n\n<p>\u00c7erezler, taray\u0131c\u0131 ayarlar\u0131 arac\u0131l\u0131\u011f\u0131yla daha \u00f6nce temizlemedi\u011finiz s\u00fcrece yukar\u0131daki tabloda listelenen s\u00fcreler boyunca kal\u0131r. Toplu analiz verileri 26 ay boyunca saklan\u0131r ve sonras\u0131nda otomatik olarak silinir veya anonimle\u015ftirilir. <\/p>\n\n<p>7. Bu Politikadaki G\u00fcncellemeler<\/p>\n\n<p>Teknolojideki, mevzuattaki veya i\u015fimizdeki de\u011fi\u015fiklikleri yans\u0131tmak i\u00e7in bu Politikay\u0131 de\u011fi\u015ftirebiliriz. \u00d6nemli g\u00fcncellemeler Sitede ve m\u00fcmk\u00fcn olan durumlarda e-posta ile bildirilecektir. Yukar\u0131daki &#8220;Y\u00fcr\u00fcrl\u00fck tarihi&#8221; en son revizyonu g\u00f6stermektedir.  <\/p>\n\n<p>8. \u0130leti\u015fim<\/p>\n\n<p><strong>Veri Koruma G\u00f6revlisi<\/strong><br\/>SECUREPAY SYSTEMS LTD<br\/>E-posta: <a href=\"mailto:info@prompt-place.com\">info@prompt-place.com<\/a><br\/>Posta: 167-169 Great Portland Street, 5th Floor, London, England, W1W 5PF, UK<\/p>\n\n<p><strong><em>S\u00fcr\u00fcm 1.0 &#8211; 22 May\u0131s 2025<\/em><\/strong><em><br\/>prompt-place.com&#8217;daki \u00f6nceki t\u00fcm \u00e7erez bildirimlerinin yerine ge\u00e7er.<\/em><\/p>\n","protected":false},"excerpt":{"rendered":"<p>SECUREPAY SYSTEMS LTD Y\u00fcr\u00fcrl\u00fck tarihi: 22 May\u0131s 2025 1. Ama\u00e7 Bu \u00c7erez Politikas\u0131 (&#8220;Politika&#8220;) SECUREPAY SYSTEMS LTD &#8216;nin (&#8220;SECUREPAY&#8220;, &#8220;biz&#8220;, &#8220;bize&#8220;) a\u015fa\u011f\u0131daki \u00e7erezleri ve benzer teknolojileri nas\u0131l kulland\u0131\u011f\u0131n\u0131 a\u00e7\u0131klamaktad\u0131r https:\/\/prompt-place.com (&#8220;Site&#8220;). Gizlilik Politikam\u0131z ile birlikte okunmal\u0131d\u0131r. Birle\u015fik Krall\u0131k Gizlilik ve Elektronik \u0130leti\u015fim Y\u00f6netmelikleri 2003 (PECR), Birle\u015fik Krall\u0131k-GDPR ve AB ePrivacy Direktifi ile uyumluyuz. 2. \u00c7erezler [&hellip;]<\/p>\n","protected":false},"author":1,"featured_media":0,"parent":0,"menu_order":0,"comment_status":"closed","ping_status":"closed","template":"","meta":{"footnotes":""},"class_list":["post-22579","page","type-page","status-publish","hentry"],"_links":{"self":[{"href":"https:\/\/prompt-place.com\/tr\/wp-json\/wp\/v2\/pages\/22579","targetHints":{"allow":["GET"]}}],"collection":[{"href":"https:\/\/prompt-place.com\/tr\/wp-json\/wp\/v2\/pages"}],"about":[{"href":"https:\/\/prompt-place.com\/tr\/wp-json\/wp\/v2\/types\/page"}],"author":[{"embeddable":true,"href":"https:\/\/prompt-place.com\/tr\/wp-json\/wp\/v2\/users\/1"}],"replies":[{"embeddable":true,"href":"https:\/\/prompt-place.com\/tr\/wp-json\/wp\/v2\/comments?post=22579"}],"version-history":[{"count":3,"href":"https:\/\/prompt-place.com\/tr\/wp-json\/wp\/v2\/pages\/22579\/revisions"}],"predecessor-version":[{"id":22582,"href":"https:\/\/prompt-place.com\/tr\/wp-json\/wp\/v2\/pages\/22579\/revisions\/22582"}],"wp:attachment":[{"href":"https:\/\/prompt-place.com\/tr\/wp-json\/wp\/v2\/media?parent=22579"}],"curies":[{"name":"wp","href":"https:\/\/api.w.org\/{rel}","templated":true}]}}