{"id":22575,"date":"2019-09-17T07:49:11","date_gmt":"2019-09-17T07:49:11","guid":{"rendered":"http:\/\/prompt-place.com\/sss\/"},"modified":"2025-12-12T08:40:58","modified_gmt":"2025-12-12T08:40:58","slug":"sss","status":"publish","type":"page","link":"https:\/\/prompt-place.com\/tr\/sss\/","title":{"rendered":"SSS"},"content":{"rendered":"\t\t<div data-elementor-type=\"wp-page\" data-elementor-id=\"22575\" class=\"elementor elementor-22575 elementor-5389\" data-elementor-post-type=\"page\">\n\t\t\t\t\t\t<section class=\"elementor-section elementor-top-section elementor-element elementor-element-fbf32dc elementor-section-boxed elementor-section-height-default elementor-section-height-default\" data-id=\"fbf32dc\" data-element_type=\"section\">\n\t\t\t\t\t\t<div class=\"elementor-container elementor-column-gap-default\">\n\t\t\t\t\t<div class=\"elementor-column elementor-col-16 elementor-top-column elementor-element elementor-element-5c3811b\" data-id=\"5c3811b\" data-element_type=\"column\">\n\t\t\t<div class=\"elementor-widget-wrap\">\n\t\t\t\t\t\t\t<\/div>\n\t\t<\/div>\n\t\t\t\t<div class=\"elementor-column elementor-col-66 elementor-top-column elementor-element elementor-element-6ba22b9\" data-id=\"6ba22b9\" data-element_type=\"column\">\n\t\t\t<div class=\"elementor-widget-wrap elementor-element-populated\">\n\t\t\t\t\t\t<div class=\"elementor-element elementor-element-ca0fceb elementor-widget elementor-widget-spacer\" data-id=\"ca0fceb\" data-element_type=\"widget\" data-widget_type=\"spacer.default\">\n\t\t\t\t\t\t\t<div class=\"elementor-spacer\">\n\t\t\t<div class=\"elementor-spacer-inner\"><\/div>\n\t\t<\/div>\n\t\t\t\t\t\t<\/div>\n\t\t\t\t<div class=\"elementor-element elementor-element-2935a4b elementor-widget elementor-widget-heading\" data-id=\"2935a4b\" data-element_type=\"widget\" data-widget_type=\"heading.default\">\n\t\t\t\t\t<h2 class=\"elementor-heading-title elementor-size-default\">S\u0131k\u00e7a Sorulan Sorular<\/h2>\t\t\t\t<\/div>\n\t\t\t\t<div class=\"elementor-element elementor-element-1e7cd41 elementor-widget elementor-widget-spacer\" data-id=\"1e7cd41\" data-element_type=\"widget\" data-widget_type=\"spacer.default\">\n\t\t\t\t\t\t\t<div class=\"elementor-spacer\">\n\t\t\t<div class=\"elementor-spacer-inner\"><\/div>\n\t\t<\/div>\n\t\t\t\t\t\t<\/div>\n\t\t\t\t<div class=\"elementor-element elementor-element-68dbfb9 elementor-widget elementor-widget-text-editor\" data-id=\"68dbfb9\" data-element_type=\"widget\" data-widget_type=\"text-editor.default\">\n\t\t\t\t\t\t\t\t\t<div class=\"elementor-element elementor-element-0480845 elementor-widget elementor-widget-tm-heading\" data-id=\"0480845\" data-element_type=\"widget\" data-widget_type=\"tm-heading.default\"><div class=\"elementor-widget-container\"><div class=\"tm-modern-heading tm-modern-heading--style-03 tm-modern-heading--highlight-style-01\"><div class=\"heading-description-wrap\"><div class=\"heading-description\"><p data-start=\"112\" data-end=\"317\">\u0130nternetten al\u0131\u015fveri\u015f yaparken a\u00e7\u0131kl\u0131k ve g\u00fcvenin \u00f6nemli oldu\u011funu biliyoruz. A\u015fa\u011f\u0131da \u00f6deme y\u00f6ntemleri, fiyatland\u0131rma, iadeler ve daha fazlas\u0131 hakk\u0131nda s\u0131k sorulan sorular\u0131n yan\u0131tlar\u0131n\u0131 bulacaks\u0131n\u0131z &#8211; b\u00f6ylece g\u00fcvenle ve kolayl\u0131kla al\u0131\u015fveri\u015f yapabilirsiniz. <\/p><\/div><\/div><\/div><\/div><\/div>\t\t\t\t\t\t\t\t<\/div>\n\t\t\t\t<div class=\"elementor-element elementor-element-c00450a elementor-widget elementor-widget-spacer\" data-id=\"c00450a\" data-element_type=\"widget\" data-widget_type=\"spacer.default\">\n\t\t\t\t\t\t\t<div class=\"elementor-spacer\">\n\t\t\t<div class=\"elementor-spacer-inner\"><\/div>\n\t\t<\/div>\n\t\t\t\t\t\t<\/div>\n\t\t\t\t<div class=\"elementor-element elementor-element-f024193 elementor-accordion-margin elementor-widget elementor-widget-accordion\" data-id=\"f024193\" data-element_type=\"widget\" data-widget_type=\"accordion.default\">\n\t\t\t\t\t\t\t<div class=\"elementor-accordion\">\n\t\t\t\t\t\t\t<div class=\"elementor-accordion-item\">\n\t\t\t\t\t<div id=\"elementor-tab-title-2511\" class=\"elementor-tab-title\" data-tab=\"1\" role=\"button\" aria-controls=\"elementor-tab-content-2511\" aria-expanded=\"false\">\n\t\t\t\t\t\t\t\t\t\t\t\t\t<span class=\"elementor-accordion-icon elementor-accordion-icon-left\" aria-hidden=\"true\">\n\t\t\t\t\t\t\t\t\t\t\t\t\t\t\t<span class=\"elementor-accordion-icon-closed\"><svg class=\"e-font-icon-svg e-fas-plus\" viewBox=\"0 0 448 512\" xmlns=\"http:\/\/www.w3.org\/2000\/svg\"><path d=\"M416 208H272V64c0-17.67-14.33-32-32-32h-32c-17.67 0-32 14.33-32 32v144H32c-17.67 0-32 14.33-32 32v32c0 17.67 14.33 32 32 32h144v144c0 17.67 14.33 32 32 32h32c17.67 0 32-14.33 32-32V304h144c17.67 0 32-14.33 32-32v-32c0-17.67-14.33-32-32-32z\"><\/path><\/svg><\/span>\n\t\t\t\t\t\t\t\t<span class=\"elementor-accordion-icon-opened\"><svg class=\"e-font-icon-svg e-fas-minus\" viewBox=\"0 0 448 512\" xmlns=\"http:\/\/www.w3.org\/2000\/svg\"><path d=\"M416 208H32c-17.67 0-32 14.33-32 32v32c0 17.67 14.33 32 32 32h384c17.67 0 32-14.33 32-32v-32c0-17.67-14.33-32-32-32z\"><\/path><\/svg><\/span>\n\t\t\t\t\t\t\t\t\t\t\t\t\t\t<\/span>\n\t\t\t\t\t\t\t\t\t\t\t\t<a class=\"elementor-accordion-title\" tabindex=\"0\">Yapay zeka istemi nedir?<\/a>\n\t\t\t\t\t<\/div>\n\t\t\t\t\t<div id=\"elementor-tab-content-2511\" class=\"elementor-tab-content elementor-clearfix\" data-tab=\"1\" role=\"region\" aria-labelledby=\"elementor-tab-title-2511\"><p data-start=\"276\" data-end=\"533\">Yapay zeka istemi, bir yapay zeka modelini (ChatGPT, Midjourney, Claude veya Gemini gibi) do\u011fru ve y\u00fcksek kaliteli sonu\u00e7lar \u00fcretmesi i\u00e7in y\u00f6nlendiren, \u00f6zenle haz\u0131rlanm\u0131\u015f bir metin talimat\u0131d\u0131r. \u0130yi tasarlanm\u0131\u015f bir bilgi istemi zaman kazand\u0131r\u0131r, \u00e7\u0131kt\u0131y\u0131 iyile\u015ftirir ve tutarl\u0131 performans sa\u011flar. <\/p>\n<\/div>\n\t\t\t\t<\/div>\n\t\t\t\t\t\t\t<div class=\"elementor-accordion-item\">\n\t\t\t\t\t<div id=\"elementor-tab-title-2512\" class=\"elementor-tab-title\" data-tab=\"2\" role=\"button\" aria-controls=\"elementor-tab-content-2512\" aria-expanded=\"false\">\n\t\t\t\t\t\t\t\t\t\t\t\t\t<span class=\"elementor-accordion-icon elementor-accordion-icon-left\" aria-hidden=\"true\">\n\t\t\t\t\t\t\t\t\t\t\t\t\t\t\t<span class=\"elementor-accordion-icon-closed\"><svg class=\"e-font-icon-svg e-fas-plus\" viewBox=\"0 0 448 512\" xmlns=\"http:\/\/www.w3.org\/2000\/svg\"><path d=\"M416 208H272V64c0-17.67-14.33-32-32-32h-32c-17.67 0-32 14.33-32 32v144H32c-17.67 0-32 14.33-32 32v32c0 17.67 14.33 32 32 32h144v144c0 17.67 14.33 32 32 32h32c17.67 0 32-14.33 32-32V304h144c17.67 0 32-14.33 32-32v-32c0-17.67-14.33-32-32-32z\"><\/path><\/svg><\/span>\n\t\t\t\t\t\t\t\t<span class=\"elementor-accordion-icon-opened\"><svg class=\"e-font-icon-svg e-fas-minus\" viewBox=\"0 0 448 512\" xmlns=\"http:\/\/www.w3.org\/2000\/svg\"><path d=\"M416 208H32c-17.67 0-32 14.33-32 32v32c0 17.67 14.33 32 32 32h384c17.67 0 32-14.33 32-32v-32c0-17.67-14.33-32-32-32z\"><\/path><\/svg><\/span>\n\t\t\t\t\t\t\t\t\t\t\t\t\t\t<\/span>\n\t\t\t\t\t\t\t\t\t\t\t\t<a class=\"elementor-accordion-title\" tabindex=\"0\">\u0130pu\u00e7lar\u0131n\u0131z hangi yapay zeka ara\u00e7lar\u0131yla uyumlu?<\/a>\n\t\t\t\t\t<\/div>\n\t\t\t\t\t<div id=\"elementor-tab-content-2512\" class=\"elementor-tab-content elementor-clearfix\" data-tab=\"2\" role=\"region\" aria-labelledby=\"elementor-tab-title-2512\"><p data-start=\"602\" data-end=\"667\">A\u015fa\u011f\u0131dakiler de dahil olmak \u00fczere en pop\u00fcler yapay zeka platformlar\u0131 i\u00e7in istemler olu\u015fturuyoruz:<\/p>\n<ul data-start=\"668\" data-end=\"833\">\n<li data-start=\"668\" data-end=\"695\">\n<p data-start=\"670\" data-end=\"695\">ChatGPT \/ GPT-4 \/ GPT-5<\/p>\n<\/li>\n<li data-start=\"696\" data-end=\"710\">\n<p data-start=\"698\" data-end=\"710\">Yolculu\u011fun Ortas\u0131<\/p>\n<\/li>\n<li data-start=\"711\" data-end=\"731\">\n<p data-start=\"713\" data-end=\"731\">Kararl\u0131 Dif\u00fczyon<\/p>\n<\/li>\n<li data-start=\"732\" data-end=\"742\">\n<p data-start=\"734\" data-end=\"742\">Claude<\/p>\n<\/li>\n<li data-start=\"743\" data-end=\"833\">\n<p data-start=\"745\" data-end=\"833\">Google Gemini<br data-start=\"758\" data-end=\"761\">Farkl\u0131 bir model i\u00e7in bilgi istemine ihtiyac\u0131n\u0131z varsa, bunu sizin i\u00e7in \u00f6zelle\u015ftirebiliriz.<\/p>\n<\/li>\n<\/ul>\n<\/div>\n\t\t\t\t<\/div>\n\t\t\t\t\t\t\t<div class=\"elementor-accordion-item\">\n\t\t\t\t\t<div id=\"elementor-tab-title-2513\" class=\"elementor-tab-title\" data-tab=\"3\" role=\"button\" aria-controls=\"elementor-tab-content-2513\" aria-expanded=\"false\">\n\t\t\t\t\t\t\t\t\t\t\t\t\t<span class=\"elementor-accordion-icon elementor-accordion-icon-left\" aria-hidden=\"true\">\n\t\t\t\t\t\t\t\t\t\t\t\t\t\t\t<span class=\"elementor-accordion-icon-closed\"><svg class=\"e-font-icon-svg e-fas-plus\" viewBox=\"0 0 448 512\" xmlns=\"http:\/\/www.w3.org\/2000\/svg\"><path d=\"M416 208H272V64c0-17.67-14.33-32-32-32h-32c-17.67 0-32 14.33-32 32v144H32c-17.67 0-32 14.33-32 32v32c0 17.67 14.33 32 32 32h144v144c0 17.67 14.33 32 32 32h32c17.67 0 32-14.33 32-32V304h144c17.67 0 32-14.33 32-32v-32c0-17.67-14.33-32-32-32z\"><\/path><\/svg><\/span>\n\t\t\t\t\t\t\t\t<span class=\"elementor-accordion-icon-opened\"><svg class=\"e-font-icon-svg e-fas-minus\" viewBox=\"0 0 448 512\" xmlns=\"http:\/\/www.w3.org\/2000\/svg\"><path d=\"M416 208H32c-17.67 0-32 14.33-32 32v32c0 17.67 14.33 32 32 32h384c17.67 0 32-14.33 32-32v-32c0-17.67-14.33-32-32-32z\"><\/path><\/svg><\/span>\n\t\t\t\t\t\t\t\t\t\t\t\t\t\t<\/span>\n\t\t\t\t\t\t\t\t\t\t\t\t<a class=\"elementor-accordion-title\" tabindex=\"0\">Bir istemi nas\u0131l sat\u0131n alabilirim?<\/a>\n\t\t\t\t\t<\/div>\n\t\t\t\t\t<div id=\"elementor-tab-content-2513\" class=\"elementor-tab-content elementor-clearfix\" data-tab=\"3\" role=\"region\" aria-labelledby=\"elementor-tab-title-2513\"><ul>\n<li data-start=\"881\" data-end=\"923\">\n<p data-start=\"884\" data-end=\"923\">\u0130stedi\u011finiz istemi veya paketi se\u00e7in.<\/p>\n<\/li>\n<li data-start=\"924\" data-end=\"963\">\n<p data-start=\"927\" data-end=\"963\">\u00d6deme i\u015flemini ve \u00f6demeyi tamamlay\u0131n.<\/p>\n<\/li>\n<li data-start=\"964\" data-end=\"1035\">\n<p data-start=\"967\" data-end=\"1035\">Dosyalar\u0131n\u0131z\u0131 e-posta yoluyla veya hesap kontrol panelinizden an\u0131nda al\u0131n.<\/p>\n<\/li>\n<\/ul>\n<\/div>\n\t\t\t\t<\/div>\n\t\t\t\t\t\t\t<div class=\"elementor-accordion-item\">\n\t\t\t\t\t<div id=\"elementor-tab-title-2514\" class=\"elementor-tab-title\" data-tab=\"4\" role=\"button\" aria-controls=\"elementor-tab-content-2514\" aria-expanded=\"false\">\n\t\t\t\t\t\t\t\t\t\t\t\t\t<span class=\"elementor-accordion-icon elementor-accordion-icon-left\" aria-hidden=\"true\">\n\t\t\t\t\t\t\t\t\t\t\t\t\t\t\t<span class=\"elementor-accordion-icon-closed\"><svg class=\"e-font-icon-svg e-fas-plus\" viewBox=\"0 0 448 512\" xmlns=\"http:\/\/www.w3.org\/2000\/svg\"><path d=\"M416 208H272V64c0-17.67-14.33-32-32-32h-32c-17.67 0-32 14.33-32 32v144H32c-17.67 0-32 14.33-32 32v32c0 17.67 14.33 32 32 32h144v144c0 17.67 14.33 32 32 32h32c17.67 0 32-14.33 32-32V304h144c17.67 0 32-14.33 32-32v-32c0-17.67-14.33-32-32-32z\"><\/path><\/svg><\/span>\n\t\t\t\t\t\t\t\t<span class=\"elementor-accordion-icon-opened\"><svg class=\"e-font-icon-svg e-fas-minus\" viewBox=\"0 0 448 512\" xmlns=\"http:\/\/www.w3.org\/2000\/svg\"><path d=\"M416 208H32c-17.67 0-32 14.33-32 32v32c0 17.67 14.33 32 32 32h384c17.67 0 32-14.33 32-32v-32c0-17.67-14.33-32-32-32z\"><\/path><\/svg><\/span>\n\t\t\t\t\t\t\t\t\t\t\t\t\t\t<\/span>\n\t\t\t\t\t\t\t\t\t\t\t\t<a class=\"elementor-accordion-title\" tabindex=\"0\">Sat\u0131n ald\u0131ktan sonra ne alaca\u011f\u0131m?<\/a>\n\t\t\t\t\t<\/div>\n\t\t\t\t\t<div id=\"elementor-tab-content-2514\" class=\"elementor-tab-content elementor-clearfix\" data-tab=\"4\" role=\"region\" aria-labelledby=\"elementor-tab-title-2514\"><p data-start=\"1093\" data-end=\"1112\">Alacaks\u0131n\u0131z:<\/p>\n<ul data-start=\"1113\" data-end=\"1236\">\n<li data-start=\"1113\" data-end=\"1137\">\n<p data-start=\"1115\" data-end=\"1137\">Tam bilgi istemi metni<\/p>\n<\/li>\n<\/ul>\n<\/div>\n\t\t\t\t<\/div>\n\t\t\t\t\t\t\t<div class=\"elementor-accordion-item\">\n\t\t\t\t\t<div id=\"elementor-tab-title-2515\" class=\"elementor-tab-title\" data-tab=\"5\" role=\"button\" aria-controls=\"elementor-tab-content-2515\" aria-expanded=\"false\">\n\t\t\t\t\t\t\t\t\t\t\t\t\t<span class=\"elementor-accordion-icon elementor-accordion-icon-left\" aria-hidden=\"true\">\n\t\t\t\t\t\t\t\t\t\t\t\t\t\t\t<span class=\"elementor-accordion-icon-closed\"><svg class=\"e-font-icon-svg e-fas-plus\" viewBox=\"0 0 448 512\" xmlns=\"http:\/\/www.w3.org\/2000\/svg\"><path d=\"M416 208H272V64c0-17.67-14.33-32-32-32h-32c-17.67 0-32 14.33-32 32v144H32c-17.67 0-32 14.33-32 32v32c0 17.67 14.33 32 32 32h144v144c0 17.67 14.33 32 32 32h32c17.67 0 32-14.33 32-32V304h144c17.67 0 32-14.33 32-32v-32c0-17.67-14.33-32-32-32z\"><\/path><\/svg><\/span>\n\t\t\t\t\t\t\t\t<span class=\"elementor-accordion-icon-opened\"><svg class=\"e-font-icon-svg e-fas-minus\" viewBox=\"0 0 448 512\" xmlns=\"http:\/\/www.w3.org\/2000\/svg\"><path d=\"M416 208H32c-17.67 0-32 14.33-32 32v32c0 17.67 14.33 32 32 32h384c17.67 0 32-14.33 32-32v-32c0-17.67-14.33-32-32-32z\"><\/path><\/svg><\/span>\n\t\t\t\t\t\t\t\t\t\t\t\t\t\t<\/span>\n\t\t\t\t\t\t\t\t\t\t\t\t<a class=\"elementor-accordion-title\" tabindex=\"0\">Para iadesi yap\u0131yor musunuz?<\/a>\n\t\t\t\t\t<\/div>\n\t\t\t\t\t<div id=\"elementor-tab-content-2515\" class=\"elementor-tab-content elementor-clearfix\" data-tab=\"5\" role=\"region\" aria-labelledby=\"elementor-tab-title-2515\"><p>\u0130stemler &#8220;iade edilemeyen&#8221; dijital \u00fcr\u00fcnler oldu\u011fundan, t\u00fcm sat\u0131\u015flar genellikle nihaidir.<br data-start=\"1571\" data-end=\"1574\">Ancak, sorun ya\u015farsan\u0131z veya yanl\u0131\u015f \u00fcr\u00fcn al\u0131rsan\u0131z, l\u00fctfen bizimle ileti\u015fime ge\u00e7in &#8211; sorunu \u00e7\u00f6zmeye yard\u0131mc\u0131 olmaktan memnuniyet duyar\u0131z.<\/p>\n<\/div>\n\t\t\t\t<\/div>\n\t\t\t\t\t\t\t<div class=\"elementor-accordion-item\">\n\t\t\t\t\t<div id=\"elementor-tab-title-2516\" class=\"elementor-tab-title\" data-tab=\"6\" role=\"button\" aria-controls=\"elementor-tab-content-2516\" aria-expanded=\"false\">\n\t\t\t\t\t\t\t\t\t\t\t\t\t<span class=\"elementor-accordion-icon elementor-accordion-icon-left\" aria-hidden=\"true\">\n\t\t\t\t\t\t\t\t\t\t\t\t\t\t\t<span class=\"elementor-accordion-icon-closed\"><svg class=\"e-font-icon-svg e-fas-plus\" viewBox=\"0 0 448 512\" xmlns=\"http:\/\/www.w3.org\/2000\/svg\"><path d=\"M416 208H272V64c0-17.67-14.33-32-32-32h-32c-17.67 0-32 14.33-32 32v144H32c-17.67 0-32 14.33-32 32v32c0 17.67 14.33 32 32 32h144v144c0 17.67 14.33 32 32 32h32c17.67 0 32-14.33 32-32V304h144c17.67 0 32-14.33 32-32v-32c0-17.67-14.33-32-32-32z\"><\/path><\/svg><\/span>\n\t\t\t\t\t\t\t\t<span class=\"elementor-accordion-icon-opened\"><svg class=\"e-font-icon-svg e-fas-minus\" viewBox=\"0 0 448 512\" xmlns=\"http:\/\/www.w3.org\/2000\/svg\"><path d=\"M416 208H32c-17.67 0-32 14.33-32 32v32c0 17.67 14.33 32 32 32h384c17.67 0 32-14.33 32-32v-32c0-17.67-14.33-32-32-32z\"><\/path><\/svg><\/span>\n\t\t\t\t\t\t\t\t\t\t\t\t\t\t<\/span>\n\t\t\t\t\t\t\t\t\t\t\t\t<a class=\"elementor-accordion-title\" tabindex=\"0\">\u0130pu\u00e7lar\u0131n\u0131 ticari projeler i\u00e7in kullanabilir miyim?<\/a>\n\t\t\t\t\t<\/div>\n\t\t\t\t\t<div id=\"elementor-tab-content-2516\" class=\"elementor-tab-content elementor-clearfix\" data-tab=\"6\" role=\"region\" aria-labelledby=\"elementor-tab-title-2516\"><p>Evet. Aksi belirtilmedik\u00e7e, sat\u0131n al\u0131nan t\u00fcm istemler ticari kullan\u0131m lisans\u0131yla birlikte gelir. Buna m\u00fc\u015fteri \u00e7al\u0131\u015fmalar\u0131, i\u00e7erik olu\u015fturma, i\u015f s\u00fcre\u00e7leri ve daha fazlas\u0131 i\u00e7in kullan\u0131m dahildir.  <\/p>\n<\/div>\n\t\t\t\t<\/div>\n\t\t\t\t\t\t\t<div class=\"elementor-accordion-item\">\n\t\t\t\t\t<div id=\"elementor-tab-title-2517\" class=\"elementor-tab-title\" data-tab=\"7\" role=\"button\" aria-controls=\"elementor-tab-content-2517\" aria-expanded=\"false\">\n\t\t\t\t\t\t\t\t\t\t\t\t\t<span class=\"elementor-accordion-icon elementor-accordion-icon-left\" aria-hidden=\"true\">\n\t\t\t\t\t\t\t\t\t\t\t\t\t\t\t<span class=\"elementor-accordion-icon-closed\"><svg class=\"e-font-icon-svg e-fas-plus\" viewBox=\"0 0 448 512\" xmlns=\"http:\/\/www.w3.org\/2000\/svg\"><path d=\"M416 208H272V64c0-17.67-14.33-32-32-32h-32c-17.67 0-32 14.33-32 32v144H32c-17.67 0-32 14.33-32 32v32c0 17.67 14.33 32 32 32h144v144c0 17.67 14.33 32 32 32h32c17.67 0 32-14.33 32-32V304h144c17.67 0 32-14.33 32-32v-32c0-17.67-14.33-32-32-32z\"><\/path><\/svg><\/span>\n\t\t\t\t\t\t\t\t<span class=\"elementor-accordion-icon-opened\"><svg class=\"e-font-icon-svg e-fas-minus\" viewBox=\"0 0 448 512\" xmlns=\"http:\/\/www.w3.org\/2000\/svg\"><path d=\"M416 208H32c-17.67 0-32 14.33-32 32v32c0 17.67 14.33 32 32 32h384c17.67 0 32-14.33 32-32v-32c0-17.67-14.33-32-32-32z\"><\/path><\/svg><\/span>\n\t\t\t\t\t\t\t\t\t\t\t\t\t\t<\/span>\n\t\t\t\t\t\t\t\t\t\t\t\t<a class=\"elementor-accordion-title\" tabindex=\"0\">Bu istemleri kullanmak i\u00e7in teknik bilgiye ihtiyac\u0131m var m\u0131?<\/a>\n\t\t\t\t\t<\/div>\n\t\t\t\t\t<div id=\"elementor-tab-content-2517\" class=\"elementor-tab-content elementor-clearfix\" data-tab=\"7\" role=\"region\" aria-labelledby=\"elementor-tab-title-2517\"><p>Hi\u00e7 de de\u011fil. Her komut istemi basit talimatlar i\u00e7erir, b\u00f6ylece yeni ba\u015flayanlar ve ileri d\u00fczey kullan\u0131c\u0131lar hemen y\u00fcksek kaliteli sonu\u00e7lar elde edebilir. <\/p>\n<\/div>\n\t\t\t\t<\/div>\n\t\t\t\t\t\t\t\t\t\t<script type=\"application\/ld+json\">{\"@context\":\"https:\\\/\\\/schema.org\",\"@type\":\"FAQPage\",\"mainEntity\":[{\"@type\":\"Question\",\"name\":\"Yapay zeka istemi nedir?\",\"acceptedAnswer\":{\"@type\":\"Answer\",\"text\":\"<p data-start=\\\"276\\\" data-end=\\\"533\\\">Yapay zeka istemi, bir yapay zeka modelini (ChatGPT, Midjourney, Claude veya Gemini gibi) do\\u011fru ve y\\u00fcksek kaliteli sonu\\u00e7lar \\u00fcretmesi i\\u00e7in y\\u00f6nlendiren, \\u00f6zenle haz\\u0131rlanm\\u0131\\u015f bir metin talimat\\u0131d\\u0131r. \\u0130yi tasarlanm\\u0131\\u015f bir bilgi istemi zaman kazand\\u0131r\\u0131r, \\u00e7\\u0131kt\\u0131y\\u0131 iyile\\u015ftirir ve tutarl\\u0131 performans sa\\u011flar. <\\\/p>\\n\"}},{\"@type\":\"Question\",\"name\":\"\\u0130pu\\u00e7lar\\u0131n\\u0131z hangi yapay zeka ara\\u00e7lar\\u0131yla uyumlu?\",\"acceptedAnswer\":{\"@type\":\"Answer\",\"text\":\"<p data-start=\\\"602\\\" data-end=\\\"667\\\">A\\u015fa\\u011f\\u0131dakiler de dahil olmak \\u00fczere en pop\\u00fcler yapay zeka platformlar\\u0131 i\\u00e7in istemler olu\\u015fturuyoruz:<\\\/p>\\n<ul data-start=\\\"668\\\" data-end=\\\"833\\\">\\n<li data-start=\\\"668\\\" data-end=\\\"695\\\">\\n<p data-start=\\\"670\\\" data-end=\\\"695\\\">ChatGPT \\\/ GPT-4 \\\/ GPT-5<\\\/p>\\n<\\\/li>\\n<li data-start=\\\"696\\\" data-end=\\\"710\\\">\\n<p data-start=\\\"698\\\" data-end=\\\"710\\\">Yolculu\\u011fun Ortas\\u0131<\\\/p>\\n<\\\/li>\\n<li data-start=\\\"711\\\" data-end=\\\"731\\\">\\n<p data-start=\\\"713\\\" data-end=\\\"731\\\">Kararl\\u0131 Dif\\u00fczyon<\\\/p>\\n<\\\/li>\\n<li data-start=\\\"732\\\" data-end=\\\"742\\\">\\n<p data-start=\\\"734\\\" data-end=\\\"742\\\">Claude<\\\/p>\\n<\\\/li>\\n<li data-start=\\\"743\\\" data-end=\\\"833\\\">\\n<p data-start=\\\"745\\\" data-end=\\\"833\\\">Google Gemini<br data-start=\\\"758\\\" data-end=\\\"761\\\">Farkl\\u0131 bir model i\\u00e7in bilgi istemine ihtiyac\\u0131n\\u0131z varsa, bunu sizin i\\u00e7in \\u00f6zelle\\u015ftirebiliriz.<\\\/p>\\n<\\\/li>\\n<\\\/ul>\\n\"}},{\"@type\":\"Question\",\"name\":\"Bir istemi nas\\u0131l sat\\u0131n alabilirim?\",\"acceptedAnswer\":{\"@type\":\"Answer\",\"text\":\"<ul>\\n<li data-start=\\\"881\\\" data-end=\\\"923\\\">\\n<p data-start=\\\"884\\\" data-end=\\\"923\\\">\\u0130stedi\\u011finiz istemi veya paketi se\\u00e7in.<\\\/p>\\n<\\\/li>\\n<li data-start=\\\"924\\\" data-end=\\\"963\\\">\\n<p data-start=\\\"927\\\" data-end=\\\"963\\\">\\u00d6deme i\\u015flemini ve \\u00f6demeyi tamamlay\\u0131n.<\\\/p>\\n<\\\/li>\\n<li data-start=\\\"964\\\" data-end=\\\"1035\\\">\\n<p data-start=\\\"967\\\" data-end=\\\"1035\\\">Dosyalar\\u0131n\\u0131z\\u0131 e-posta yoluyla veya hesap kontrol panelinizden an\\u0131nda al\\u0131n.<\\\/p>\\n<\\\/li>\\n<\\\/ul>\\n\"}},{\"@type\":\"Question\",\"name\":\"Sat\\u0131n ald\\u0131ktan sonra ne alaca\\u011f\\u0131m?\",\"acceptedAnswer\":{\"@type\":\"Answer\",\"text\":\"<p data-start=\\\"1093\\\" data-end=\\\"1112\\\">Alacaks\\u0131n\\u0131z:<\\\/p>\\n<ul data-start=\\\"1113\\\" data-end=\\\"1236\\\">\\n<li data-start=\\\"1113\\\" data-end=\\\"1137\\\">\\n<p data-start=\\\"1115\\\" data-end=\\\"1137\\\">Tam bilgi istemi metni<\\\/p>\\n<\\\/li>\\n<\\\/ul>\\n\"}},{\"@type\":\"Question\",\"name\":\"Para iadesi yap\\u0131yor musunuz?\",\"acceptedAnswer\":{\"@type\":\"Answer\",\"text\":\"<p>\\u0130stemler &#8220;iade edilemeyen&#8221; dijital \\u00fcr\\u00fcnler oldu\\u011fundan, t\\u00fcm sat\\u0131\\u015flar genellikle nihaidir.<br data-start=\\\"1571\\\" data-end=\\\"1574\\\">Ancak, sorun ya\\u015farsan\\u0131z veya yanl\\u0131\\u015f \\u00fcr\\u00fcn al\\u0131rsan\\u0131z, l\\u00fctfen bizimle ileti\\u015fime ge\\u00e7in &#8211; sorunu \\u00e7\\u00f6zmeye yard\\u0131mc\\u0131 olmaktan memnuniyet duyar\\u0131z.<\\\/p>\\n\"}},{\"@type\":\"Question\",\"name\":\"\\u0130pu\\u00e7lar\\u0131n\\u0131 ticari projeler i\\u00e7in kullanabilir miyim?\",\"acceptedAnswer\":{\"@type\":\"Answer\",\"text\":\"<p>Evet. Aksi belirtilmedik\\u00e7e, sat\\u0131n al\\u0131nan t\\u00fcm istemler ticari kullan\\u0131m lisans\\u0131yla birlikte gelir. Buna m\\u00fc\\u015fteri \\u00e7al\\u0131\\u015fmalar\\u0131, i\\u00e7erik olu\\u015fturma, i\\u015f s\\u00fcre\\u00e7leri ve daha fazlas\\u0131 i\\u00e7in kullan\\u0131m dahildir.  <\\\/p>\\n\"}},{\"@type\":\"Question\",\"name\":\"Bu istemleri kullanmak i\\u00e7in teknik bilgiye ihtiyac\\u0131m var m\\u0131?\",\"acceptedAnswer\":{\"@type\":\"Answer\",\"text\":\"<p>Hi\\u00e7 de de\\u011fil. Her komut istemi basit talimatlar i\\u00e7erir, b\\u00f6ylece yeni ba\\u015flayanlar ve ileri d\\u00fczey kullan\\u0131c\\u0131lar hemen y\\u00fcksek kaliteli sonu\\u00e7lar elde edebilir. <\\\/p>\\n\"}}]}<\/script>\n\t\t\t\t\t<\/div>\n\t\t\t\t\t\t<\/div>\n\t\t\t\t\t<\/div>\n\t\t<\/div>\n\t\t\t\t<div class=\"elementor-column elementor-col-16 elementor-top-column elementor-element elementor-element-ff95cd9\" data-id=\"ff95cd9\" data-element_type=\"column\">\n\t\t\t<div class=\"elementor-widget-wrap\">\n\t\t\t\t\t\t\t<\/div>\n\t\t<\/div>\n\t\t\t\t\t<\/div>\n\t\t<\/section>\n\t\t\t\t<\/div>\n\t\t","protected":false},"excerpt":{"rendered":"<p>S\u0131k\u00e7a Sorulan Sorular \u0130nternetten al\u0131\u015fveri\u015f yaparken a\u00e7\u0131kl\u0131k ve g\u00fcvenin \u00f6nemli oldu\u011funu biliyoruz. A\u015fa\u011f\u0131da \u00f6deme y\u00f6ntemleri, fiyatland\u0131rma, iadeler ve daha fazlas\u0131 hakk\u0131nda s\u0131k sorulan sorular\u0131n yan\u0131tlar\u0131n\u0131 bulacaks\u0131n\u0131z &#8211; b\u00f6ylece g\u00fcvenle ve kolayl\u0131kla al\u0131\u015fveri\u015f yapabilirsiniz. Yapay zeka istemi nedir? Yapay zeka istemi, bir yapay zeka modelini (ChatGPT, Midjourney, Claude veya Gemini gibi) do\u011fru ve y\u00fcksek kaliteli sonu\u00e7lar [&hellip;]<\/p>\n","protected":false},"author":1,"featured_media":0,"parent":0,"menu_order":0,"comment_status":"closed","ping_status":"closed","template":"","meta":{"footnotes":""},"class_list":["post-22575","page","type-page","status-publish","hentry"],"_links":{"self":[{"href":"https:\/\/prompt-place.com\/tr\/wp-json\/wp\/v2\/pages\/22575","targetHints":{"allow":["GET"]}}],"collection":[{"href":"https:\/\/prompt-place.com\/tr\/wp-json\/wp\/v2\/pages"}],"about":[{"href":"https:\/\/prompt-place.com\/tr\/wp-json\/wp\/v2\/types\/page"}],"author":[{"embeddable":true,"href":"https:\/\/prompt-place.com\/tr\/wp-json\/wp\/v2\/users\/1"}],"replies":[{"embeddable":true,"href":"https:\/\/prompt-place.com\/tr\/wp-json\/wp\/v2\/comments?post=22575"}],"version-history":[{"count":1,"href":"https:\/\/prompt-place.com\/tr\/wp-json\/wp\/v2\/pages\/22575\/revisions"}],"predecessor-version":[{"id":22577,"href":"https:\/\/prompt-place.com\/tr\/wp-json\/wp\/v2\/pages\/22575\/revisions\/22577"}],"wp:attachment":[{"href":"https:\/\/prompt-place.com\/tr\/wp-json\/wp\/v2\/media?parent=22575"}],"curies":[{"name":"wp","href":"https:\/\/api.w.org\/{rel}","templated":true}]}}