{"id":22396,"date":"2019-08-12T12:40:15","date_gmt":"2019-08-12T12:40:15","guid":{"rendered":"http:\/\/prompt-place.com\/hakkinda\/"},"modified":"2025-12-12T08:37:21","modified_gmt":"2025-12-12T08:37:21","slug":"hakkinda","status":"publish","type":"page","link":"https:\/\/prompt-place.com\/tr\/hakkinda\/","title":{"rendered":"Hakk\u0131nda"},"content":{"rendered":"\t\t<div data-elementor-type=\"wp-page\" data-elementor-id=\"22396\" class=\"elementor elementor-22396 elementor-4986\" data-elementor-post-type=\"page\">\n\t\t\t\t\t\t<section class=\"elementor-section elementor-top-section elementor-element elementor-element-a4ddd39 elementor-section-stretched elementor-section-content-middle elementor-section-boxed elementor-section-height-default elementor-section-height-default\" data-id=\"a4ddd39\" data-element_type=\"section\" data-settings=\"{&quot;stretch_section&quot;:&quot;section-stretched&quot;,&quot;background_background&quot;:&quot;classic&quot;}\">\n\t\t\t\t\t\t<div class=\"elementor-container elementor-column-gap-default\">\n\t\t\t\t\t<div class=\"elementor-column elementor-col-50 elementor-top-column elementor-element elementor-element-7351e9c display-none\" data-id=\"7351e9c\" data-element_type=\"column\">\n\t\t\t<div class=\"elementor-widget-wrap elementor-element-populated\">\n\t\t\t\t\t\t<div class=\"elementor-element elementor-element-404cbf2 elementor-widget elementor-widget-mtfe-absolute-element\" data-id=\"404cbf2\" data-element_type=\"widget\" data-widget_type=\"mtfe-absolute-element.default\">\n\t\t\t\t<div class=\"elementor-widget-container\">\n\t\t\t\t\t\r\n        <img decoding=\"async\" class=\"mt-addons-absolute-element-absolute \" src=\"http:\/\/prompt-place.com\/wp-content\/uploads\/2025\/12\/Untitled-1.png\" alt=\"mt-addons-absolute-image\"\/>\r\n        \r\n    \t\t\t\t<\/div>\n\t\t\t\t<\/div>\n\t\t\t\t<div class=\"elementor-element elementor-element-75af588 elementor-widget elementor-widget-image\" data-id=\"75af588\" data-element_type=\"widget\" data-widget_type=\"image.default\">\n\t\t\t\t\t\t\t\t\t\t\t\t\t\t\t<img fetchpriority=\"high\" decoding=\"async\" width=\"947\" height=\"817\" src=\"https:\/\/prompt-place.com\/wp-content\/uploads\/2022\/08\/background-absolute.png\" class=\"attachment-full size-full wp-image-22512\" alt=\"\" srcset=\"https:\/\/prompt-place.com\/wp-content\/uploads\/2022\/08\/background-absolute.png 947w, https:\/\/prompt-place.com\/wp-content\/uploads\/2022\/08\/background-absolute-600x518.png 600w, https:\/\/prompt-place.com\/wp-content\/uploads\/2022\/08\/background-absolute-300x259.png 300w, https:\/\/prompt-place.com\/wp-content\/uploads\/2022\/08\/background-absolute-768x663.png 768w\" sizes=\"(max-width: 947px) 100vw, 947px\" \/>\t\t\t\t\t\t\t\t\t\t\t\t\t\t\t<\/div>\n\t\t\t\t<div class=\"elementor-element elementor-element-e4d51bd elementor-widget elementor-widget-mtfe-absolute-element\" data-id=\"e4d51bd\" data-element_type=\"widget\" data-widget_type=\"mtfe-absolute-element.default\">\n\t\t\t\t<div class=\"elementor-widget-container\">\n\t\t\t\t\t\r\n        <img decoding=\"async\" class=\"mt-addons-absolute-element-absolute \" src=\"https:\/\/woopt.modeltheme.com\/wp-content\/uploads\/2025\/07\/absolute-GPT.jpg\" alt=\"mt-addons-absolute-image\"\/>\r\n        \r\n    \t\t\t\t<\/div>\n\t\t\t\t<\/div>\n\t\t\t\t<div class=\"elementor-element elementor-element-1aedb30 elementor-widget elementor-widget-mtfe-absolute-element\" data-id=\"1aedb30\" data-element_type=\"widget\" data-widget_type=\"mtfe-absolute-element.default\">\n\t\t\t\t<div class=\"elementor-widget-container\">\n\t\t\t\t\t\r\n        <img decoding=\"async\" class=\"mt-addons-absolute-element-absolute \" src=\"https:\/\/woopt.modeltheme.com\/wp-content\/uploads\/2025\/07\/absolute-elm-deepseek.png\" alt=\"mt-addons-absolute-image\"\/>\r\n        \r\n    \t\t\t\t<\/div>\n\t\t\t\t<\/div>\n\t\t\t\t<div class=\"elementor-element elementor-element-2dc673a elementor-widget elementor-widget-mtfe-absolute-element\" data-id=\"2dc673a\" data-element_type=\"widget\" data-widget_type=\"mtfe-absolute-element.default\">\n\t\t\t\t<div class=\"elementor-widget-container\">\n\t\t\t\t\t\r\n        <img decoding=\"async\" class=\"mt-addons-absolute-element-absolute \" src=\"https:\/\/woopt.modeltheme.com\/wp-content\/uploads\/2025\/07\/absolute-dall-e.jpg\" alt=\"mt-addons-absolute-image\"\/>\r\n        \r\n    \t\t\t\t<\/div>\n\t\t\t\t<\/div>\n\t\t\t\t<div class=\"elementor-element elementor-element-0f76267 elementor-widget elementor-widget-mtfe-absolute-element\" data-id=\"0f76267\" data-element_type=\"widget\" data-widget_type=\"mtfe-absolute-element.default\">\n\t\t\t\t<div class=\"elementor-widget-container\">\n\t\t\t\t\t\r\n        <img decoding=\"async\" class=\"mt-addons-absolute-element-absolute float\" src=\"https:\/\/woopt.modeltheme.com\/wp-content\/uploads\/2025\/07\/absolute-midjourney.jpg\" alt=\"mt-addons-absolute-image\"\/>\r\n        \r\n    \t\t\t\t<\/div>\n\t\t\t\t<\/div>\n\t\t\t\t<div class=\"elementor-element elementor-element-01f1fa4 elementor-widget elementor-widget-mtfe-absolute-element\" data-id=\"01f1fa4\" data-element_type=\"widget\" data-widget_type=\"mtfe-absolute-element.default\">\n\t\t\t\t<div class=\"elementor-widget-container\">\n\t\t\t\t\t\r\n        <img decoding=\"async\" class=\"mt-addons-absolute-element-absolute \" src=\"https:\/\/woopt.modeltheme.com\/wp-content\/uploads\/2025\/07\/absolute-grok.jpg\" alt=\"mt-addons-absolute-image\"\/>\r\n        \r\n    \t\t\t\t<\/div>\n\t\t\t\t<\/div>\n\t\t\t\t<div class=\"elementor-element elementor-element-64e37ad elementor-widget elementor-widget-mtfe-absolute-element\" data-id=\"64e37ad\" data-element_type=\"widget\" data-widget_type=\"mtfe-absolute-element.default\">\n\t\t\t\t<div class=\"elementor-widget-container\">\n\t\t\t\t\t\r\n        <img decoding=\"async\" class=\"mt-addons-absolute-element-absolute \" src=\"https:\/\/woopt.modeltheme.com\/wp-content\/uploads\/2025\/07\/absolutedeep.jpg\" alt=\"mt-addons-absolute-image\"\/>\r\n        \r\n    \t\t\t\t<\/div>\n\t\t\t\t<\/div>\n\t\t\t\t<div class=\"elementor-element elementor-element-399ac2b elementor-widget elementor-widget-mtfe-absolute-element\" data-id=\"399ac2b\" data-element_type=\"widget\" data-widget_type=\"mtfe-absolute-element.default\">\n\t\t\t\t<div class=\"elementor-widget-container\">\n\t\t\t\t\t\r\n        <img decoding=\"async\" class=\"mt-addons-absolute-element-absolute float\" src=\"https:\/\/woopt.modeltheme.com\/wp-content\/uploads\/2025\/07\/absolute-gemini.jpg\" alt=\"mt-addons-absolute-image\"\/>\r\n        \r\n    \t\t\t\t<\/div>\n\t\t\t\t<\/div>\n\t\t\t\t\t<\/div>\n\t\t<\/div>\n\t\t\t\t<div class=\"elementor-column elementor-col-50 elementor-top-column elementor-element elementor-element-7af0a84\" data-id=\"7af0a84\" data-element_type=\"column\">\n\t\t\t<div class=\"elementor-widget-wrap elementor-element-populated\">\n\t\t\t\t\t\t<div class=\"elementor-element elementor-element-cf9b471 elementor-widget elementor-widget-text-editor\" data-id=\"cf9b471\" data-element_type=\"widget\" data-widget_type=\"text-editor.default\">\n\t\t\t\t\t\t\t\t\t<h3 style=\"font-size: 13px; font-weight: 400; color: #0164ff!important; text-align: left; margin-bottom: 0px;\">#1 AI Promps<\/h3>\t\t\t\t\t\t\t\t<\/div>\n\t\t\t\t<div class=\"elementor-element elementor-element-5f179bd elementor-widget elementor-widget-spacer\" data-id=\"5f179bd\" data-element_type=\"widget\" data-widget_type=\"spacer.default\">\n\t\t\t\t\t\t\t<div class=\"elementor-spacer\">\n\t\t\t<div class=\"elementor-spacer-inner\"><\/div>\n\t\t<\/div>\n\t\t\t\t\t\t<\/div>\n\t\t\t\t<div class=\"elementor-element elementor-element-d112e28 elementor-widget elementor-widget-text-editor\" data-id=\"d112e28\" data-element_type=\"widget\" data-widget_type=\"text-editor.default\">\n\t\t\t\t\t\t\t\t\t<h2 style=\"font-size: 35px; font-weight: 600; line-height: 1.2; color: #ffffff; text-align: left; margin-top: 0px;\">Biz sadece ipucu satm\u0131yoruz &#8211; at\u0131l\u0131m sat\u0131yoruz.<\/h2>\t\t\t\t\t\t\t\t<\/div>\n\t\t\t\t<div class=\"elementor-element elementor-element-b890e26 elementor-widget elementor-widget-spacer\" data-id=\"b890e26\" data-element_type=\"widget\" data-widget_type=\"spacer.default\">\n\t\t\t\t\t\t\t<div class=\"elementor-spacer\">\n\t\t\t<div class=\"elementor-spacer-inner\"><\/div>\n\t\t<\/div>\n\t\t\t\t\t\t<\/div>\n\t\t\t\t<div class=\"elementor-element elementor-element-6327421 elementor-widget elementor-widget-text-editor\" data-id=\"6327421\" data-element_type=\"widget\" data-widget_type=\"text-editor.default\">\n\t\t\t\t\t\t\t\t\t<p style=\"font-weight: 500; color: #b2b2d2; text-align: left;\">Bo\u015f bir ekran\u0131n g\u00fc\u00e7l\u00fc bir yan\u0131 vard\u0131r &#8211; ve tam olarak ne yazaca\u011f\u0131n\u0131z\u0131 bilmenin daha da g\u00fc\u00e7l\u00fc bir yan\u0131. \u0130yi bir komut istemi sadece zaman kazand\u0131rmaz. Netli\u011fin kilidini a\u00e7ar. Y\u00f6n. Momentum.    <\/p>\t\t\t\t\t\t\t\t<\/div>\n\t\t\t\t<div class=\"elementor-element elementor-element-42a4e13 elementor-widget elementor-widget-spacer\" data-id=\"42a4e13\" data-element_type=\"widget\" data-widget_type=\"spacer.default\">\n\t\t\t\t\t\t\t<div class=\"elementor-spacer\">\n\t\t\t<div class=\"elementor-spacer-inner\"><\/div>\n\t\t<\/div>\n\t\t\t\t\t\t<\/div>\n\t\t\t\t<div class=\"elementor-element elementor-element-44a4c8c gradient-btn elementor-widget elementor-widget-mtfe-button-widget\" data-id=\"44a4c8c\" data-element_type=\"widget\" data-widget_type=\"mtfe-button-widget.default\">\n\t\t\t\t<div class=\"elementor-widget-container\">\n\t\t\t\t\t\r\n  \t\t<div class=\"mt-addons_button_holder\">\r\n    \t\t<a target=\"\" rel=\"\" href=\"\/tr\/my-account\/\" class=\"mt-addons_button mt-addons-btn-extra-large\" >Hemen Ba\u015flay\u0131n<\/a>\r\n  \t\t<\/div>\r\n  \t\t\r\n  \t\t\t\t\t<\/div>\n\t\t\t\t<\/div>\n\t\t\t\t\t<\/div>\n\t\t<\/div>\n\t\t\t\t\t<\/div>\n\t\t<\/section>\n\t\t\t\t<section class=\"elementor-section elementor-top-section elementor-element elementor-element-6442612 elementor-section-stretched elementor-section-boxed elementor-section-height-default elementor-section-height-default\" data-id=\"6442612\" data-element_type=\"section\" data-settings=\"{&quot;stretch_section&quot;:&quot;section-stretched&quot;,&quot;background_background&quot;:&quot;classic&quot;}\">\n\t\t\t\t\t\t<div class=\"elementor-container elementor-column-gap-default\">\n\t\t\t\t\t<div class=\"elementor-column elementor-col-100 elementor-top-column elementor-element elementor-element-fe276f4\" data-id=\"fe276f4\" data-element_type=\"column\">\n\t\t\t<div class=\"elementor-widget-wrap elementor-element-populated\">\n\t\t\t\t\t\t<div class=\"elementor-element elementor-element-8926101 elementor-widget elementor-widget-text-editor\" data-id=\"8926101\" data-element_type=\"widget\" data-widget_type=\"text-editor.default\">\n\t\t\t\t\t\t\t\t\t<p data-start=\"236\" data-end=\"408\">\u0130yi bir bilgi istemi sadece zaman kazand\u0131rmaz. Netli\u011fin kilidini a\u00e7ar. Y\u00f6nlendirme. Momentum.<br data-start=\"314\" data-end=\"317\">S\u00fcrt\u00fcnmeyi ortadan kald\u0131r\u0131r, fikir \u00fcretmeyi h\u0131zland\u0131r\u0131r ve belirsiz fikirleri h\u0131zl\u0131 bir \u015fekilde keskin \u00e7\u0131kt\u0131lara d\u00f6n\u00fc\u015ft\u00fcr\u00fcr.   <\/p><p data-start=\"410\" data-end=\"622\">Yarat\u0131c\u0131lar, pazarlamac\u0131lar ve giri\u015fimciler i\u00e7in geli\u015ftiriyoruz &#8211; neyin i\u015fe yarad\u0131\u011f\u0131n\u0131 tahmin etmek i\u00e7in harcayacak saatleri olmayanlar.<br data-start=\"520\" data-end=\"523\">Hassasiyete ihtiya\u00e7lar\u0131 var. Sadece i\u015fe yarayan ara\u00e7lara ihtiya\u00e7lar\u0131 var. \u0130\u015fte bizim ipu\u00e7lar\u0131m\u0131z da bu: ara\u00e7lar, laf kalabal\u0131\u011f\u0131 de\u011fil.  <\/p><p data-start=\"624\" data-end=\"906\">Her ipucu test edilir, keskinle\u015ftirilir ve tek bir ama\u00e7 g\u00f6z \u00f6n\u00fcnde bulundurularak haz\u0131rlan\u0131r: sonu\u00e7 almak.<br data-start=\"708\" data-end=\"711\">Her sat\u0131r\u0131n arkas\u0131nda ger\u00e7ek kullan\u0131c\u0131lar, pazarlamac\u0131lar, geli\u015ftiriciler ve ilk uygulay\u0131c\u0131lardan gelen bilgiler vard\u0131r.<br data-start=\"799\" data-end=\"802\">Soyut \u015fablonlarla ilgilenmiyoruz. Ger\u00e7ek eylemi ve \u00f6l\u00e7\u00fclebilir sonu\u00e7lar\u0131 neyin y\u00f6nlendirdi\u011fine odaklan\u0131yoruz. <\/p><p data-start=\"908\" data-end=\"1223\">Buras\u0131 sadece bir ma\u011faza de\u011fil, bir platform.<br data-start=\"950\" data-end=\"953\">Pazar yerimizde herkes kat\u0131labilir, bir hesap olu\u015fturabilir ve kendi ipu\u00e7lar\u0131n\u0131 k\u00fcresel bir kitleye satmaya ba\u015flayabilir.<br data-start=\"1066\" data-end=\"1069\">\u0130\u015fbirli\u011fi, yenilik ve b\u00fcy\u00fcme i\u00e7in bir alan. \u0130ster bir ipucu m\u00fchendisi ister bir i\u015fletme sahibi olun, tam olarak neyin i\u015fe yarad\u0131\u011f\u0131n\u0131 bulabilir veya satabilirsiniz. <\/p><p data-start=\"1225\" data-end=\"1330\">Biz abart\u0131 pe\u015finde de\u011filiz. Biz sonu\u00e7lar\u0131n pe\u015findeyiz.<br data-start=\"1264\" data-end=\"1267\">Bu nedenle buradaki her istem, etkilemek i\u00e7in de\u011fil, sonu\u00e7 vermek i\u00e7in olu\u015fturulmu\u015ftur. <\/p><p data-start=\"1332\" data-end=\"1517\">Do\u011fru istemle herkesin daha h\u0131zl\u0131 olu\u015fturabilece\u011fine, daha ak\u0131ll\u0131ca yazabilece\u011fine ve b\u00fcy\u00fck \u00f6l\u00e7ekte olu\u015fturabilece\u011fine inan\u0131yoruz.<br data-start=\"1431\" data-end=\"1434\">Art\u0131k bo\u015f bir ekrana bakmak yok. Art\u0131k &#8220;nereden ba\u015flayaca\u011f\u0131m?&#8221; yok. Sadece ilerleyin &#8211; \u015fimdi.  <\/p><p data-start=\"1519\" data-end=\"1660\"><strong>Bu sadece bir metin de\u011fil.<\/strong><br data-start=\"1540\" data-end=\"1543\"><strong>Bu sizin uygulamaya giden kestirme yolunuz.<\/strong><br data-start=\"1578\" data-end=\"1581\"><strong>H\u0131zl\u0131 hareket eden bir d\u00fcnyada avantaj\u0131n\u0131z.<\/strong><br data-start=\"1618\" data-end=\"1621\"><strong>Ve \u00f6nemli fikirleri g\u00f6ndermenin yolu.<\/strong><\/p>\t\t\t\t\t\t\t\t<\/div>\n\t\t\t\t\t<\/div>\n\t\t<\/div>\n\t\t\t\t\t<\/div>\n\t\t<\/section>\n\t\t<div class=\"elementor-element elementor-element-ef47eb6 e-flex e-con-boxed e-con e-parent\" data-id=\"ef47eb6\" data-element_type=\"container\">\n\t\t\t\t\t<div class=\"e-con-inner\">\n\t\t<div class=\"elementor-element elementor-element-b461344 e-con-full e-flex e-con e-child\" data-id=\"b461344\" data-element_type=\"container\">\n\t\t\t\t<div class=\"elementor-element elementor-element-5717a67 elementor-widget elementor-widget-heading\" data-id=\"5717a67\" data-element_type=\"widget\" data-widget_type=\"heading.default\">\n\t\t\t\t\t<h2 class=\"elementor-heading-title elementor-size-default\">Performans G\u00f6steren \u0130pu\u00e7lar\u0131. \u00d6l\u00e7eklendiren Fikirler. <\/h2>\t\t\t\t<\/div>\n\t\t\t\t<\/div>\n\t\t<div class=\"elementor-element elementor-element-fc93374 e-con-full e-flex e-con e-child\" data-id=\"fc93374\" data-element_type=\"container\">\n\t\t\t\t<div class=\"elementor-element elementor-element-eb0ab40 elementor-widget elementor-widget-heading\" data-id=\"eb0ab40\" data-element_type=\"widget\" data-widget_type=\"heading.default\">\n\t\t\t\t\t<h2 class=\"elementor-heading-title elementor-size-default\">An\u0131nda Netlik\n<\/h2>\t\t\t\t<\/div>\n\t\t\t\t<div class=\"elementor-element elementor-element-92a8300 elementor-widget elementor-widget-text-editor\" data-id=\"92a8300\" data-element_type=\"widget\" data-widget_type=\"text-editor.default\">\n\t\t\t\t\t\t\t\t\tHerhangi bir g\u00f6rev i\u00e7in kesin, y\u00fcksek performansl\u0131 istemler al\u0131n &#8211; deneme yan\u0131lma yok.\n\t\t\t\t\t\t\t\t<\/div>\n\t\t\t\t<\/div>\n\t\t<div class=\"elementor-element elementor-element-cb03d1b e-con-full e-flex e-con e-child\" data-id=\"cb03d1b\" data-element_type=\"container\">\n\t\t\t\t<div class=\"elementor-element elementor-element-392e8d1 elementor-widget elementor-widget-heading\" data-id=\"392e8d1\" data-element_type=\"widget\" data-widget_type=\"heading.default\">\n\t\t\t\t\t<h2 class=\"elementor-heading-title elementor-size-default\">Sonu\u00e7 Odakl\u0131<\/h2>\t\t\t\t<\/div>\n\t\t\t\t<div class=\"elementor-element elementor-element-0fb7e0b elementor-widget elementor-widget-text-editor\" data-id=\"0fb7e0b\" data-element_type=\"widget\" data-widget_type=\"text-editor.default\">\n\t\t\t\t\t\t\t\t\tHer ipucu d\u00f6n\u00fc\u015ft\u00fcrmek, bilgilendirmek veya ilham vermek i\u00e7in haz\u0131rlanm\u0131\u015ft\u0131r &#8211; sadece bo\u015fluk doldurmak i\u00e7in de\u011fil.\n\t\t\t\t\t\t\t\t<\/div>\n\t\t\t\t<\/div>\n\t\t<div class=\"elementor-element elementor-element-b10cd30 e-con-full e-flex e-con e-child\" data-id=\"b10cd30\" data-element_type=\"container\">\n\t\t\t\t<div class=\"elementor-element elementor-element-d25746b elementor-widget elementor-widget-heading\" data-id=\"d25746b\" data-element_type=\"widget\" data-widget_type=\"heading.default\">\n\t\t\t\t\t<h2 class=\"elementor-heading-title elementor-size-default\">H\u0131z i\u00e7in Tasarland\u0131<\/h2>\t\t\t\t<\/div>\n\t\t\t\t<div class=\"elementor-element elementor-element-7fa430a elementor-widget elementor-widget-text-editor\" data-id=\"7fa430a\" data-element_type=\"widget\" data-widget_type=\"text-editor.default\">\n\t\t\t\t\t\t\t\t\tYazmak, planlamak ve d\u00fc\u015f\u00fcnmek i\u00e7in saatler harcamaktan kurtulun. Uygulamaya odaklan\u0131n. \n\t\t\t\t\t\t\t\t<\/div>\n\t\t\t\t<\/div>\n\t\t\t\t\t<\/div>\n\t\t\t\t<\/div>\n\t\t\t\t<\/div>\n\t\t","protected":false},"excerpt":{"rendered":"<p>#1 AI Promps Biz sadece ipucu satm\u0131yoruz &#8211; at\u0131l\u0131m sat\u0131yoruz. Bo\u015f bir ekran\u0131n g\u00fc\u00e7l\u00fc bir yan\u0131 vard\u0131r &#8211; ve tam olarak ne yazaca\u011f\u0131n\u0131z\u0131 bilmenin daha da g\u00fc\u00e7l\u00fc bir yan\u0131. \u0130yi bir komut istemi sadece zaman kazand\u0131rmaz. Netli\u011fin kilidini a\u00e7ar. Y\u00f6n. Momentum. Hemen Ba\u015flay\u0131n \u0130yi bir bilgi istemi sadece zaman kazand\u0131rmaz. Netli\u011fin kilidini a\u00e7ar. Y\u00f6nlendirme. Momentum.S\u00fcrt\u00fcnmeyi [&hellip;]<\/p>\n","protected":false},"author":1,"featured_media":0,"parent":0,"menu_order":0,"comment_status":"closed","ping_status":"closed","template":"","meta":{"footnotes":""},"class_list":["post-22396","page","type-page","status-publish","hentry"],"_links":{"self":[{"href":"https:\/\/prompt-place.com\/tr\/wp-json\/wp\/v2\/pages\/22396","targetHints":{"allow":["GET"]}}],"collection":[{"href":"https:\/\/prompt-place.com\/tr\/wp-json\/wp\/v2\/pages"}],"about":[{"href":"https:\/\/prompt-place.com\/tr\/wp-json\/wp\/v2\/types\/page"}],"author":[{"embeddable":true,"href":"https:\/\/prompt-place.com\/tr\/wp-json\/wp\/v2\/users\/1"}],"replies":[{"embeddable":true,"href":"https:\/\/prompt-place.com\/tr\/wp-json\/wp\/v2\/comments?post=22396"}],"version-history":[{"count":6,"href":"https:\/\/prompt-place.com\/tr\/wp-json\/wp\/v2\/pages\/22396\/revisions"}],"predecessor-version":[{"id":22624,"href":"https:\/\/prompt-place.com\/tr\/wp-json\/wp\/v2\/pages\/22396\/revisions\/22624"}],"wp:attachment":[{"href":"https:\/\/prompt-place.com\/tr\/wp-json\/wp\/v2\/media?parent=22396"}],"curies":[{"name":"wp","href":"https:\/\/api.w.org\/{rel}","templated":true}]}}