{"id":22353,"date":"2025-12-09T10:26:12","date_gmt":"2025-12-09T10:26:12","guid":{"rendered":"http:\/\/prompt-place.com\/musteriler-icin\/"},"modified":"2025-12-12T14:35:44","modified_gmt":"2025-12-12T14:35:44","slug":"musteriler-icin","status":"publish","type":"page","link":"https:\/\/prompt-place.com\/tr\/musteriler-icin\/","title":{"rendered":"M\u00fc\u015fteriler i\u00e7in"},"content":{"rendered":"\n<h3 class=\"wp-block-heading\">\ud83d\uded2 Pazar Yerimizden Nas\u0131l \u0130pucu Sat\u0131n Al\u0131n\u0131r?<\/h3>\n\n\n\n<p><strong>1. Bir Hesap Olu\u015fturun<\/strong><br>Sa\u011f \u00fcstteki <strong>&#8220;Oturum A\u00e7&#8221;<\/strong> d\u00fc\u011fmesine t\u0131klay\u0131n. Hesab\u0131n\u0131z\u0131 doldurun: <\/p>\n\n\n\n<ul class=\"wp-block-list\">\n<li><strong>\u0130sim<\/strong><\/li>\n\n\n\n<li><strong>E-posta<\/strong><\/li>\n\n\n\n<li><strong>\u015eifre<\/strong><\/li>\n<\/ul>\n\n\n\n<p>Ard\u0131ndan, g\u00f6nderdi\u011fimiz onay ba\u011flant\u0131s\u0131 arac\u0131l\u0131\u011f\u0131yla <strong>e-postan\u0131z\u0131 do\u011frulay\u0131n<\/strong>.<\/p>\n\n\n\n<figure class=\"wp-block-image size-large\"><img fetchpriority=\"high\" decoding=\"async\" width=\"1024\" height=\"593\" src=\"http:\/\/prompt-place.com\/wp-content\/uploads\/2025\/12\/SCR-20251212-ompr-1024x593.png\" alt=\"\" class=\"wp-image-23506\" srcset=\"https:\/\/prompt-place.com\/wp-content\/uploads\/2025\/12\/SCR-20251212-ompr-1024x593.png 1024w, https:\/\/prompt-place.com\/wp-content\/uploads\/2025\/12\/SCR-20251212-ompr-300x174.png 300w, https:\/\/prompt-place.com\/wp-content\/uploads\/2025\/12\/SCR-20251212-ompr-768x445.png 768w, https:\/\/prompt-place.com\/wp-content\/uploads\/2025\/12\/SCR-20251212-ompr-1536x889.png 1536w, https:\/\/prompt-place.com\/wp-content\/uploads\/2025\/12\/SCR-20251212-ompr-2048x1186.png 2048w, https:\/\/prompt-place.com\/wp-content\/uploads\/2025\/12\/SCR-20251212-ompr-600x347.png 600w\" sizes=\"(max-width: 1024px) 100vw, 1024px\" \/><\/figure>\n\n\n\n<blockquote class=\"wp-block-quote is-layout-flow wp-block-quote-is-layout-flow\">\n<p>\u2705 <em>Sat\u0131n almadan \u00f6nce hesap do\u011frulamas\u0131 gereklidir.<\/em><\/p>\n<\/blockquote>\n\n\n\n<figure class=\"wp-block-image size-full\"><img decoding=\"async\" width=\"1462\" height=\"626\" src=\"http:\/\/prompt-place.com\/wp-content\/uploads\/2025\/12\/SCR-20251212-onhy.png\" alt=\"\" class=\"wp-image-23517\" srcset=\"https:\/\/prompt-place.com\/wp-content\/uploads\/2025\/12\/SCR-20251212-onhy.png 1462w, https:\/\/prompt-place.com\/wp-content\/uploads\/2025\/12\/SCR-20251212-onhy-300x128.png 300w, https:\/\/prompt-place.com\/wp-content\/uploads\/2025\/12\/SCR-20251212-onhy-1024x438.png 1024w, https:\/\/prompt-place.com\/wp-content\/uploads\/2025\/12\/SCR-20251212-onhy-768x329.png 768w, https:\/\/prompt-place.com\/wp-content\/uploads\/2025\/12\/SCR-20251212-onhy-600x257.png 600w\" sizes=\"(max-width: 1462px) 100vw, 1462px\" \/><\/figure>\n\n\n\n<figure class=\"wp-block-image size-large\"><img decoding=\"async\" width=\"1024\" height=\"592\" src=\"http:\/\/prompt-place.com\/wp-content\/uploads\/2025\/12\/SCR-20251212-onuk-1024x592.png\" alt=\"\" class=\"wp-image-23522\" srcset=\"https:\/\/prompt-place.com\/wp-content\/uploads\/2025\/12\/SCR-20251212-onuk-1024x592.png 1024w, https:\/\/prompt-place.com\/wp-content\/uploads\/2025\/12\/SCR-20251212-onuk-300x174.png 300w, https:\/\/prompt-place.com\/wp-content\/uploads\/2025\/12\/SCR-20251212-onuk-768x444.png 768w, https:\/\/prompt-place.com\/wp-content\/uploads\/2025\/12\/SCR-20251212-onuk-1536x888.png 1536w, https:\/\/prompt-place.com\/wp-content\/uploads\/2025\/12\/SCR-20251212-onuk-2048x1184.png 2048w, https:\/\/prompt-place.com\/wp-content\/uploads\/2025\/12\/SCR-20251212-onuk-600x347.png 600w\" sizes=\"(max-width: 1024px) 100vw, 1024px\" \/><\/figure>\n\n\n\n<p><strong>2. G\u00f6zat veya Ara<\/strong><br>\u0130stemleri kategoriye g\u00f6re ke\u015ffetmek i\u00e7in <strong>men\u00fcy\u00fc<\/strong> kullan\u0131n.<\/p>\n\n\n\n<figure class=\"wp-block-image size-large\"><img loading=\"lazy\" decoding=\"async\" width=\"1024\" height=\"592\" src=\"http:\/\/prompt-place.com\/wp-content\/uploads\/2025\/12\/SCR-20251212-onzj-1024x592.jpeg\" alt=\"\" class=\"wp-image-23526\" srcset=\"https:\/\/prompt-place.com\/wp-content\/uploads\/2025\/12\/SCR-20251212-onzj-1024x592.jpeg 1024w, https:\/\/prompt-place.com\/wp-content\/uploads\/2025\/12\/SCR-20251212-onzj-300x174.jpeg 300w, https:\/\/prompt-place.com\/wp-content\/uploads\/2025\/12\/SCR-20251212-onzj-768x444.jpeg 768w, https:\/\/prompt-place.com\/wp-content\/uploads\/2025\/12\/SCR-20251212-onzj-1536x888.jpeg 1536w, https:\/\/prompt-place.com\/wp-content\/uploads\/2025\/12\/SCR-20251212-onzj-2048x1184.jpeg 2048w, https:\/\/prompt-place.com\/wp-content\/uploads\/2025\/12\/SCR-20251212-onzj-600x347.jpeg 600w\" sizes=\"(max-width: 1024px) 100vw, 1024px\" \/><figcaption class=\"wp-element-caption\">Screenshot<\/figcaption><\/figure>\n\n\n\n<p><strong>3. \u00dcr\u00fcn Ayr\u0131nt\u0131lar\u0131n\u0131 G\u00f6r\u00fcnt\u00fcle<\/strong><br><strong>Ayr\u0131nt\u0131lar\u0131<\/strong> g\u00f6rmek i\u00e7in bir \u00fcr\u00fcne t\u0131klay\u0131n.<\/p>\n\n\n\n<figure class=\"wp-block-image size-large\"><img loading=\"lazy\" decoding=\"async\" width=\"1024\" height=\"592\" src=\"http:\/\/prompt-place.com\/wp-content\/uploads\/2025\/12\/SCR-20251212-ooeg-1024x592.png\" alt=\"\" class=\"wp-image-23530\" srcset=\"https:\/\/prompt-place.com\/wp-content\/uploads\/2025\/12\/SCR-20251212-ooeg-1024x592.png 1024w, https:\/\/prompt-place.com\/wp-content\/uploads\/2025\/12\/SCR-20251212-ooeg-300x174.png 300w, https:\/\/prompt-place.com\/wp-content\/uploads\/2025\/12\/SCR-20251212-ooeg-768x444.png 768w, https:\/\/prompt-place.com\/wp-content\/uploads\/2025\/12\/SCR-20251212-ooeg-1536x888.png 1536w, https:\/\/prompt-place.com\/wp-content\/uploads\/2025\/12\/SCR-20251212-ooeg-2048x1184.png 2048w, https:\/\/prompt-place.com\/wp-content\/uploads\/2025\/12\/SCR-20251212-ooeg-600x347.png 600w\" sizes=\"(max-width: 1024px) 100vw, 1024px\" \/><\/figure>\n\n\n\n<p><strong>4. Sepete Ekle<\/strong><br>\u00dcr\u00fcn sayfas\u0131nda <strong>&#8220;Sepete Ekle&#8221;<\/strong> se\u00e7ene\u011fine t\u0131klay\u0131n.<\/p>\n\n\n\n<p><strong>5. \u00d6deme \u0130\u015flemine Ge\u00e7in<\/strong><br><strong>Sepet simgesine<\/strong> ve ard\u0131ndan <strong>&#8220;\u00d6deme Yap&#8221; se\u00e7ene\u011fine<\/strong> t\u0131klay\u0131n.<br><\/p>\n\n\n\n<figure class=\"wp-block-image size-large\"><img loading=\"lazy\" decoding=\"async\" width=\"1024\" height=\"592\" src=\"http:\/\/prompt-place.com\/wp-content\/uploads\/2025\/12\/SCR-20251212-ookj-1024x592.png\" alt=\"\" class=\"wp-image-23534\" srcset=\"https:\/\/prompt-place.com\/wp-content\/uploads\/2025\/12\/SCR-20251212-ookj-1024x592.png 1024w, https:\/\/prompt-place.com\/wp-content\/uploads\/2025\/12\/SCR-20251212-ookj-300x174.png 300w, https:\/\/prompt-place.com\/wp-content\/uploads\/2025\/12\/SCR-20251212-ookj-768x444.png 768w, https:\/\/prompt-place.com\/wp-content\/uploads\/2025\/12\/SCR-20251212-ookj-1536x888.png 1536w, https:\/\/prompt-place.com\/wp-content\/uploads\/2025\/12\/SCR-20251212-ookj-2048x1184.png 2048w, https:\/\/prompt-place.com\/wp-content\/uploads\/2025\/12\/SCR-20251212-ookj-600x347.png 600w\" sizes=\"(max-width: 1024px) 100vw, 1024px\" \/><\/figure>\n\n\n\n<p><strong>6. Fatura Bilgilerini Onaylay\u0131n ve \u00d6deme Yap\u0131n<\/strong><br>Fatura bilgilerinizi doldurun ve bir \u00f6deme y\u00f6ntemi se\u00e7in:<\/p>\n\n\n\n<ul class=\"wp-block-list\">\n<li>Kredi\/Banka Kart\u0131<\/li>\n<\/ul>\n\n\n\n<figure class=\"wp-block-image size-large\"><img loading=\"lazy\" decoding=\"async\" width=\"1024\" height=\"593\" src=\"http:\/\/prompt-place.com\/wp-content\/uploads\/2025\/12\/SCR-20251212-ooxb-1024x593.png\" alt=\"\" class=\"wp-image-23539\" srcset=\"https:\/\/prompt-place.com\/wp-content\/uploads\/2025\/12\/SCR-20251212-ooxb-1024x593.png 1024w, https:\/\/prompt-place.com\/wp-content\/uploads\/2025\/12\/SCR-20251212-ooxb-300x174.png 300w, https:\/\/prompt-place.com\/wp-content\/uploads\/2025\/12\/SCR-20251212-ooxb-768x445.png 768w, https:\/\/prompt-place.com\/wp-content\/uploads\/2025\/12\/SCR-20251212-ooxb-1536x889.png 1536w, https:\/\/prompt-place.com\/wp-content\/uploads\/2025\/12\/SCR-20251212-ooxb-2048x1186.png 2048w, https:\/\/prompt-place.com\/wp-content\/uploads\/2025\/12\/SCR-20251212-ooxb-600x347.png 600w\" sizes=\"(max-width: 1024px) 100vw, 1024px\" \/><\/figure>\n\n\n\n<p><strong>&#8220;Sipari\u015f Ver&#8221; se\u00e7ene\u011fine<\/strong> t\u0131klay\u0131n <strong>.<\/strong><\/p>\n\n\n\n<p><strong>7.<\/strong> \u00d6deme yap\u0131ld\u0131ktan sonra <strong>\u0130ste\u011finizi Al\u0131n<\/strong><br>:<\/p>\n\n\n\n<ul class=\"wp-block-list\">\n<li><strong>E-posta yoluyla<\/strong> bir <strong>indirme ba\u011flant\u0131s\u0131<\/strong> alacaks\u0131n\u0131z<\/li>\n\n\n\n<li>Veya <strong>Hesab\u0131m \u2192 \u0130ndirilenler<\/strong> alt\u0131ndan eri\u015fin<\/li>\n<\/ul>\n\n\n\n<figure class=\"wp-block-image size-large\"><img loading=\"lazy\" decoding=\"async\" width=\"1024\" height=\"593\" src=\"http:\/\/prompt-place.com\/wp-content\/uploads\/2025\/12\/SCR-20251212-opji-1024x593.png\" alt=\"\" class=\"wp-image-23545\" srcset=\"https:\/\/prompt-place.com\/wp-content\/uploads\/2025\/12\/SCR-20251212-opji-1024x593.png 1024w, https:\/\/prompt-place.com\/wp-content\/uploads\/2025\/12\/SCR-20251212-opji-300x174.png 300w, https:\/\/prompt-place.com\/wp-content\/uploads\/2025\/12\/SCR-20251212-opji-768x445.png 768w, https:\/\/prompt-place.com\/wp-content\/uploads\/2025\/12\/SCR-20251212-opji-1536x889.png 1536w, https:\/\/prompt-place.com\/wp-content\/uploads\/2025\/12\/SCR-20251212-opji-2048x1186.png 2048w, https:\/\/prompt-place.com\/wp-content\/uploads\/2025\/12\/SCR-20251212-opji-600x347.png 600w\" sizes=\"(max-width: 1024px) 100vw, 1024px\" \/><\/figure>\n\n\n\n<p>\ud83d\udd12 S <em>at\u0131n alma i\u015flemi yapmak i\u00e7in giri\u015f yapm\u0131\u015f ve do\u011frulanm\u0131\u015f olman\u0131z gerekir.<\/em><br>\ud83d\udce5 <em>T\u00fcm \u00fcr\u00fcnler dijitaldir &#8211; kargo gerekmez<\/em> <em>.<\/em><\/p>\n","protected":false},"excerpt":{"rendered":"<p>\ud83d\uded2 Pazar Yerimizden Nas\u0131l \u0130pucu Sat\u0131n Al\u0131n\u0131r? 1. Bir Hesap Olu\u015fturunSa\u011f \u00fcstteki &#8220;Oturum A\u00e7&#8221; d\u00fc\u011fmesine t\u0131klay\u0131n. Hesab\u0131n\u0131z\u0131 doldurun: Ard\u0131ndan, g\u00f6nderdi\u011fimiz onay ba\u011flant\u0131s\u0131 arac\u0131l\u0131\u011f\u0131yla e-postan\u0131z\u0131 do\u011frulay\u0131n. \u2705 Sat\u0131n almadan \u00f6nce hesap do\u011frulamas\u0131 gereklidir. 2. G\u00f6zat veya Ara\u0130stemleri kategoriye g\u00f6re ke\u015ffetmek i\u00e7in men\u00fcy\u00fc kullan\u0131n. 3. \u00dcr\u00fcn Ayr\u0131nt\u0131lar\u0131n\u0131 G\u00f6r\u00fcnt\u00fcleAyr\u0131nt\u0131lar\u0131 g\u00f6rmek i\u00e7in bir \u00fcr\u00fcne t\u0131klay\u0131n. 4. Sepete Ekle\u00dcr\u00fcn sayfas\u0131nda [&hellip;]<\/p>\n","protected":false},"author":1,"featured_media":0,"parent":0,"menu_order":0,"comment_status":"closed","ping_status":"closed","template":"","meta":{"footnotes":""},"class_list":["post-22353","page","type-page","status-publish","hentry"],"_links":{"self":[{"href":"https:\/\/prompt-place.com\/tr\/wp-json\/wp\/v2\/pages\/22353","targetHints":{"allow":["GET"]}}],"collection":[{"href":"https:\/\/prompt-place.com\/tr\/wp-json\/wp\/v2\/pages"}],"about":[{"href":"https:\/\/prompt-place.com\/tr\/wp-json\/wp\/v2\/types\/page"}],"author":[{"embeddable":true,"href":"https:\/\/prompt-place.com\/tr\/wp-json\/wp\/v2\/users\/1"}],"replies":[{"embeddable":true,"href":"https:\/\/prompt-place.com\/tr\/wp-json\/wp\/v2\/comments?post=22353"}],"version-history":[{"count":2,"href":"https:\/\/prompt-place.com\/tr\/wp-json\/wp\/v2\/pages\/22353\/revisions"}],"predecessor-version":[{"id":23549,"href":"https:\/\/prompt-place.com\/tr\/wp-json\/wp\/v2\/pages\/22353\/revisions\/23549"}],"wp:attachment":[{"href":"https:\/\/prompt-place.com\/tr\/wp-json\/wp\/v2\/media?parent=22353"}],"curies":[{"name":"wp","href":"https:\/\/api.w.org\/{rel}","templated":true}]}}